{"id":8396,"date":"2025-01-03T10:13:38","date_gmt":"2025-01-03T09:13:38","guid":{"rendered":"https:\/\/alloraliving.com\/ensemble-vento-canape-2-places-avec-table-pouf\/"},"modified":"2025-02-11T08:47:38","modified_gmt":"2025-02-11T07:47:38","slug":"ensemble-vento-canape-2-places-avec-table-pouf","status":"publish","type":"product","link":"https:\/\/alloraliving.com\/fr\/ensemble-vento-canape-2-places-avec-table-pouf\/","title":{"rendered":"Ensemble Vento canap\u00e9 2 places avec table + pouf"},"content":{"rendered":"","protected":false},"excerpt":{"rendered":"<p>L&rsquo;ensemble compos\u00e9 d&rsquo;un canap\u00e9 2 places avec une table et un pouf de la collection VENTO offre une solution compl\u00e8te pour ceux qui appr\u00e9cient le confort et un design coh\u00e9rent. Le canap\u00e9, la table en bois int\u00e9gr\u00e9e et le pouf sont maintenus dans l&rsquo;esth\u00e9tique harmonieuse de la boucle Sand Cream et de la base en bois. La table offre de l&rsquo;espace pour les petits objets et le pouf offre un si\u00e8ge ou un repose-pieds suppl\u00e9mentaire.  <\/p>\n<p>Cet ensemble apporte chaleur naturelle et \u00e9l\u00e9gance moderne \u00e0 l&rsquo;int\u00e9rieur, cr\u00e9ant un espace id\u00e9al pour la d\u00e9tente et la socialisation.<\/p>\n","protected":false},"featured_media":8400,"template":"","meta":[],"product_brand":[],"product_cat":[946,947,941],"product_tag":[],"class_list":{"0":"post-8396","1":"product","2":"type-product","3":"status-publish","4":"has-post-thumbnail","6":"product_cat-canapes","7":"product_cat-canapes-modulaires","8":"product_cat-collection-vento","9":"product_shipping_class-livraison-gratuite","11":"first","12":"instock","13":"taxable","14":"shipping-taxable","15":"purchasable","16":"product-type-variable","17":"has-default-attributes","18":"wvs-archive-product-wrapper"},"yoast_head":"<!-- This site is optimized with the Yoast SEO Premium plugin v26.8 (Yoast SEO v26.8) - https:\/\/yoast.com\/product\/yoast-seo-premium-wordpress\/ -->\n<title>Ensemble Vento canap\u00e9 2 places avec table + pouf - AlloraLiving.com<\/title>\n<meta name=\"robots\" content=\"index, follow, max-snippet:-1, max-image-preview:large, max-video-preview:-1\" \/>\n<link rel=\"canonical\" href=\"https:\/\/alloraliving.com\/fr\/ensemble-vento-canape-2-places-avec-table-pouf\/\" \/>\n<meta property=\"og:locale\" content=\"fr_FR\" \/>\n<meta property=\"og:type\" content=\"article\" \/>\n<meta property=\"og:title\" content=\"Ensemble Vento canap\u00e9 2 places avec table + pouf\" \/>\n<meta property=\"og:description\" content=\"L&#039;ensemble compos\u00e9 d&#039;un canap\u00e9 2 places avec une table et un pouf de la collection VENTO offre une solution compl\u00e8te pour ceux qui appr\u00e9cient le confort et un design coh\u00e9rent. Le canap\u00e9, la table en bois int\u00e9gr\u00e9e et le pouf sont maintenus dans l&#039;esth\u00e9tique harmonieuse de la boucle Sand Cream et de la base en bois. La table offre de l&#039;espace pour les petits objets et le pouf offre un si\u00e8ge ou un repose-pieds suppl\u00e9mentaire.  Cet ensemble apporte chaleur naturelle et \u00e9l\u00e9gance moderne \u00e0 l&#039;int\u00e9rieur, cr\u00e9ant un espace id\u00e9al pour la d\u00e9tente et la socialisation.\" \/>\n<meta property=\"og:url\" content=\"https:\/\/alloraliving.com\/fr\/ensemble-vento-canape-2-places-avec-table-pouf\/\" \/>\n<meta property=\"og:site_name\" content=\"AlloraLiving.com\" \/>\n<meta property=\"article:modified_time\" content=\"2025-02-11T07:47:38+00:00\" \/>\n<meta property=\"og:image\" content=\"https:\/\/alloraliving.com\/wp-content\/uploads\/1-zestaw-sofa-2-osobowa-z-pufa-vento-sand-cream.jpg\" \/>\n\t<meta property=\"og:image:width\" content=\"1600\" \/>\n\t<meta property=\"og:image:height\" content=\"1200\" \/>\n\t<meta property=\"og:image:type\" content=\"image\/jpeg\" \/>\n<meta name=\"twitter:card\" content=\"summary_large_image\" \/>\n<meta name=\"twitter:label1\" content=\"Disponibilit\u00e9\" \/>\n\t<meta name=\"twitter:data1\" content=\"En stock\" \/>\n<script type=\"application\/ld+json\" class=\"yoast-schema-graph\">{\"@context\":\"https:\/\/schema.org\",\"@graph\":[{\"@type\":[\"WebPage\",\"ItemPage\"],\"@id\":\"https:\/\/alloraliving.com\/fr\/ensemble-vento-canape-2-places-avec-table-pouf\/\",\"url\":\"https:\/\/alloraliving.com\/fr\/ensemble-vento-canape-2-places-avec-table-pouf\/\",\"name\":\"Ensemble Vento canap\u00e9 2 places avec table + pouf - AlloraLiving.com\",\"isPartOf\":{\"@id\":\"https:\/\/alloraliving.com\/fr\/#website\"},\"primaryImageOfPage\":{\"@id\":\"https:\/\/alloraliving.com\/fr\/ensemble-vento-canape-2-places-avec-table-pouf\/#primaryimage\"},\"image\":{\"@id\":\"https:\/\/alloraliving.com\/fr\/ensemble-vento-canape-2-places-avec-table-pouf\/#primaryimage\"},\"thumbnailUrl\":\"https:\/\/alloraliving.com\/wp-content\/uploads\/1-zestaw-sofa-2-osobowa-z-pufa-vento-sand-cream.jpg\",\"datePublished\":\"2025-01-03T09:13:38+00:00\",\"dateModified\":\"2025-02-11T07:47:38+00:00\",\"breadcrumb\":{\"@id\":\"https:\/\/alloraliving.com\/fr\/ensemble-vento-canape-2-places-avec-table-pouf\/#breadcrumb\"},\"inLanguage\":\"fr-FR\",\"potentialAction\":[{\"@type\":\"ReadAction\",\"target\":[\"https:\/\/alloraliving.com\/fr\/ensemble-vento-canape-2-places-avec-table-pouf\/\"]}]},{\"@type\":\"ImageObject\",\"inLanguage\":\"fr-FR\",\"@id\":\"https:\/\/alloraliving.com\/fr\/ensemble-vento-canape-2-places-avec-table-pouf\/#primaryimage\",\"url\":\"https:\/\/alloraliving.com\/wp-content\/uploads\/1-zestaw-sofa-2-osobowa-z-pufa-vento-sand-cream.jpg\",\"contentUrl\":\"https:\/\/alloraliving.com\/wp-content\/uploads\/1-zestaw-sofa-2-osobowa-z-pufa-vento-sand-cream.jpg\",\"width\":1600,\"height\":1200},{\"@type\":\"BreadcrumbList\",\"@id\":\"https:\/\/alloraliving.com\/fr\/ensemble-vento-canape-2-places-avec-table-pouf\/#breadcrumb\",\"itemListElement\":[{\"@type\":\"ListItem\",\"position\":1,\"name\":\"Strona g\u0142\u00f3wna\",\"item\":\"https:\/\/alloraliving.com\/fr\/\"},{\"@type\":\"ListItem\",\"position\":2,\"name\":\"Boutique\",\"item\":\"https:\/\/alloraliving.com\/fr\/?page_id=6496\"},{\"@type\":\"ListItem\",\"position\":3,\"name\":\"Ensemble Vento canap\u00e9 2 places avec table + pouf\"}]},{\"@type\":\"WebSite\",\"@id\":\"https:\/\/alloraliving.com\/fr\/#website\",\"url\":\"https:\/\/alloraliving.com\/fr\/\",\"name\":\"AlloraLiving.com\",\"description\":\"\",\"potentialAction\":[{\"@type\":\"SearchAction\",\"target\":{\"@type\":\"EntryPoint\",\"urlTemplate\":\"https:\/\/alloraliving.com\/fr\/?s={search_term_string}\"},\"query-input\":{\"@type\":\"PropertyValueSpecification\",\"valueRequired\":true,\"valueName\":\"search_term_string\"}}],\"inLanguage\":\"fr-FR\"}]}<\/script>\n<meta property=\"og:availability\" content=\"instock\" \/>\n<meta property=\"product:availability\" content=\"instock\" \/>\n<meta property=\"product:condition\" content=\"new\" \/>\n<!-- \/ Yoast SEO Premium plugin. -->","yoast_head_json":{"title":"Ensemble Vento canap\u00e9 2 places avec table + pouf - AlloraLiving.com","robots":{"index":"index","follow":"follow","max-snippet":"max-snippet:-1","max-image-preview":"max-image-preview:large","max-video-preview":"max-video-preview:-1"},"canonical":"https:\/\/alloraliving.com\/fr\/ensemble-vento-canape-2-places-avec-table-pouf\/","og_locale":"fr_FR","og_type":"article","og_title":"Ensemble Vento canap\u00e9 2 places avec table + pouf","og_description":"L'ensemble compos\u00e9 d'un canap\u00e9 2 places avec une table et un pouf de la collection VENTO offre une solution compl\u00e8te pour ceux qui appr\u00e9cient le confort et un design coh\u00e9rent. Le canap\u00e9, la table en bois int\u00e9gr\u00e9e et le pouf sont maintenus dans l'esth\u00e9tique harmonieuse de la boucle Sand Cream et de la base en bois. La table offre de l'espace pour les petits objets et le pouf offre un si\u00e8ge ou un repose-pieds suppl\u00e9mentaire.  Cet ensemble apporte chaleur naturelle et \u00e9l\u00e9gance moderne \u00e0 l'int\u00e9rieur, cr\u00e9ant un espace id\u00e9al pour la d\u00e9tente et la socialisation.","og_url":"https:\/\/alloraliving.com\/fr\/ensemble-vento-canape-2-places-avec-table-pouf\/","og_site_name":"AlloraLiving.com","article_modified_time":"2025-02-11T07:47:38+00:00","og_image":[{"width":1600,"height":1200,"url":"https:\/\/alloraliving.com\/wp-content\/uploads\/1-zestaw-sofa-2-osobowa-z-pufa-vento-sand-cream.jpg","type":"image\/jpeg"}],"twitter_card":"summary_large_image","twitter_misc":{"Disponibilit\u00e9":"En stock"},"schema":{"@context":"https:\/\/schema.org","@graph":[{"@type":["WebPage","ItemPage"],"@id":"https:\/\/alloraliving.com\/fr\/ensemble-vento-canape-2-places-avec-table-pouf\/","url":"https:\/\/alloraliving.com\/fr\/ensemble-vento-canape-2-places-avec-table-pouf\/","name":"Ensemble Vento canap\u00e9 2 places avec table + pouf - AlloraLiving.com","isPartOf":{"@id":"https:\/\/alloraliving.com\/fr\/#website"},"primaryImageOfPage":{"@id":"https:\/\/alloraliving.com\/fr\/ensemble-vento-canape-2-places-avec-table-pouf\/#primaryimage"},"image":{"@id":"https:\/\/alloraliving.com\/fr\/ensemble-vento-canape-2-places-avec-table-pouf\/#primaryimage"},"thumbnailUrl":"https:\/\/alloraliving.com\/wp-content\/uploads\/1-zestaw-sofa-2-osobowa-z-pufa-vento-sand-cream.jpg","datePublished":"2025-01-03T09:13:38+00:00","dateModified":"2025-02-11T07:47:38+00:00","breadcrumb":{"@id":"https:\/\/alloraliving.com\/fr\/ensemble-vento-canape-2-places-avec-table-pouf\/#breadcrumb"},"inLanguage":"fr-FR","potentialAction":[{"@type":"ReadAction","target":["https:\/\/alloraliving.com\/fr\/ensemble-vento-canape-2-places-avec-table-pouf\/"]}]},{"@type":"ImageObject","inLanguage":"fr-FR","@id":"https:\/\/alloraliving.com\/fr\/ensemble-vento-canape-2-places-avec-table-pouf\/#primaryimage","url":"https:\/\/alloraliving.com\/wp-content\/uploads\/1-zestaw-sofa-2-osobowa-z-pufa-vento-sand-cream.jpg","contentUrl":"https:\/\/alloraliving.com\/wp-content\/uploads\/1-zestaw-sofa-2-osobowa-z-pufa-vento-sand-cream.jpg","width":1600,"height":1200},{"@type":"BreadcrumbList","@id":"https:\/\/alloraliving.com\/fr\/ensemble-vento-canape-2-places-avec-table-pouf\/#breadcrumb","itemListElement":[{"@type":"ListItem","position":1,"name":"Strona g\u0142\u00f3wna","item":"https:\/\/alloraliving.com\/fr\/"},{"@type":"ListItem","position":2,"name":"Boutique","item":"https:\/\/alloraliving.com\/fr\/?page_id=6496"},{"@type":"ListItem","position":3,"name":"Ensemble Vento canap\u00e9 2 places avec table + pouf"}]},{"@type":"WebSite","@id":"https:\/\/alloraliving.com\/fr\/#website","url":"https:\/\/alloraliving.com\/fr\/","name":"AlloraLiving.com","description":"","potentialAction":[{"@type":"SearchAction","target":{"@type":"EntryPoint","urlTemplate":"https:\/\/alloraliving.com\/fr\/?s={search_term_string}"},"query-input":{"@type":"PropertyValueSpecification","valueRequired":true,"valueName":"search_term_string"}}],"inLanguage":"fr-FR"}]},"og_availability":"instock","product_availability":"instock","product_condition":"new"},"_links":{"self":[{"href":"https:\/\/alloraliving.com\/fr\/wp-json\/wp\/v2\/product\/8396","targetHints":{"allow":["GET"]}}],"collection":[{"href":"https:\/\/alloraliving.com\/fr\/wp-json\/wp\/v2\/product"}],"about":[{"href":"https:\/\/alloraliving.com\/fr\/wp-json\/wp\/v2\/types\/product"}],"wp:featuredmedia":[{"embeddable":true,"href":"https:\/\/alloraliving.com\/fr\/wp-json\/wp\/v2\/media\/8400"}],"wp:attachment":[{"href":"https:\/\/alloraliving.com\/fr\/wp-json\/wp\/v2\/media?parent=8396"}],"wp:term":[{"taxonomy":"product_brand","embeddable":true,"href":"https:\/\/alloraliving.com\/fr\/wp-json\/wp\/v2\/product_brand?post=8396"},{"taxonomy":"product_cat","embeddable":true,"href":"https:\/\/alloraliving.com\/fr\/wp-json\/wp\/v2\/product_cat?post=8396"},{"taxonomy":"product_tag","embeddable":true,"href":"https:\/\/alloraliving.com\/fr\/wp-json\/wp\/v2\/product_tag?post=8396"}],"curies":[{"name":"wp","href":"https:\/\/api.w.org\/{rel}","templated":true}]}}