{"id":8398,"date":"2024-09-14T10:13:55","date_gmt":"2024-09-14T08:13:55","guid":{"rendered":"https:\/\/alloraliving.com\/pouf-vento\/"},"modified":"2025-02-11T08:47:38","modified_gmt":"2025-02-11T07:47:38","slug":"pouf-vento","status":"publish","type":"product","link":"https:\/\/alloraliving.com\/fr\/pouf-vento\/","title":{"rendered":"Pouf Vento"},"content":{"rendered":"","protected":false},"excerpt":{"rendered":"<p>Le pouf de la collection VENTO est une combinaison subtile de design moderne et d&rsquo;accents naturels. Le tissu boucl\u00e9 doux dans une teinte cr\u00e8me compl\u00e8te parfaitement l&rsquo;\u00e9l\u00e9gante base en bois, apportant confort et paix \u00e0 l&rsquo;int\u00e9rieur. Le pouf offre un endroit confortable pour se reposer ou un si\u00e8ge suppl\u00e9mentaire, s&rsquo;int\u00e9grant parfaitement dans une vari\u00e9t\u00e9 d&rsquo;am\u00e9nagements.  <\/p>\n<p>C&rsquo;est un \u00e9l\u00e9ment polyvalent qui peut \u00eatre librement combin\u00e9 avec d&rsquo;autres modules de la collection VENTO, cr\u00e9ant des compositions personnalis\u00e9es. Le pouf s&rsquo;int\u00e9grera parfaitement dans les int\u00e9rieurs modernes comme plus classiques, leur apportant l\u00e9g\u00e8ret\u00e9 et \u00e9l\u00e9gance. <\/p>\n","protected":false},"featured_media":8402,"template":"","meta":[],"product_brand":[],"product_cat":[941,945],"product_tag":[],"class_list":{"0":"post-8398","1":"product","2":"type-product","3":"status-publish","4":"has-post-thumbnail","6":"product_cat-collection-vento","7":"product_cat-poufs-fr","8":"product_shipping_class-livraison-gratuite","10":"first","11":"instock","12":"taxable","13":"shipping-taxable","14":"purchasable","15":"product-type-variable","16":"has-default-attributes","17":"wvs-archive-product-wrapper"},"yoast_head":"<!-- This site is optimized with the Yoast SEO Premium plugin v26.8 (Yoast SEO v26.8) - https:\/\/yoast.com\/product\/yoast-seo-premium-wordpress\/ -->\n<title>Pouf Vento - AlloraLiving.com<\/title>\n<meta name=\"robots\" content=\"index, follow, max-snippet:-1, max-image-preview:large, max-video-preview:-1\" \/>\n<link rel=\"canonical\" href=\"https:\/\/alloraliving.com\/fr\/pouf-vento\/\" \/>\n<meta property=\"og:locale\" content=\"fr_FR\" \/>\n<meta property=\"og:type\" content=\"article\" \/>\n<meta property=\"og:title\" content=\"Pouf Vento\" \/>\n<meta property=\"og:description\" content=\"Le pouf de la collection VENTO est une combinaison subtile de design moderne et d&#039;accents naturels. Le tissu boucl\u00e9 doux dans une teinte cr\u00e8me compl\u00e8te parfaitement l&#039;\u00e9l\u00e9gante base en bois, apportant confort et paix \u00e0 l&#039;int\u00e9rieur. Le pouf offre un endroit confortable pour se reposer ou un si\u00e8ge suppl\u00e9mentaire, s&#039;int\u00e9grant parfaitement dans une vari\u00e9t\u00e9 d&#039;am\u00e9nagements.  C&#039;est un \u00e9l\u00e9ment polyvalent qui peut \u00eatre librement combin\u00e9 avec d&#039;autres modules de la collection VENTO, cr\u00e9ant des compositions personnalis\u00e9es. Le pouf s&#039;int\u00e9grera parfaitement dans les int\u00e9rieurs modernes comme plus classiques, leur apportant l\u00e9g\u00e8ret\u00e9 et \u00e9l\u00e9gance.\" \/>\n<meta property=\"og:url\" content=\"https:\/\/alloraliving.com\/fr\/pouf-vento\/\" \/>\n<meta property=\"og:site_name\" content=\"AlloraLiving.com\" \/>\n<meta property=\"article:modified_time\" content=\"2025-02-11T07:47:38+00:00\" \/>\n<meta property=\"og:image\" content=\"https:\/\/alloraliving.com\/wp-content\/uploads\/1-pufa-do-salonu-vento-sand-cream.jpg\" \/>\n\t<meta property=\"og:image:width\" content=\"1600\" \/>\n\t<meta property=\"og:image:height\" content=\"1200\" \/>\n\t<meta property=\"og:image:type\" content=\"image\/jpeg\" \/>\n<meta name=\"twitter:card\" content=\"summary_large_image\" \/>\n<meta name=\"twitter:label1\" content=\"Disponibilit\u00e9\" \/>\n\t<meta name=\"twitter:data1\" content=\"En stock\" \/>\n<script type=\"application\/ld+json\" class=\"yoast-schema-graph\">{\"@context\":\"https:\/\/schema.org\",\"@graph\":[{\"@type\":[\"WebPage\",\"ItemPage\"],\"@id\":\"https:\/\/alloraliving.com\/fr\/pouf-vento\/\",\"url\":\"https:\/\/alloraliving.com\/fr\/pouf-vento\/\",\"name\":\"Pouf Vento - AlloraLiving.com\",\"isPartOf\":{\"@id\":\"https:\/\/alloraliving.com\/fr\/#website\"},\"primaryImageOfPage\":{\"@id\":\"https:\/\/alloraliving.com\/fr\/pouf-vento\/#primaryimage\"},\"image\":{\"@id\":\"https:\/\/alloraliving.com\/fr\/pouf-vento\/#primaryimage\"},\"thumbnailUrl\":\"https:\/\/alloraliving.com\/wp-content\/uploads\/1-pufa-do-salonu-vento-sand-cream.jpg\",\"datePublished\":\"2024-09-14T08:13:55+00:00\",\"dateModified\":\"2025-02-11T07:47:38+00:00\",\"breadcrumb\":{\"@id\":\"https:\/\/alloraliving.com\/fr\/pouf-vento\/#breadcrumb\"},\"inLanguage\":\"fr-FR\",\"potentialAction\":[{\"@type\":\"ReadAction\",\"target\":[\"https:\/\/alloraliving.com\/fr\/pouf-vento\/\"]}]},{\"@type\":\"ImageObject\",\"inLanguage\":\"fr-FR\",\"@id\":\"https:\/\/alloraliving.com\/fr\/pouf-vento\/#primaryimage\",\"url\":\"https:\/\/alloraliving.com\/wp-content\/uploads\/1-pufa-do-salonu-vento-sand-cream.jpg\",\"contentUrl\":\"https:\/\/alloraliving.com\/wp-content\/uploads\/1-pufa-do-salonu-vento-sand-cream.jpg\",\"width\":1600,\"height\":1200},{\"@type\":\"BreadcrumbList\",\"@id\":\"https:\/\/alloraliving.com\/fr\/pouf-vento\/#breadcrumb\",\"itemListElement\":[{\"@type\":\"ListItem\",\"position\":1,\"name\":\"Strona g\u0142\u00f3wna\",\"item\":\"https:\/\/alloraliving.com\/fr\/\"},{\"@type\":\"ListItem\",\"position\":2,\"name\":\"Boutique\",\"item\":\"https:\/\/alloraliving.com\/fr\/?page_id=6496\"},{\"@type\":\"ListItem\",\"position\":3,\"name\":\"Pouf Vento\"}]},{\"@type\":\"WebSite\",\"@id\":\"https:\/\/alloraliving.com\/fr\/#website\",\"url\":\"https:\/\/alloraliving.com\/fr\/\",\"name\":\"AlloraLiving.com\",\"description\":\"\",\"potentialAction\":[{\"@type\":\"SearchAction\",\"target\":{\"@type\":\"EntryPoint\",\"urlTemplate\":\"https:\/\/alloraliving.com\/fr\/?s={search_term_string}\"},\"query-input\":{\"@type\":\"PropertyValueSpecification\",\"valueRequired\":true,\"valueName\":\"search_term_string\"}}],\"inLanguage\":\"fr-FR\"}]}<\/script>\n<meta property=\"og:availability\" content=\"instock\" \/>\n<meta property=\"product:availability\" content=\"instock\" \/>\n<meta property=\"product:condition\" content=\"new\" \/>\n<!-- \/ Yoast SEO Premium plugin. -->","yoast_head_json":{"title":"Pouf Vento - AlloraLiving.com","robots":{"index":"index","follow":"follow","max-snippet":"max-snippet:-1","max-image-preview":"max-image-preview:large","max-video-preview":"max-video-preview:-1"},"canonical":"https:\/\/alloraliving.com\/fr\/pouf-vento\/","og_locale":"fr_FR","og_type":"article","og_title":"Pouf Vento","og_description":"Le pouf de la collection VENTO est une combinaison subtile de design moderne et d'accents naturels. Le tissu boucl\u00e9 doux dans une teinte cr\u00e8me compl\u00e8te parfaitement l'\u00e9l\u00e9gante base en bois, apportant confort et paix \u00e0 l'int\u00e9rieur. Le pouf offre un endroit confortable pour se reposer ou un si\u00e8ge suppl\u00e9mentaire, s'int\u00e9grant parfaitement dans une vari\u00e9t\u00e9 d'am\u00e9nagements.  C'est un \u00e9l\u00e9ment polyvalent qui peut \u00eatre librement combin\u00e9 avec d'autres modules de la collection VENTO, cr\u00e9ant des compositions personnalis\u00e9es. Le pouf s'int\u00e9grera parfaitement dans les int\u00e9rieurs modernes comme plus classiques, leur apportant l\u00e9g\u00e8ret\u00e9 et \u00e9l\u00e9gance.","og_url":"https:\/\/alloraliving.com\/fr\/pouf-vento\/","og_site_name":"AlloraLiving.com","article_modified_time":"2025-02-11T07:47:38+00:00","og_image":[{"width":1600,"height":1200,"url":"https:\/\/alloraliving.com\/wp-content\/uploads\/1-pufa-do-salonu-vento-sand-cream.jpg","type":"image\/jpeg"}],"twitter_card":"summary_large_image","twitter_misc":{"Disponibilit\u00e9":"En stock"},"schema":{"@context":"https:\/\/schema.org","@graph":[{"@type":["WebPage","ItemPage"],"@id":"https:\/\/alloraliving.com\/fr\/pouf-vento\/","url":"https:\/\/alloraliving.com\/fr\/pouf-vento\/","name":"Pouf Vento - AlloraLiving.com","isPartOf":{"@id":"https:\/\/alloraliving.com\/fr\/#website"},"primaryImageOfPage":{"@id":"https:\/\/alloraliving.com\/fr\/pouf-vento\/#primaryimage"},"image":{"@id":"https:\/\/alloraliving.com\/fr\/pouf-vento\/#primaryimage"},"thumbnailUrl":"https:\/\/alloraliving.com\/wp-content\/uploads\/1-pufa-do-salonu-vento-sand-cream.jpg","datePublished":"2024-09-14T08:13:55+00:00","dateModified":"2025-02-11T07:47:38+00:00","breadcrumb":{"@id":"https:\/\/alloraliving.com\/fr\/pouf-vento\/#breadcrumb"},"inLanguage":"fr-FR","potentialAction":[{"@type":"ReadAction","target":["https:\/\/alloraliving.com\/fr\/pouf-vento\/"]}]},{"@type":"ImageObject","inLanguage":"fr-FR","@id":"https:\/\/alloraliving.com\/fr\/pouf-vento\/#primaryimage","url":"https:\/\/alloraliving.com\/wp-content\/uploads\/1-pufa-do-salonu-vento-sand-cream.jpg","contentUrl":"https:\/\/alloraliving.com\/wp-content\/uploads\/1-pufa-do-salonu-vento-sand-cream.jpg","width":1600,"height":1200},{"@type":"BreadcrumbList","@id":"https:\/\/alloraliving.com\/fr\/pouf-vento\/#breadcrumb","itemListElement":[{"@type":"ListItem","position":1,"name":"Strona g\u0142\u00f3wna","item":"https:\/\/alloraliving.com\/fr\/"},{"@type":"ListItem","position":2,"name":"Boutique","item":"https:\/\/alloraliving.com\/fr\/?page_id=6496"},{"@type":"ListItem","position":3,"name":"Pouf Vento"}]},{"@type":"WebSite","@id":"https:\/\/alloraliving.com\/fr\/#website","url":"https:\/\/alloraliving.com\/fr\/","name":"AlloraLiving.com","description":"","potentialAction":[{"@type":"SearchAction","target":{"@type":"EntryPoint","urlTemplate":"https:\/\/alloraliving.com\/fr\/?s={search_term_string}"},"query-input":{"@type":"PropertyValueSpecification","valueRequired":true,"valueName":"search_term_string"}}],"inLanguage":"fr-FR"}]},"og_availability":"instock","product_availability":"instock","product_condition":"new"},"_links":{"self":[{"href":"https:\/\/alloraliving.com\/fr\/wp-json\/wp\/v2\/product\/8398","targetHints":{"allow":["GET"]}}],"collection":[{"href":"https:\/\/alloraliving.com\/fr\/wp-json\/wp\/v2\/product"}],"about":[{"href":"https:\/\/alloraliving.com\/fr\/wp-json\/wp\/v2\/types\/product"}],"wp:featuredmedia":[{"embeddable":true,"href":"https:\/\/alloraliving.com\/fr\/wp-json\/wp\/v2\/media\/8402"}],"wp:attachment":[{"href":"https:\/\/alloraliving.com\/fr\/wp-json\/wp\/v2\/media?parent=8398"}],"wp:term":[{"taxonomy":"product_brand","embeddable":true,"href":"https:\/\/alloraliving.com\/fr\/wp-json\/wp\/v2\/product_brand?post=8398"},{"taxonomy":"product_cat","embeddable":true,"href":"https:\/\/alloraliving.com\/fr\/wp-json\/wp\/v2\/product_cat?post=8398"},{"taxonomy":"product_tag","embeddable":true,"href":"https:\/\/alloraliving.com\/fr\/wp-json\/wp\/v2\/product_tag?post=8398"}],"curies":[{"name":"wp","href":"https:\/\/api.w.org\/{rel}","templated":true}]}}