{"id":8407,"date":"2025-01-03T10:09:22","date_gmt":"2025-01-03T09:09:22","guid":{"rendered":"https:\/\/alloraliving.com\/ensemble-de-2-poufs-vento\/"},"modified":"2025-02-11T08:47:39","modified_gmt":"2025-02-11T07:47:39","slug":"ensemble-de-2-poufs-vento","status":"publish","type":"product","link":"https:\/\/alloraliving.com\/fr\/ensemble-de-2-poufs-vento\/","title":{"rendered":"Ensemble de 2 poufs Vento"},"content":{"rendered":"","protected":false},"excerpt":{"rendered":"<p>Un ensemble de deux poufs de la collection VENTO est une solution universelle qui apporte harmonie et fonctionnalit\u00e9 suppl\u00e9mentaire \u00e0 l&rsquo;int\u00e9rieur. Rembourr\u00e9s de boucl\u00e9 doux dans une teinte Sand Cream et soutenus par des bases en bois, les poufs ajoutent du confort et offrent des si\u00e8ges suppl\u00e9mentaires. Ils fonctionneront parfaitement dans divers am\u00e9nagements, soulignant le caract\u00e8re naturel de l&rsquo;int\u00e9rieur.  <\/p>\n","protected":false},"featured_media":8409,"template":"","meta":[],"product_brand":[],"product_cat":[941,945],"product_tag":[],"class_list":{"0":"post-8407","1":"product","2":"type-product","3":"status-publish","4":"has-post-thumbnail","6":"product_cat-collection-vento","7":"product_cat-poufs-fr","8":"product_shipping_class-livraison-gratuite","10":"first","11":"instock","12":"taxable","13":"shipping-taxable","14":"purchasable","15":"product-type-variable","16":"has-default-attributes","17":"wvs-archive-product-wrapper"},"yoast_head":"<!-- This site is optimized with the Yoast SEO Premium plugin v26.8 (Yoast SEO v26.8) - https:\/\/yoast.com\/product\/yoast-seo-premium-wordpress\/ -->\n<title>Ensemble de 2 poufs Vento - AlloraLiving.com<\/title>\n<meta name=\"robots\" content=\"index, follow, max-snippet:-1, max-image-preview:large, max-video-preview:-1\" \/>\n<link rel=\"canonical\" href=\"https:\/\/alloraliving.com\/fr\/ensemble-de-2-poufs-vento\/\" \/>\n<meta property=\"og:locale\" content=\"fr_FR\" \/>\n<meta property=\"og:type\" content=\"article\" \/>\n<meta property=\"og:title\" content=\"Ensemble de 2 poufs Vento\" \/>\n<meta property=\"og:description\" content=\"Un ensemble de deux poufs de la collection VENTO est une solution universelle qui apporte harmonie et fonctionnalit\u00e9 suppl\u00e9mentaire \u00e0 l&#039;int\u00e9rieur. Rembourr\u00e9s de boucl\u00e9 doux dans une teinte Sand Cream et soutenus par des bases en bois, les poufs ajoutent du confort et offrent des si\u00e8ges suppl\u00e9mentaires. Ils fonctionneront parfaitement dans divers am\u00e9nagements, soulignant le caract\u00e8re naturel de l&#039;int\u00e9rieur.\" \/>\n<meta property=\"og:url\" content=\"https:\/\/alloraliving.com\/fr\/ensemble-de-2-poufs-vento\/\" \/>\n<meta property=\"og:site_name\" content=\"AlloraLiving.com\" \/>\n<meta property=\"article:modified_time\" content=\"2025-02-11T07:47:39+00:00\" \/>\n<meta property=\"og:image\" content=\"https:\/\/alloraliving.com\/wp-content\/uploads\/1-zestaw-2-pufy-vento-sand-cream.jpg\" \/>\n\t<meta property=\"og:image:width\" content=\"1600\" \/>\n\t<meta property=\"og:image:height\" content=\"1200\" \/>\n\t<meta property=\"og:image:type\" content=\"image\/jpeg\" \/>\n<meta name=\"twitter:card\" content=\"summary_large_image\" \/>\n<meta name=\"twitter:label1\" content=\"Disponibilit\u00e9\" \/>\n\t<meta name=\"twitter:data1\" content=\"En stock\" \/>\n<script type=\"application\/ld+json\" class=\"yoast-schema-graph\">{\"@context\":\"https:\/\/schema.org\",\"@graph\":[{\"@type\":[\"WebPage\",\"ItemPage\"],\"@id\":\"https:\/\/alloraliving.com\/fr\/ensemble-de-2-poufs-vento\/\",\"url\":\"https:\/\/alloraliving.com\/fr\/ensemble-de-2-poufs-vento\/\",\"name\":\"Ensemble de 2 poufs Vento - AlloraLiving.com\",\"isPartOf\":{\"@id\":\"https:\/\/alloraliving.com\/fr\/#website\"},\"primaryImageOfPage\":{\"@id\":\"https:\/\/alloraliving.com\/fr\/ensemble-de-2-poufs-vento\/#primaryimage\"},\"image\":{\"@id\":\"https:\/\/alloraliving.com\/fr\/ensemble-de-2-poufs-vento\/#primaryimage\"},\"thumbnailUrl\":\"https:\/\/alloraliving.com\/wp-content\/uploads\/1-zestaw-2-pufy-vento-sand-cream.jpg\",\"datePublished\":\"2025-01-03T09:09:22+00:00\",\"dateModified\":\"2025-02-11T07:47:39+00:00\",\"breadcrumb\":{\"@id\":\"https:\/\/alloraliving.com\/fr\/ensemble-de-2-poufs-vento\/#breadcrumb\"},\"inLanguage\":\"fr-FR\",\"potentialAction\":[{\"@type\":\"ReadAction\",\"target\":[\"https:\/\/alloraliving.com\/fr\/ensemble-de-2-poufs-vento\/\"]}]},{\"@type\":\"ImageObject\",\"inLanguage\":\"fr-FR\",\"@id\":\"https:\/\/alloraliving.com\/fr\/ensemble-de-2-poufs-vento\/#primaryimage\",\"url\":\"https:\/\/alloraliving.com\/wp-content\/uploads\/1-zestaw-2-pufy-vento-sand-cream.jpg\",\"contentUrl\":\"https:\/\/alloraliving.com\/wp-content\/uploads\/1-zestaw-2-pufy-vento-sand-cream.jpg\",\"width\":1600,\"height\":1200},{\"@type\":\"BreadcrumbList\",\"@id\":\"https:\/\/alloraliving.com\/fr\/ensemble-de-2-poufs-vento\/#breadcrumb\",\"itemListElement\":[{\"@type\":\"ListItem\",\"position\":1,\"name\":\"Strona g\u0142\u00f3wna\",\"item\":\"https:\/\/alloraliving.com\/fr\/\"},{\"@type\":\"ListItem\",\"position\":2,\"name\":\"Boutique\",\"item\":\"https:\/\/alloraliving.com\/fr\/?page_id=6496\"},{\"@type\":\"ListItem\",\"position\":3,\"name\":\"Ensemble de 2 poufs Vento\"}]},{\"@type\":\"WebSite\",\"@id\":\"https:\/\/alloraliving.com\/fr\/#website\",\"url\":\"https:\/\/alloraliving.com\/fr\/\",\"name\":\"AlloraLiving.com\",\"description\":\"\",\"potentialAction\":[{\"@type\":\"SearchAction\",\"target\":{\"@type\":\"EntryPoint\",\"urlTemplate\":\"https:\/\/alloraliving.com\/fr\/?s={search_term_string}\"},\"query-input\":{\"@type\":\"PropertyValueSpecification\",\"valueRequired\":true,\"valueName\":\"search_term_string\"}}],\"inLanguage\":\"fr-FR\"}]}<\/script>\n<meta property=\"og:availability\" content=\"instock\" \/>\n<meta property=\"product:availability\" content=\"instock\" \/>\n<meta property=\"product:condition\" content=\"new\" \/>\n<!-- \/ Yoast SEO Premium plugin. -->","yoast_head_json":{"title":"Ensemble de 2 poufs Vento - AlloraLiving.com","robots":{"index":"index","follow":"follow","max-snippet":"max-snippet:-1","max-image-preview":"max-image-preview:large","max-video-preview":"max-video-preview:-1"},"canonical":"https:\/\/alloraliving.com\/fr\/ensemble-de-2-poufs-vento\/","og_locale":"fr_FR","og_type":"article","og_title":"Ensemble de 2 poufs Vento","og_description":"Un ensemble de deux poufs de la collection VENTO est une solution universelle qui apporte harmonie et fonctionnalit\u00e9 suppl\u00e9mentaire \u00e0 l'int\u00e9rieur. Rembourr\u00e9s de boucl\u00e9 doux dans une teinte Sand Cream et soutenus par des bases en bois, les poufs ajoutent du confort et offrent des si\u00e8ges suppl\u00e9mentaires. Ils fonctionneront parfaitement dans divers am\u00e9nagements, soulignant le caract\u00e8re naturel de l'int\u00e9rieur.","og_url":"https:\/\/alloraliving.com\/fr\/ensemble-de-2-poufs-vento\/","og_site_name":"AlloraLiving.com","article_modified_time":"2025-02-11T07:47:39+00:00","og_image":[{"width":1600,"height":1200,"url":"https:\/\/alloraliving.com\/wp-content\/uploads\/1-zestaw-2-pufy-vento-sand-cream.jpg","type":"image\/jpeg"}],"twitter_card":"summary_large_image","twitter_misc":{"Disponibilit\u00e9":"En stock"},"schema":{"@context":"https:\/\/schema.org","@graph":[{"@type":["WebPage","ItemPage"],"@id":"https:\/\/alloraliving.com\/fr\/ensemble-de-2-poufs-vento\/","url":"https:\/\/alloraliving.com\/fr\/ensemble-de-2-poufs-vento\/","name":"Ensemble de 2 poufs Vento - AlloraLiving.com","isPartOf":{"@id":"https:\/\/alloraliving.com\/fr\/#website"},"primaryImageOfPage":{"@id":"https:\/\/alloraliving.com\/fr\/ensemble-de-2-poufs-vento\/#primaryimage"},"image":{"@id":"https:\/\/alloraliving.com\/fr\/ensemble-de-2-poufs-vento\/#primaryimage"},"thumbnailUrl":"https:\/\/alloraliving.com\/wp-content\/uploads\/1-zestaw-2-pufy-vento-sand-cream.jpg","datePublished":"2025-01-03T09:09:22+00:00","dateModified":"2025-02-11T07:47:39+00:00","breadcrumb":{"@id":"https:\/\/alloraliving.com\/fr\/ensemble-de-2-poufs-vento\/#breadcrumb"},"inLanguage":"fr-FR","potentialAction":[{"@type":"ReadAction","target":["https:\/\/alloraliving.com\/fr\/ensemble-de-2-poufs-vento\/"]}]},{"@type":"ImageObject","inLanguage":"fr-FR","@id":"https:\/\/alloraliving.com\/fr\/ensemble-de-2-poufs-vento\/#primaryimage","url":"https:\/\/alloraliving.com\/wp-content\/uploads\/1-zestaw-2-pufy-vento-sand-cream.jpg","contentUrl":"https:\/\/alloraliving.com\/wp-content\/uploads\/1-zestaw-2-pufy-vento-sand-cream.jpg","width":1600,"height":1200},{"@type":"BreadcrumbList","@id":"https:\/\/alloraliving.com\/fr\/ensemble-de-2-poufs-vento\/#breadcrumb","itemListElement":[{"@type":"ListItem","position":1,"name":"Strona g\u0142\u00f3wna","item":"https:\/\/alloraliving.com\/fr\/"},{"@type":"ListItem","position":2,"name":"Boutique","item":"https:\/\/alloraliving.com\/fr\/?page_id=6496"},{"@type":"ListItem","position":3,"name":"Ensemble de 2 poufs Vento"}]},{"@type":"WebSite","@id":"https:\/\/alloraliving.com\/fr\/#website","url":"https:\/\/alloraliving.com\/fr\/","name":"AlloraLiving.com","description":"","potentialAction":[{"@type":"SearchAction","target":{"@type":"EntryPoint","urlTemplate":"https:\/\/alloraliving.com\/fr\/?s={search_term_string}"},"query-input":{"@type":"PropertyValueSpecification","valueRequired":true,"valueName":"search_term_string"}}],"inLanguage":"fr-FR"}]},"og_availability":"instock","product_availability":"instock","product_condition":"new"},"_links":{"self":[{"href":"https:\/\/alloraliving.com\/fr\/wp-json\/wp\/v2\/product\/8407","targetHints":{"allow":["GET"]}}],"collection":[{"href":"https:\/\/alloraliving.com\/fr\/wp-json\/wp\/v2\/product"}],"about":[{"href":"https:\/\/alloraliving.com\/fr\/wp-json\/wp\/v2\/types\/product"}],"wp:featuredmedia":[{"embeddable":true,"href":"https:\/\/alloraliving.com\/fr\/wp-json\/wp\/v2\/media\/8409"}],"wp:attachment":[{"href":"https:\/\/alloraliving.com\/fr\/wp-json\/wp\/v2\/media?parent=8407"}],"wp:term":[{"taxonomy":"product_brand","embeddable":true,"href":"https:\/\/alloraliving.com\/fr\/wp-json\/wp\/v2\/product_brand?post=8407"},{"taxonomy":"product_cat","embeddable":true,"href":"https:\/\/alloraliving.com\/fr\/wp-json\/wp\/v2\/product_cat?post=8407"},{"taxonomy":"product_tag","embeddable":true,"href":"https:\/\/alloraliving.com\/fr\/wp-json\/wp\/v2\/product_tag?post=8407"}],"curies":[{"name":"wp","href":"https:\/\/api.w.org\/{rel}","templated":true}]}}