{"id":8415,"date":"2025-01-03T10:05:19","date_gmt":"2025-01-03T09:05:19","guid":{"rendered":"https:\/\/alloraliving.com\/ensemble-vento-fauteuil-pouf\/"},"modified":"2025-02-11T08:47:40","modified_gmt":"2025-02-11T07:47:40","slug":"ensemble-vento-fauteuil-pouf","status":"publish","type":"product","link":"https:\/\/alloraliving.com\/fr\/ensemble-vento-fauteuil-pouf\/","title":{"rendered":"Ensemble Vento Fauteuil + Pouf"},"content":{"rendered":"","protected":false},"excerpt":{"rendered":"<p>L&rsquo;ensemble fauteuil et pouf de la collection VENTO est une combinaison de fonctionnalit\u00e9 et de confort. Le fauteuil offre un endroit confortable pour se reposer, et le pouf, dans la m\u00eame esth\u00e9tique, peut servir de repose-pieds ou de si\u00e8ge d&rsquo;appoint. La base en bois et le tissu boucl\u00e9 dans une teinte cr\u00e9meuse Sand Cream cr\u00e9ent une composition harmonieuse, introduisant une \u00e9l\u00e9gance subtile \u00e0 l&rsquo;int\u00e9rieur.  <\/p>\n","protected":false},"featured_media":8417,"template":"","meta":[],"product_brand":[],"product_cat":[941,930],"product_tag":[],"class_list":{"0":"post-8415","1":"product","2":"type-product","3":"status-publish","4":"has-post-thumbnail","6":"product_cat-collection-vento","7":"product_cat-sieges","8":"product_shipping_class-livraison-gratuite","10":"first","11":"instock","12":"taxable","13":"shipping-taxable","14":"purchasable","15":"product-type-variable","16":"has-default-attributes","17":"wvs-archive-product-wrapper"},"yoast_head":"<!-- This site is optimized with the Yoast SEO Premium plugin v26.8 (Yoast SEO v26.8) - https:\/\/yoast.com\/product\/yoast-seo-premium-wordpress\/ -->\n<title>Ensemble Vento Fauteuil + Pouf - AlloraLiving.com<\/title>\n<meta name=\"robots\" content=\"index, follow, max-snippet:-1, max-image-preview:large, max-video-preview:-1\" \/>\n<link rel=\"canonical\" href=\"https:\/\/alloraliving.com\/fr\/ensemble-vento-fauteuil-pouf\/\" \/>\n<meta property=\"og:locale\" content=\"fr_FR\" \/>\n<meta property=\"og:type\" content=\"article\" \/>\n<meta property=\"og:title\" content=\"Ensemble Vento Fauteuil + Pouf\" \/>\n<meta property=\"og:description\" content=\"L&#039;ensemble fauteuil et pouf de la collection VENTO est une combinaison de fonctionnalit\u00e9 et de confort. Le fauteuil offre un endroit confortable pour se reposer, et le pouf, dans la m\u00eame esth\u00e9tique, peut servir de repose-pieds ou de si\u00e8ge d&#039;appoint. La base en bois et le tissu boucl\u00e9 dans une teinte cr\u00e9meuse Sand Cream cr\u00e9ent une composition harmonieuse, introduisant une \u00e9l\u00e9gance subtile \u00e0 l&#039;int\u00e9rieur.\" \/>\n<meta property=\"og:url\" content=\"https:\/\/alloraliving.com\/fr\/ensemble-vento-fauteuil-pouf\/\" \/>\n<meta property=\"og:site_name\" content=\"AlloraLiving.com\" \/>\n<meta property=\"article:modified_time\" content=\"2025-02-11T07:47:40+00:00\" \/>\n<meta property=\"og:image\" content=\"https:\/\/alloraliving.com\/wp-content\/uploads\/1-zestaw-fotel-z-pufa-vento-sand-cream.jpg\" \/>\n\t<meta property=\"og:image:width\" content=\"1600\" \/>\n\t<meta property=\"og:image:height\" content=\"1200\" \/>\n\t<meta property=\"og:image:type\" content=\"image\/jpeg\" \/>\n<meta name=\"twitter:card\" content=\"summary_large_image\" \/>\n<meta name=\"twitter:label1\" content=\"Disponibilit\u00e9\" \/>\n\t<meta name=\"twitter:data1\" content=\"En stock\" \/>\n<script type=\"application\/ld+json\" class=\"yoast-schema-graph\">{\"@context\":\"https:\/\/schema.org\",\"@graph\":[{\"@type\":[\"WebPage\",\"ItemPage\"],\"@id\":\"https:\/\/alloraliving.com\/fr\/ensemble-vento-fauteuil-pouf\/\",\"url\":\"https:\/\/alloraliving.com\/fr\/ensemble-vento-fauteuil-pouf\/\",\"name\":\"Ensemble Vento Fauteuil + Pouf - AlloraLiving.com\",\"isPartOf\":{\"@id\":\"https:\/\/alloraliving.com\/fr\/#website\"},\"primaryImageOfPage\":{\"@id\":\"https:\/\/alloraliving.com\/fr\/ensemble-vento-fauteuil-pouf\/#primaryimage\"},\"image\":{\"@id\":\"https:\/\/alloraliving.com\/fr\/ensemble-vento-fauteuil-pouf\/#primaryimage\"},\"thumbnailUrl\":\"https:\/\/alloraliving.com\/wp-content\/uploads\/1-zestaw-fotel-z-pufa-vento-sand-cream.jpg\",\"datePublished\":\"2025-01-03T09:05:19+00:00\",\"dateModified\":\"2025-02-11T07:47:40+00:00\",\"breadcrumb\":{\"@id\":\"https:\/\/alloraliving.com\/fr\/ensemble-vento-fauteuil-pouf\/#breadcrumb\"},\"inLanguage\":\"fr-FR\",\"potentialAction\":[{\"@type\":\"ReadAction\",\"target\":[\"https:\/\/alloraliving.com\/fr\/ensemble-vento-fauteuil-pouf\/\"]}]},{\"@type\":\"ImageObject\",\"inLanguage\":\"fr-FR\",\"@id\":\"https:\/\/alloraliving.com\/fr\/ensemble-vento-fauteuil-pouf\/#primaryimage\",\"url\":\"https:\/\/alloraliving.com\/wp-content\/uploads\/1-zestaw-fotel-z-pufa-vento-sand-cream.jpg\",\"contentUrl\":\"https:\/\/alloraliving.com\/wp-content\/uploads\/1-zestaw-fotel-z-pufa-vento-sand-cream.jpg\",\"width\":1600,\"height\":1200},{\"@type\":\"BreadcrumbList\",\"@id\":\"https:\/\/alloraliving.com\/fr\/ensemble-vento-fauteuil-pouf\/#breadcrumb\",\"itemListElement\":[{\"@type\":\"ListItem\",\"position\":1,\"name\":\"Strona g\u0142\u00f3wna\",\"item\":\"https:\/\/alloraliving.com\/fr\/\"},{\"@type\":\"ListItem\",\"position\":2,\"name\":\"Boutique\",\"item\":\"https:\/\/alloraliving.com\/fr\/?page_id=6496\"},{\"@type\":\"ListItem\",\"position\":3,\"name\":\"Ensemble Vento Fauteuil + Pouf\"}]},{\"@type\":\"WebSite\",\"@id\":\"https:\/\/alloraliving.com\/fr\/#website\",\"url\":\"https:\/\/alloraliving.com\/fr\/\",\"name\":\"AlloraLiving.com\",\"description\":\"\",\"potentialAction\":[{\"@type\":\"SearchAction\",\"target\":{\"@type\":\"EntryPoint\",\"urlTemplate\":\"https:\/\/alloraliving.com\/fr\/?s={search_term_string}\"},\"query-input\":{\"@type\":\"PropertyValueSpecification\",\"valueRequired\":true,\"valueName\":\"search_term_string\"}}],\"inLanguage\":\"fr-FR\"}]}<\/script>\n<meta property=\"og:availability\" content=\"instock\" \/>\n<meta property=\"product:availability\" content=\"instock\" \/>\n<meta property=\"product:condition\" content=\"new\" \/>\n<!-- \/ Yoast SEO Premium plugin. -->","yoast_head_json":{"title":"Ensemble Vento Fauteuil + Pouf - AlloraLiving.com","robots":{"index":"index","follow":"follow","max-snippet":"max-snippet:-1","max-image-preview":"max-image-preview:large","max-video-preview":"max-video-preview:-1"},"canonical":"https:\/\/alloraliving.com\/fr\/ensemble-vento-fauteuil-pouf\/","og_locale":"fr_FR","og_type":"article","og_title":"Ensemble Vento Fauteuil + Pouf","og_description":"L'ensemble fauteuil et pouf de la collection VENTO est une combinaison de fonctionnalit\u00e9 et de confort. Le fauteuil offre un endroit confortable pour se reposer, et le pouf, dans la m\u00eame esth\u00e9tique, peut servir de repose-pieds ou de si\u00e8ge d'appoint. La base en bois et le tissu boucl\u00e9 dans une teinte cr\u00e9meuse Sand Cream cr\u00e9ent une composition harmonieuse, introduisant une \u00e9l\u00e9gance subtile \u00e0 l'int\u00e9rieur.","og_url":"https:\/\/alloraliving.com\/fr\/ensemble-vento-fauteuil-pouf\/","og_site_name":"AlloraLiving.com","article_modified_time":"2025-02-11T07:47:40+00:00","og_image":[{"width":1600,"height":1200,"url":"https:\/\/alloraliving.com\/wp-content\/uploads\/1-zestaw-fotel-z-pufa-vento-sand-cream.jpg","type":"image\/jpeg"}],"twitter_card":"summary_large_image","twitter_misc":{"Disponibilit\u00e9":"En stock"},"schema":{"@context":"https:\/\/schema.org","@graph":[{"@type":["WebPage","ItemPage"],"@id":"https:\/\/alloraliving.com\/fr\/ensemble-vento-fauteuil-pouf\/","url":"https:\/\/alloraliving.com\/fr\/ensemble-vento-fauteuil-pouf\/","name":"Ensemble Vento Fauteuil + Pouf - AlloraLiving.com","isPartOf":{"@id":"https:\/\/alloraliving.com\/fr\/#website"},"primaryImageOfPage":{"@id":"https:\/\/alloraliving.com\/fr\/ensemble-vento-fauteuil-pouf\/#primaryimage"},"image":{"@id":"https:\/\/alloraliving.com\/fr\/ensemble-vento-fauteuil-pouf\/#primaryimage"},"thumbnailUrl":"https:\/\/alloraliving.com\/wp-content\/uploads\/1-zestaw-fotel-z-pufa-vento-sand-cream.jpg","datePublished":"2025-01-03T09:05:19+00:00","dateModified":"2025-02-11T07:47:40+00:00","breadcrumb":{"@id":"https:\/\/alloraliving.com\/fr\/ensemble-vento-fauteuil-pouf\/#breadcrumb"},"inLanguage":"fr-FR","potentialAction":[{"@type":"ReadAction","target":["https:\/\/alloraliving.com\/fr\/ensemble-vento-fauteuil-pouf\/"]}]},{"@type":"ImageObject","inLanguage":"fr-FR","@id":"https:\/\/alloraliving.com\/fr\/ensemble-vento-fauteuil-pouf\/#primaryimage","url":"https:\/\/alloraliving.com\/wp-content\/uploads\/1-zestaw-fotel-z-pufa-vento-sand-cream.jpg","contentUrl":"https:\/\/alloraliving.com\/wp-content\/uploads\/1-zestaw-fotel-z-pufa-vento-sand-cream.jpg","width":1600,"height":1200},{"@type":"BreadcrumbList","@id":"https:\/\/alloraliving.com\/fr\/ensemble-vento-fauteuil-pouf\/#breadcrumb","itemListElement":[{"@type":"ListItem","position":1,"name":"Strona g\u0142\u00f3wna","item":"https:\/\/alloraliving.com\/fr\/"},{"@type":"ListItem","position":2,"name":"Boutique","item":"https:\/\/alloraliving.com\/fr\/?page_id=6496"},{"@type":"ListItem","position":3,"name":"Ensemble Vento Fauteuil + Pouf"}]},{"@type":"WebSite","@id":"https:\/\/alloraliving.com\/fr\/#website","url":"https:\/\/alloraliving.com\/fr\/","name":"AlloraLiving.com","description":"","potentialAction":[{"@type":"SearchAction","target":{"@type":"EntryPoint","urlTemplate":"https:\/\/alloraliving.com\/fr\/?s={search_term_string}"},"query-input":{"@type":"PropertyValueSpecification","valueRequired":true,"valueName":"search_term_string"}}],"inLanguage":"fr-FR"}]},"og_availability":"instock","product_availability":"instock","product_condition":"new"},"_links":{"self":[{"href":"https:\/\/alloraliving.com\/fr\/wp-json\/wp\/v2\/product\/8415","targetHints":{"allow":["GET"]}}],"collection":[{"href":"https:\/\/alloraliving.com\/fr\/wp-json\/wp\/v2\/product"}],"about":[{"href":"https:\/\/alloraliving.com\/fr\/wp-json\/wp\/v2\/types\/product"}],"wp:featuredmedia":[{"embeddable":true,"href":"https:\/\/alloraliving.com\/fr\/wp-json\/wp\/v2\/media\/8417"}],"wp:attachment":[{"href":"https:\/\/alloraliving.com\/fr\/wp-json\/wp\/v2\/media?parent=8415"}],"wp:term":[{"taxonomy":"product_brand","embeddable":true,"href":"https:\/\/alloraliving.com\/fr\/wp-json\/wp\/v2\/product_brand?post=8415"},{"taxonomy":"product_cat","embeddable":true,"href":"https:\/\/alloraliving.com\/fr\/wp-json\/wp\/v2\/product_cat?post=8415"},{"taxonomy":"product_tag","embeddable":true,"href":"https:\/\/alloraliving.com\/fr\/wp-json\/wp\/v2\/product_tag?post=8415"}],"curies":[{"name":"wp","href":"https:\/\/api.w.org\/{rel}","templated":true}]}}