{"id":8416,"date":"2024-09-14T10:42:57","date_gmt":"2024-09-14T08:42:57","guid":{"rendered":"https:\/\/alloraliving.com\/element-vento-droit\/"},"modified":"2025-02-11T08:47:41","modified_gmt":"2025-02-11T07:47:41","slug":"element-vento-droit","status":"publish","type":"product","link":"https:\/\/alloraliving.com\/fr\/element-vento-droit\/","title":{"rendered":"\u00c9l\u00e9ment Vento droit"},"content":{"rendered":"","protected":false},"excerpt":{"rendered":"<p>L&rsquo;\u00e9l\u00e9ment droit de la collection VENTO est un module qui se distingue par sa simplicit\u00e9 et sa fonctionnalit\u00e9, combinant parfaitement la douceur de la boucle avec un socle en bois massif. Son assise large assure le confort, et la finition \u00e9l\u00e9gante conf\u00e8re \u00e0 l&rsquo;int\u00e9rieur un caract\u00e8re \u00e0 la fois moderne et chaleureux. <\/p>\n<p>Id\u00e9al pour cr\u00e9er des am\u00e9nagements personnalis\u00e9s, l&rsquo;\u00e9l\u00e9ment droit peut \u00eatre combin\u00e9 avec d&rsquo;autres modules de la collection VENTO pour adapter l&rsquo;espace \u00e0 vos besoins individuels. La finition harmonieuse et la combinaison naturelle du beige et du bois introduisent une subtile touche de luxe \u00e0 l&rsquo;int\u00e9rieur. <\/p>\n","protected":false},"featured_media":8419,"template":"","meta":[],"product_brand":[],"product_cat":[946,947,941],"product_tag":[],"class_list":{"0":"post-8416","1":"product","2":"type-product","3":"status-publish","4":"has-post-thumbnail","6":"product_cat-canapes","7":"product_cat-canapes-modulaires","8":"product_cat-collection-vento","9":"product_shipping_class-livraison-gratuite","11":"first","12":"instock","13":"taxable","14":"shipping-taxable","15":"purchasable","16":"product-type-variable","17":"has-default-attributes","18":"wvs-archive-product-wrapper"},"yoast_head":"<!-- This site is optimized with the Yoast SEO Premium plugin v26.8 (Yoast SEO v26.8) - https:\/\/yoast.com\/product\/yoast-seo-premium-wordpress\/ -->\n<title>\u00c9l\u00e9ment Vento droit - AlloraLiving.com<\/title>\n<meta name=\"robots\" content=\"index, follow, max-snippet:-1, max-image-preview:large, max-video-preview:-1\" \/>\n<link rel=\"canonical\" href=\"https:\/\/alloraliving.com\/fr\/element-vento-droit\/\" \/>\n<meta property=\"og:locale\" content=\"fr_FR\" \/>\n<meta property=\"og:type\" content=\"article\" \/>\n<meta property=\"og:title\" content=\"\u00c9l\u00e9ment Vento droit\" \/>\n<meta property=\"og:description\" content=\"L&#039;\u00e9l\u00e9ment droit de la collection VENTO est un module qui se distingue par sa simplicit\u00e9 et sa fonctionnalit\u00e9, combinant parfaitement la douceur de la boucle avec un socle en bois massif. Son assise large assure le confort, et la finition \u00e9l\u00e9gante conf\u00e8re \u00e0 l&#039;int\u00e9rieur un caract\u00e8re \u00e0 la fois moderne et chaleureux.  Id\u00e9al pour cr\u00e9er des am\u00e9nagements personnalis\u00e9s, l&#039;\u00e9l\u00e9ment droit peut \u00eatre combin\u00e9 avec d&#039;autres modules de la collection VENTO pour adapter l&#039;espace \u00e0 vos besoins individuels. La finition harmonieuse et la combinaison naturelle du beige et du bois introduisent une subtile touche de luxe \u00e0 l&#039;int\u00e9rieur.\" \/>\n<meta property=\"og:url\" content=\"https:\/\/alloraliving.com\/fr\/element-vento-droit\/\" \/>\n<meta property=\"og:site_name\" content=\"AlloraLiving.com\" \/>\n<meta property=\"article:modified_time\" content=\"2025-02-11T07:47:41+00:00\" \/>\n<meta property=\"og:image\" content=\"https:\/\/alloraliving.com\/wp-content\/uploads\/1-element-sofy-modulowej-prosty-vento-sand-cream.jpg\" \/>\n\t<meta property=\"og:image:width\" content=\"1600\" \/>\n\t<meta property=\"og:image:height\" content=\"1200\" \/>\n\t<meta property=\"og:image:type\" content=\"image\/jpeg\" \/>\n<meta name=\"twitter:card\" content=\"summary_large_image\" \/>\n<meta name=\"twitter:label1\" content=\"Disponibilit\u00e9\" \/>\n\t<meta name=\"twitter:data1\" content=\"En stock\" \/>\n<script type=\"application\/ld+json\" class=\"yoast-schema-graph\">{\"@context\":\"https:\/\/schema.org\",\"@graph\":[{\"@type\":[\"WebPage\",\"ItemPage\"],\"@id\":\"https:\/\/alloraliving.com\/fr\/element-vento-droit\/\",\"url\":\"https:\/\/alloraliving.com\/fr\/element-vento-droit\/\",\"name\":\"\u00c9l\u00e9ment Vento droit - AlloraLiving.com\",\"isPartOf\":{\"@id\":\"https:\/\/alloraliving.com\/fr\/#website\"},\"primaryImageOfPage\":{\"@id\":\"https:\/\/alloraliving.com\/fr\/element-vento-droit\/#primaryimage\"},\"image\":{\"@id\":\"https:\/\/alloraliving.com\/fr\/element-vento-droit\/#primaryimage\"},\"thumbnailUrl\":\"https:\/\/alloraliving.com\/wp-content\/uploads\/1-element-sofy-modulowej-prosty-vento-sand-cream.jpg\",\"datePublished\":\"2024-09-14T08:42:57+00:00\",\"dateModified\":\"2025-02-11T07:47:41+00:00\",\"breadcrumb\":{\"@id\":\"https:\/\/alloraliving.com\/fr\/element-vento-droit\/#breadcrumb\"},\"inLanguage\":\"fr-FR\",\"potentialAction\":[{\"@type\":\"ReadAction\",\"target\":[\"https:\/\/alloraliving.com\/fr\/element-vento-droit\/\"]}]},{\"@type\":\"ImageObject\",\"inLanguage\":\"fr-FR\",\"@id\":\"https:\/\/alloraliving.com\/fr\/element-vento-droit\/#primaryimage\",\"url\":\"https:\/\/alloraliving.com\/wp-content\/uploads\/1-element-sofy-modulowej-prosty-vento-sand-cream.jpg\",\"contentUrl\":\"https:\/\/alloraliving.com\/wp-content\/uploads\/1-element-sofy-modulowej-prosty-vento-sand-cream.jpg\",\"width\":1600,\"height\":1200},{\"@type\":\"BreadcrumbList\",\"@id\":\"https:\/\/alloraliving.com\/fr\/element-vento-droit\/#breadcrumb\",\"itemListElement\":[{\"@type\":\"ListItem\",\"position\":1,\"name\":\"Strona g\u0142\u00f3wna\",\"item\":\"https:\/\/alloraliving.com\/fr\/\"},{\"@type\":\"ListItem\",\"position\":2,\"name\":\"Boutique\",\"item\":\"https:\/\/alloraliving.com\/fr\/?page_id=6496\"},{\"@type\":\"ListItem\",\"position\":3,\"name\":\"\u00c9l\u00e9ment Vento droit\"}]},{\"@type\":\"WebSite\",\"@id\":\"https:\/\/alloraliving.com\/fr\/#website\",\"url\":\"https:\/\/alloraliving.com\/fr\/\",\"name\":\"AlloraLiving.com\",\"description\":\"\",\"potentialAction\":[{\"@type\":\"SearchAction\",\"target\":{\"@type\":\"EntryPoint\",\"urlTemplate\":\"https:\/\/alloraliving.com\/fr\/?s={search_term_string}\"},\"query-input\":{\"@type\":\"PropertyValueSpecification\",\"valueRequired\":true,\"valueName\":\"search_term_string\"}}],\"inLanguage\":\"fr-FR\"}]}<\/script>\n<meta property=\"og:availability\" content=\"instock\" \/>\n<meta property=\"product:availability\" content=\"instock\" \/>\n<meta property=\"product:condition\" content=\"new\" \/>\n<!-- \/ Yoast SEO Premium plugin. -->","yoast_head_json":{"title":"\u00c9l\u00e9ment Vento droit - AlloraLiving.com","robots":{"index":"index","follow":"follow","max-snippet":"max-snippet:-1","max-image-preview":"max-image-preview:large","max-video-preview":"max-video-preview:-1"},"canonical":"https:\/\/alloraliving.com\/fr\/element-vento-droit\/","og_locale":"fr_FR","og_type":"article","og_title":"\u00c9l\u00e9ment Vento droit","og_description":"L'\u00e9l\u00e9ment droit de la collection VENTO est un module qui se distingue par sa simplicit\u00e9 et sa fonctionnalit\u00e9, combinant parfaitement la douceur de la boucle avec un socle en bois massif. Son assise large assure le confort, et la finition \u00e9l\u00e9gante conf\u00e8re \u00e0 l'int\u00e9rieur un caract\u00e8re \u00e0 la fois moderne et chaleureux.  Id\u00e9al pour cr\u00e9er des am\u00e9nagements personnalis\u00e9s, l'\u00e9l\u00e9ment droit peut \u00eatre combin\u00e9 avec d'autres modules de la collection VENTO pour adapter l'espace \u00e0 vos besoins individuels. La finition harmonieuse et la combinaison naturelle du beige et du bois introduisent une subtile touche de luxe \u00e0 l'int\u00e9rieur.","og_url":"https:\/\/alloraliving.com\/fr\/element-vento-droit\/","og_site_name":"AlloraLiving.com","article_modified_time":"2025-02-11T07:47:41+00:00","og_image":[{"width":1600,"height":1200,"url":"https:\/\/alloraliving.com\/wp-content\/uploads\/1-element-sofy-modulowej-prosty-vento-sand-cream.jpg","type":"image\/jpeg"}],"twitter_card":"summary_large_image","twitter_misc":{"Disponibilit\u00e9":"En stock"},"schema":{"@context":"https:\/\/schema.org","@graph":[{"@type":["WebPage","ItemPage"],"@id":"https:\/\/alloraliving.com\/fr\/element-vento-droit\/","url":"https:\/\/alloraliving.com\/fr\/element-vento-droit\/","name":"\u00c9l\u00e9ment Vento droit - AlloraLiving.com","isPartOf":{"@id":"https:\/\/alloraliving.com\/fr\/#website"},"primaryImageOfPage":{"@id":"https:\/\/alloraliving.com\/fr\/element-vento-droit\/#primaryimage"},"image":{"@id":"https:\/\/alloraliving.com\/fr\/element-vento-droit\/#primaryimage"},"thumbnailUrl":"https:\/\/alloraliving.com\/wp-content\/uploads\/1-element-sofy-modulowej-prosty-vento-sand-cream.jpg","datePublished":"2024-09-14T08:42:57+00:00","dateModified":"2025-02-11T07:47:41+00:00","breadcrumb":{"@id":"https:\/\/alloraliving.com\/fr\/element-vento-droit\/#breadcrumb"},"inLanguage":"fr-FR","potentialAction":[{"@type":"ReadAction","target":["https:\/\/alloraliving.com\/fr\/element-vento-droit\/"]}]},{"@type":"ImageObject","inLanguage":"fr-FR","@id":"https:\/\/alloraliving.com\/fr\/element-vento-droit\/#primaryimage","url":"https:\/\/alloraliving.com\/wp-content\/uploads\/1-element-sofy-modulowej-prosty-vento-sand-cream.jpg","contentUrl":"https:\/\/alloraliving.com\/wp-content\/uploads\/1-element-sofy-modulowej-prosty-vento-sand-cream.jpg","width":1600,"height":1200},{"@type":"BreadcrumbList","@id":"https:\/\/alloraliving.com\/fr\/element-vento-droit\/#breadcrumb","itemListElement":[{"@type":"ListItem","position":1,"name":"Strona g\u0142\u00f3wna","item":"https:\/\/alloraliving.com\/fr\/"},{"@type":"ListItem","position":2,"name":"Boutique","item":"https:\/\/alloraliving.com\/fr\/?page_id=6496"},{"@type":"ListItem","position":3,"name":"\u00c9l\u00e9ment Vento droit"}]},{"@type":"WebSite","@id":"https:\/\/alloraliving.com\/fr\/#website","url":"https:\/\/alloraliving.com\/fr\/","name":"AlloraLiving.com","description":"","potentialAction":[{"@type":"SearchAction","target":{"@type":"EntryPoint","urlTemplate":"https:\/\/alloraliving.com\/fr\/?s={search_term_string}"},"query-input":{"@type":"PropertyValueSpecification","valueRequired":true,"valueName":"search_term_string"}}],"inLanguage":"fr-FR"}]},"og_availability":"instock","product_availability":"instock","product_condition":"new"},"_links":{"self":[{"href":"https:\/\/alloraliving.com\/fr\/wp-json\/wp\/v2\/product\/8416","targetHints":{"allow":["GET"]}}],"collection":[{"href":"https:\/\/alloraliving.com\/fr\/wp-json\/wp\/v2\/product"}],"about":[{"href":"https:\/\/alloraliving.com\/fr\/wp-json\/wp\/v2\/types\/product"}],"wp:featuredmedia":[{"embeddable":true,"href":"https:\/\/alloraliving.com\/fr\/wp-json\/wp\/v2\/media\/8419"}],"wp:attachment":[{"href":"https:\/\/alloraliving.com\/fr\/wp-json\/wp\/v2\/media?parent=8416"}],"wp:term":[{"taxonomy":"product_brand","embeddable":true,"href":"https:\/\/alloraliving.com\/fr\/wp-json\/wp\/v2\/product_brand?post=8416"},{"taxonomy":"product_cat","embeddable":true,"href":"https:\/\/alloraliving.com\/fr\/wp-json\/wp\/v2\/product_cat?post=8416"},{"taxonomy":"product_tag","embeddable":true,"href":"https:\/\/alloraliving.com\/fr\/wp-json\/wp\/v2\/product_tag?post=8416"}],"curies":[{"name":"wp","href":"https:\/\/api.w.org\/{rel}","templated":true}]}}