{"id":8423,"date":"2024-09-14T10:36:06","date_gmt":"2024-09-14T08:36:06","guid":{"rendered":"https:\/\/alloraliving.com\/element-vento-gauche\/"},"modified":"2025-02-11T08:47:42","modified_gmt":"2025-02-11T07:47:42","slug":"element-vento-gauche","status":"publish","type":"product","link":"https:\/\/alloraliving.com\/fr\/element-vento-gauche\/","title":{"rendered":"\u00c9l\u00e9ment Vento gauche"},"content":{"rendered":"","protected":false},"excerpt":{"rendered":"<p>L&rsquo;\u00e9l\u00e9ment gauche de la collection VENTO est un module qui permet une composition int\u00e9rieure flexible, cr\u00e9ant des am\u00e9nagements personnalis\u00e9s. La base en bois ajoute stabilit\u00e9 et \u00e9l\u00e9gance, tandis que le tissu boucl\u00e9 dans une teinte cr\u00e8me apporte douceur et chaleur. <\/p>\n<p>Ce module compl\u00e8te parfaitement les autres \u00e9l\u00e9ments de la s\u00e9rie VENTO, vous permettant de cr\u00e9er un espace aussi bien pour la d\u00e9tente quotidienne que pour les r\u00e9unions en famille ou entre amis.<\/p>\n","protected":false},"featured_media":8426,"template":"","meta":[],"product_brand":[],"product_cat":[946,947,941],"product_tag":[],"class_list":{"0":"post-8423","1":"product","2":"type-product","3":"status-publish","4":"has-post-thumbnail","6":"product_cat-canapes","7":"product_cat-canapes-modulaires","8":"product_cat-collection-vento","9":"product_shipping_class-livraison-gratuite","11":"first","12":"instock","13":"taxable","14":"shipping-taxable","15":"purchasable","16":"product-type-variable","17":"has-default-attributes","18":"wvs-archive-product-wrapper"},"yoast_head":"<!-- This site is optimized with the Yoast SEO Premium plugin v26.8 (Yoast SEO v26.8) - https:\/\/yoast.com\/product\/yoast-seo-premium-wordpress\/ -->\n<title>\u00c9l\u00e9ment Vento gauche - AlloraLiving.com<\/title>\n<meta name=\"robots\" content=\"index, follow, max-snippet:-1, max-image-preview:large, max-video-preview:-1\" \/>\n<link rel=\"canonical\" href=\"https:\/\/alloraliving.com\/fr\/element-vento-gauche\/\" \/>\n<meta property=\"og:locale\" content=\"fr_FR\" \/>\n<meta property=\"og:type\" content=\"article\" \/>\n<meta property=\"og:title\" content=\"\u00c9l\u00e9ment Vento gauche\" \/>\n<meta property=\"og:description\" content=\"L&#039;\u00e9l\u00e9ment gauche de la collection VENTO est un module qui permet une composition int\u00e9rieure flexible, cr\u00e9ant des am\u00e9nagements personnalis\u00e9s. La base en bois ajoute stabilit\u00e9 et \u00e9l\u00e9gance, tandis que le tissu boucl\u00e9 dans une teinte cr\u00e8me apporte douceur et chaleur.  Ce module compl\u00e8te parfaitement les autres \u00e9l\u00e9ments de la s\u00e9rie VENTO, vous permettant de cr\u00e9er un espace aussi bien pour la d\u00e9tente quotidienne que pour les r\u00e9unions en famille ou entre amis.\" \/>\n<meta property=\"og:url\" content=\"https:\/\/alloraliving.com\/fr\/element-vento-gauche\/\" \/>\n<meta property=\"og:site_name\" content=\"AlloraLiving.com\" \/>\n<meta property=\"article:modified_time\" content=\"2025-02-11T07:47:42+00:00\" \/>\n<meta property=\"og:image\" content=\"https:\/\/alloraliving.com\/wp-content\/uploads\/1-element-sofy-modulowej-lewy-vento-sand-cream.jpg\" \/>\n\t<meta property=\"og:image:width\" content=\"1600\" \/>\n\t<meta property=\"og:image:height\" content=\"1200\" \/>\n\t<meta property=\"og:image:type\" content=\"image\/jpeg\" \/>\n<meta name=\"twitter:card\" content=\"summary_large_image\" \/>\n<meta name=\"twitter:label1\" content=\"Disponibilit\u00e9\" \/>\n\t<meta name=\"twitter:data1\" content=\"En stock\" \/>\n<script type=\"application\/ld+json\" class=\"yoast-schema-graph\">{\"@context\":\"https:\/\/schema.org\",\"@graph\":[{\"@type\":[\"WebPage\",\"ItemPage\"],\"@id\":\"https:\/\/alloraliving.com\/fr\/element-vento-gauche\/\",\"url\":\"https:\/\/alloraliving.com\/fr\/element-vento-gauche\/\",\"name\":\"\u00c9l\u00e9ment Vento gauche - AlloraLiving.com\",\"isPartOf\":{\"@id\":\"https:\/\/alloraliving.com\/fr\/#website\"},\"primaryImageOfPage\":{\"@id\":\"https:\/\/alloraliving.com\/fr\/element-vento-gauche\/#primaryimage\"},\"image\":{\"@id\":\"https:\/\/alloraliving.com\/fr\/element-vento-gauche\/#primaryimage\"},\"thumbnailUrl\":\"https:\/\/alloraliving.com\/wp-content\/uploads\/1-element-sofy-modulowej-lewy-vento-sand-cream.jpg\",\"datePublished\":\"2024-09-14T08:36:06+00:00\",\"dateModified\":\"2025-02-11T07:47:42+00:00\",\"breadcrumb\":{\"@id\":\"https:\/\/alloraliving.com\/fr\/element-vento-gauche\/#breadcrumb\"},\"inLanguage\":\"fr-FR\",\"potentialAction\":[{\"@type\":\"ReadAction\",\"target\":[\"https:\/\/alloraliving.com\/fr\/element-vento-gauche\/\"]}]},{\"@type\":\"ImageObject\",\"inLanguage\":\"fr-FR\",\"@id\":\"https:\/\/alloraliving.com\/fr\/element-vento-gauche\/#primaryimage\",\"url\":\"https:\/\/alloraliving.com\/wp-content\/uploads\/1-element-sofy-modulowej-lewy-vento-sand-cream.jpg\",\"contentUrl\":\"https:\/\/alloraliving.com\/wp-content\/uploads\/1-element-sofy-modulowej-lewy-vento-sand-cream.jpg\",\"width\":1600,\"height\":1200},{\"@type\":\"BreadcrumbList\",\"@id\":\"https:\/\/alloraliving.com\/fr\/element-vento-gauche\/#breadcrumb\",\"itemListElement\":[{\"@type\":\"ListItem\",\"position\":1,\"name\":\"Strona g\u0142\u00f3wna\",\"item\":\"https:\/\/alloraliving.com\/fr\/\"},{\"@type\":\"ListItem\",\"position\":2,\"name\":\"Boutique\",\"item\":\"https:\/\/alloraliving.com\/fr\/?page_id=6496\"},{\"@type\":\"ListItem\",\"position\":3,\"name\":\"\u00c9l\u00e9ment Vento gauche\"}]},{\"@type\":\"WebSite\",\"@id\":\"https:\/\/alloraliving.com\/fr\/#website\",\"url\":\"https:\/\/alloraliving.com\/fr\/\",\"name\":\"AlloraLiving.com\",\"description\":\"\",\"potentialAction\":[{\"@type\":\"SearchAction\",\"target\":{\"@type\":\"EntryPoint\",\"urlTemplate\":\"https:\/\/alloraliving.com\/fr\/?s={search_term_string}\"},\"query-input\":{\"@type\":\"PropertyValueSpecification\",\"valueRequired\":true,\"valueName\":\"search_term_string\"}}],\"inLanguage\":\"fr-FR\"}]}<\/script>\n<meta property=\"og:availability\" content=\"instock\" \/>\n<meta property=\"product:availability\" content=\"instock\" \/>\n<meta property=\"product:condition\" content=\"new\" \/>\n<!-- \/ Yoast SEO Premium plugin. -->","yoast_head_json":{"title":"\u00c9l\u00e9ment Vento gauche - AlloraLiving.com","robots":{"index":"index","follow":"follow","max-snippet":"max-snippet:-1","max-image-preview":"max-image-preview:large","max-video-preview":"max-video-preview:-1"},"canonical":"https:\/\/alloraliving.com\/fr\/element-vento-gauche\/","og_locale":"fr_FR","og_type":"article","og_title":"\u00c9l\u00e9ment Vento gauche","og_description":"L'\u00e9l\u00e9ment gauche de la collection VENTO est un module qui permet une composition int\u00e9rieure flexible, cr\u00e9ant des am\u00e9nagements personnalis\u00e9s. La base en bois ajoute stabilit\u00e9 et \u00e9l\u00e9gance, tandis que le tissu boucl\u00e9 dans une teinte cr\u00e8me apporte douceur et chaleur.  Ce module compl\u00e8te parfaitement les autres \u00e9l\u00e9ments de la s\u00e9rie VENTO, vous permettant de cr\u00e9er un espace aussi bien pour la d\u00e9tente quotidienne que pour les r\u00e9unions en famille ou entre amis.","og_url":"https:\/\/alloraliving.com\/fr\/element-vento-gauche\/","og_site_name":"AlloraLiving.com","article_modified_time":"2025-02-11T07:47:42+00:00","og_image":[{"width":1600,"height":1200,"url":"https:\/\/alloraliving.com\/wp-content\/uploads\/1-element-sofy-modulowej-lewy-vento-sand-cream.jpg","type":"image\/jpeg"}],"twitter_card":"summary_large_image","twitter_misc":{"Disponibilit\u00e9":"En stock"},"schema":{"@context":"https:\/\/schema.org","@graph":[{"@type":["WebPage","ItemPage"],"@id":"https:\/\/alloraliving.com\/fr\/element-vento-gauche\/","url":"https:\/\/alloraliving.com\/fr\/element-vento-gauche\/","name":"\u00c9l\u00e9ment Vento gauche - AlloraLiving.com","isPartOf":{"@id":"https:\/\/alloraliving.com\/fr\/#website"},"primaryImageOfPage":{"@id":"https:\/\/alloraliving.com\/fr\/element-vento-gauche\/#primaryimage"},"image":{"@id":"https:\/\/alloraliving.com\/fr\/element-vento-gauche\/#primaryimage"},"thumbnailUrl":"https:\/\/alloraliving.com\/wp-content\/uploads\/1-element-sofy-modulowej-lewy-vento-sand-cream.jpg","datePublished":"2024-09-14T08:36:06+00:00","dateModified":"2025-02-11T07:47:42+00:00","breadcrumb":{"@id":"https:\/\/alloraliving.com\/fr\/element-vento-gauche\/#breadcrumb"},"inLanguage":"fr-FR","potentialAction":[{"@type":"ReadAction","target":["https:\/\/alloraliving.com\/fr\/element-vento-gauche\/"]}]},{"@type":"ImageObject","inLanguage":"fr-FR","@id":"https:\/\/alloraliving.com\/fr\/element-vento-gauche\/#primaryimage","url":"https:\/\/alloraliving.com\/wp-content\/uploads\/1-element-sofy-modulowej-lewy-vento-sand-cream.jpg","contentUrl":"https:\/\/alloraliving.com\/wp-content\/uploads\/1-element-sofy-modulowej-lewy-vento-sand-cream.jpg","width":1600,"height":1200},{"@type":"BreadcrumbList","@id":"https:\/\/alloraliving.com\/fr\/element-vento-gauche\/#breadcrumb","itemListElement":[{"@type":"ListItem","position":1,"name":"Strona g\u0142\u00f3wna","item":"https:\/\/alloraliving.com\/fr\/"},{"@type":"ListItem","position":2,"name":"Boutique","item":"https:\/\/alloraliving.com\/fr\/?page_id=6496"},{"@type":"ListItem","position":3,"name":"\u00c9l\u00e9ment Vento gauche"}]},{"@type":"WebSite","@id":"https:\/\/alloraliving.com\/fr\/#website","url":"https:\/\/alloraliving.com\/fr\/","name":"AlloraLiving.com","description":"","potentialAction":[{"@type":"SearchAction","target":{"@type":"EntryPoint","urlTemplate":"https:\/\/alloraliving.com\/fr\/?s={search_term_string}"},"query-input":{"@type":"PropertyValueSpecification","valueRequired":true,"valueName":"search_term_string"}}],"inLanguage":"fr-FR"}]},"og_availability":"instock","product_availability":"instock","product_condition":"new"},"_links":{"self":[{"href":"https:\/\/alloraliving.com\/fr\/wp-json\/wp\/v2\/product\/8423","targetHints":{"allow":["GET"]}}],"collection":[{"href":"https:\/\/alloraliving.com\/fr\/wp-json\/wp\/v2\/product"}],"about":[{"href":"https:\/\/alloraliving.com\/fr\/wp-json\/wp\/v2\/types\/product"}],"wp:featuredmedia":[{"embeddable":true,"href":"https:\/\/alloraliving.com\/fr\/wp-json\/wp\/v2\/media\/8426"}],"wp:attachment":[{"href":"https:\/\/alloraliving.com\/fr\/wp-json\/wp\/v2\/media?parent=8423"}],"wp:term":[{"taxonomy":"product_brand","embeddable":true,"href":"https:\/\/alloraliving.com\/fr\/wp-json\/wp\/v2\/product_brand?post=8423"},{"taxonomy":"product_cat","embeddable":true,"href":"https:\/\/alloraliving.com\/fr\/wp-json\/wp\/v2\/product_cat?post=8423"},{"taxonomy":"product_tag","embeddable":true,"href":"https:\/\/alloraliving.com\/fr\/wp-json\/wp\/v2\/product_tag?post=8423"}],"curies":[{"name":"wp","href":"https:\/\/api.w.org\/{rel}","templated":true}]}}