{"id":8432,"date":"2024-09-14T10:22:23","date_gmt":"2024-09-14T08:22:23","guid":{"rendered":"https:\/\/alloraliving.com\/fauteuil-vento\/"},"modified":"2025-02-11T08:47:44","modified_gmt":"2025-02-11T07:47:44","slug":"fauteuil-vento","status":"publish","type":"product","link":"https:\/\/alloraliving.com\/fr\/fauteuil-vento\/","title":{"rendered":"Fauteuil Vento"},"content":{"rendered":"","protected":false},"excerpt":{"rendered":"<p>Le fauteuil de la collection VENTO allie la douceur du tissu boucl\u00e9 et le charme naturel du bois dans la base. L&rsquo;assise large et le dossier ergonomique offrent un confort maximal, et la forme \u00e9l\u00e9gante et arrondie du fauteuil introduit harmonie et tranquillit\u00e9 \u00e0 l&rsquo;int\u00e9rieur. <\/p>\n<p>Parfait pour un espace d\u00e9tente ou un salon, le fauteuil s&rsquo;int\u00e8gre parfaitement aux autres \u00e9l\u00e9ments de la collection, cr\u00e9ant un espace coh\u00e9rent et \u00e9l\u00e9gant. La finition boucl\u00e9e cr\u00e9meuse souligne le caract\u00e8re cosy du fauteuil, qui s&rsquo;int\u00e8gre harmonieusement dans n&rsquo;importe quel am\u00e9nagement. <\/p>\n","protected":false},"featured_media":8433,"template":"","meta":[],"product_brand":[],"product_cat":[941,930],"product_tag":[],"class_list":{"0":"post-8432","1":"product","2":"type-product","3":"status-publish","4":"has-post-thumbnail","6":"product_cat-collection-vento","7":"product_cat-sieges","8":"product_shipping_class-livraison-gratuite","10":"first","11":"instock","12":"taxable","13":"shipping-taxable","14":"purchasable","15":"product-type-variable","16":"has-default-attributes","17":"wvs-archive-product-wrapper"},"yoast_head":"<!-- This site is optimized with the Yoast SEO Premium plugin v26.8 (Yoast SEO v26.8) - https:\/\/yoast.com\/product\/yoast-seo-premium-wordpress\/ -->\n<title>Fauteuil Vento - AlloraLiving.com<\/title>\n<meta name=\"robots\" content=\"index, follow, max-snippet:-1, max-image-preview:large, max-video-preview:-1\" \/>\n<link rel=\"canonical\" href=\"https:\/\/alloraliving.com\/fr\/fauteuil-vento\/\" \/>\n<meta property=\"og:locale\" content=\"fr_FR\" \/>\n<meta property=\"og:type\" content=\"article\" \/>\n<meta property=\"og:title\" content=\"Fauteuil Vento\" \/>\n<meta property=\"og:description\" content=\"Le fauteuil de la collection VENTO allie la douceur du tissu boucl\u00e9 et le charme naturel du bois dans la base. L&#039;assise large et le dossier ergonomique offrent un confort maximal, et la forme \u00e9l\u00e9gante et arrondie du fauteuil introduit harmonie et tranquillit\u00e9 \u00e0 l&#039;int\u00e9rieur.  Parfait pour un espace d\u00e9tente ou un salon, le fauteuil s&#039;int\u00e8gre parfaitement aux autres \u00e9l\u00e9ments de la collection, cr\u00e9ant un espace coh\u00e9rent et \u00e9l\u00e9gant. La finition boucl\u00e9e cr\u00e9meuse souligne le caract\u00e8re cosy du fauteuil, qui s&#039;int\u00e8gre harmonieusement dans n&#039;importe quel am\u00e9nagement.\" \/>\n<meta property=\"og:url\" content=\"https:\/\/alloraliving.com\/fr\/fauteuil-vento\/\" \/>\n<meta property=\"og:site_name\" content=\"AlloraLiving.com\" \/>\n<meta property=\"article:modified_time\" content=\"2025-02-11T07:47:44+00:00\" \/>\n<meta property=\"og:image\" content=\"https:\/\/alloraliving.com\/wp-content\/uploads\/1-wygodny-kremowy-fotel-do-salonu-vento-sand-cream.jpg\" \/>\n\t<meta property=\"og:image:width\" content=\"1600\" \/>\n\t<meta property=\"og:image:height\" content=\"1200\" \/>\n\t<meta property=\"og:image:type\" content=\"image\/jpeg\" \/>\n<meta name=\"twitter:card\" content=\"summary_large_image\" \/>\n<meta name=\"twitter:label1\" content=\"Disponibilit\u00e9\" \/>\n\t<meta name=\"twitter:data1\" content=\"En stock\" \/>\n<script type=\"application\/ld+json\" class=\"yoast-schema-graph\">{\"@context\":\"https:\/\/schema.org\",\"@graph\":[{\"@type\":[\"WebPage\",\"ItemPage\"],\"@id\":\"https:\/\/alloraliving.com\/fr\/fauteuil-vento\/\",\"url\":\"https:\/\/alloraliving.com\/fr\/fauteuil-vento\/\",\"name\":\"Fauteuil Vento - AlloraLiving.com\",\"isPartOf\":{\"@id\":\"https:\/\/alloraliving.com\/fr\/#website\"},\"primaryImageOfPage\":{\"@id\":\"https:\/\/alloraliving.com\/fr\/fauteuil-vento\/#primaryimage\"},\"image\":{\"@id\":\"https:\/\/alloraliving.com\/fr\/fauteuil-vento\/#primaryimage\"},\"thumbnailUrl\":\"https:\/\/alloraliving.com\/wp-content\/uploads\/1-wygodny-kremowy-fotel-do-salonu-vento-sand-cream.jpg\",\"datePublished\":\"2024-09-14T08:22:23+00:00\",\"dateModified\":\"2025-02-11T07:47:44+00:00\",\"breadcrumb\":{\"@id\":\"https:\/\/alloraliving.com\/fr\/fauteuil-vento\/#breadcrumb\"},\"inLanguage\":\"fr-FR\",\"potentialAction\":[{\"@type\":\"ReadAction\",\"target\":[\"https:\/\/alloraliving.com\/fr\/fauteuil-vento\/\"]}]},{\"@type\":\"ImageObject\",\"inLanguage\":\"fr-FR\",\"@id\":\"https:\/\/alloraliving.com\/fr\/fauteuil-vento\/#primaryimage\",\"url\":\"https:\/\/alloraliving.com\/wp-content\/uploads\/1-wygodny-kremowy-fotel-do-salonu-vento-sand-cream.jpg\",\"contentUrl\":\"https:\/\/alloraliving.com\/wp-content\/uploads\/1-wygodny-kremowy-fotel-do-salonu-vento-sand-cream.jpg\",\"width\":1600,\"height\":1200},{\"@type\":\"BreadcrumbList\",\"@id\":\"https:\/\/alloraliving.com\/fr\/fauteuil-vento\/#breadcrumb\",\"itemListElement\":[{\"@type\":\"ListItem\",\"position\":1,\"name\":\"Strona g\u0142\u00f3wna\",\"item\":\"https:\/\/alloraliving.com\/fr\/\"},{\"@type\":\"ListItem\",\"position\":2,\"name\":\"Boutique\",\"item\":\"https:\/\/alloraliving.com\/fr\/?page_id=6496\"},{\"@type\":\"ListItem\",\"position\":3,\"name\":\"Fauteuil Vento\"}]},{\"@type\":\"WebSite\",\"@id\":\"https:\/\/alloraliving.com\/fr\/#website\",\"url\":\"https:\/\/alloraliving.com\/fr\/\",\"name\":\"AlloraLiving.com\",\"description\":\"\",\"potentialAction\":[{\"@type\":\"SearchAction\",\"target\":{\"@type\":\"EntryPoint\",\"urlTemplate\":\"https:\/\/alloraliving.com\/fr\/?s={search_term_string}\"},\"query-input\":{\"@type\":\"PropertyValueSpecification\",\"valueRequired\":true,\"valueName\":\"search_term_string\"}}],\"inLanguage\":\"fr-FR\"}]}<\/script>\n<meta property=\"og:availability\" content=\"instock\" \/>\n<meta property=\"product:availability\" content=\"instock\" \/>\n<meta property=\"product:condition\" content=\"new\" \/>\n<!-- \/ Yoast SEO Premium plugin. -->","yoast_head_json":{"title":"Fauteuil Vento - AlloraLiving.com","robots":{"index":"index","follow":"follow","max-snippet":"max-snippet:-1","max-image-preview":"max-image-preview:large","max-video-preview":"max-video-preview:-1"},"canonical":"https:\/\/alloraliving.com\/fr\/fauteuil-vento\/","og_locale":"fr_FR","og_type":"article","og_title":"Fauteuil Vento","og_description":"Le fauteuil de la collection VENTO allie la douceur du tissu boucl\u00e9 et le charme naturel du bois dans la base. L'assise large et le dossier ergonomique offrent un confort maximal, et la forme \u00e9l\u00e9gante et arrondie du fauteuil introduit harmonie et tranquillit\u00e9 \u00e0 l'int\u00e9rieur.  Parfait pour un espace d\u00e9tente ou un salon, le fauteuil s'int\u00e8gre parfaitement aux autres \u00e9l\u00e9ments de la collection, cr\u00e9ant un espace coh\u00e9rent et \u00e9l\u00e9gant. La finition boucl\u00e9e cr\u00e9meuse souligne le caract\u00e8re cosy du fauteuil, qui s'int\u00e8gre harmonieusement dans n'importe quel am\u00e9nagement.","og_url":"https:\/\/alloraliving.com\/fr\/fauteuil-vento\/","og_site_name":"AlloraLiving.com","article_modified_time":"2025-02-11T07:47:44+00:00","og_image":[{"width":1600,"height":1200,"url":"https:\/\/alloraliving.com\/wp-content\/uploads\/1-wygodny-kremowy-fotel-do-salonu-vento-sand-cream.jpg","type":"image\/jpeg"}],"twitter_card":"summary_large_image","twitter_misc":{"Disponibilit\u00e9":"En stock"},"schema":{"@context":"https:\/\/schema.org","@graph":[{"@type":["WebPage","ItemPage"],"@id":"https:\/\/alloraliving.com\/fr\/fauteuil-vento\/","url":"https:\/\/alloraliving.com\/fr\/fauteuil-vento\/","name":"Fauteuil Vento - AlloraLiving.com","isPartOf":{"@id":"https:\/\/alloraliving.com\/fr\/#website"},"primaryImageOfPage":{"@id":"https:\/\/alloraliving.com\/fr\/fauteuil-vento\/#primaryimage"},"image":{"@id":"https:\/\/alloraliving.com\/fr\/fauteuil-vento\/#primaryimage"},"thumbnailUrl":"https:\/\/alloraliving.com\/wp-content\/uploads\/1-wygodny-kremowy-fotel-do-salonu-vento-sand-cream.jpg","datePublished":"2024-09-14T08:22:23+00:00","dateModified":"2025-02-11T07:47:44+00:00","breadcrumb":{"@id":"https:\/\/alloraliving.com\/fr\/fauteuil-vento\/#breadcrumb"},"inLanguage":"fr-FR","potentialAction":[{"@type":"ReadAction","target":["https:\/\/alloraliving.com\/fr\/fauteuil-vento\/"]}]},{"@type":"ImageObject","inLanguage":"fr-FR","@id":"https:\/\/alloraliving.com\/fr\/fauteuil-vento\/#primaryimage","url":"https:\/\/alloraliving.com\/wp-content\/uploads\/1-wygodny-kremowy-fotel-do-salonu-vento-sand-cream.jpg","contentUrl":"https:\/\/alloraliving.com\/wp-content\/uploads\/1-wygodny-kremowy-fotel-do-salonu-vento-sand-cream.jpg","width":1600,"height":1200},{"@type":"BreadcrumbList","@id":"https:\/\/alloraliving.com\/fr\/fauteuil-vento\/#breadcrumb","itemListElement":[{"@type":"ListItem","position":1,"name":"Strona g\u0142\u00f3wna","item":"https:\/\/alloraliving.com\/fr\/"},{"@type":"ListItem","position":2,"name":"Boutique","item":"https:\/\/alloraliving.com\/fr\/?page_id=6496"},{"@type":"ListItem","position":3,"name":"Fauteuil Vento"}]},{"@type":"WebSite","@id":"https:\/\/alloraliving.com\/fr\/#website","url":"https:\/\/alloraliving.com\/fr\/","name":"AlloraLiving.com","description":"","potentialAction":[{"@type":"SearchAction","target":{"@type":"EntryPoint","urlTemplate":"https:\/\/alloraliving.com\/fr\/?s={search_term_string}"},"query-input":{"@type":"PropertyValueSpecification","valueRequired":true,"valueName":"search_term_string"}}],"inLanguage":"fr-FR"}]},"og_availability":"instock","product_availability":"instock","product_condition":"new"},"_links":{"self":[{"href":"https:\/\/alloraliving.com\/fr\/wp-json\/wp\/v2\/product\/8432","targetHints":{"allow":["GET"]}}],"collection":[{"href":"https:\/\/alloraliving.com\/fr\/wp-json\/wp\/v2\/product"}],"about":[{"href":"https:\/\/alloraliving.com\/fr\/wp-json\/wp\/v2\/types\/product"}],"wp:featuredmedia":[{"embeddable":true,"href":"https:\/\/alloraliving.com\/fr\/wp-json\/wp\/v2\/media\/8433"}],"wp:attachment":[{"href":"https:\/\/alloraliving.com\/fr\/wp-json\/wp\/v2\/media?parent=8432"}],"wp:term":[{"taxonomy":"product_brand","embeddable":true,"href":"https:\/\/alloraliving.com\/fr\/wp-json\/wp\/v2\/product_brand?post=8432"},{"taxonomy":"product_cat","embeddable":true,"href":"https:\/\/alloraliving.com\/fr\/wp-json\/wp\/v2\/product_cat?post=8432"},{"taxonomy":"product_tag","embeddable":true,"href":"https:\/\/alloraliving.com\/fr\/wp-json\/wp\/v2\/product_tag?post=8432"}],"curies":[{"name":"wp","href":"https:\/\/api.w.org\/{rel}","templated":true}]}}