{"id":8444,"date":"2025-01-07T11:07:30","date_gmt":"2025-01-07T10:07:30","guid":{"rendered":"https:\/\/alloraliving.com\/oreiller-filo\/"},"modified":"2025-02-11T08:51:19","modified_gmt":"2025-02-11T07:51:19","slug":"oreiller-filo","status":"publish","type":"product","link":"https:\/\/alloraliving.com\/fr\/oreiller-filo\/","title":{"rendered":"Oreiller Filo"},"content":{"rendered":"","protected":false},"excerpt":{"rendered":"<p>Le coussin rectangulaire FILO est un accessoire \u00e9l\u00e9gant qui souligne le caract\u00e8re de l&rsquo;int\u00e9rieur. R\u00e9alis\u00e9 dans un tissu structur\u00e9 \u00e0 motif \u00e0 chevrons fins, avec une finition en velours et un passepoil \u00e9l\u00e9gant, il impressionne par son souci du d\u00e9tail. Les deux c\u00f4t\u00e9s de l&rsquo;oreiller sont fabriqu\u00e9s dans le m\u00eame tissu, ce qui ajoute harmonie et polyvalence. Diff\u00e9rentes versions de couleurs s&rsquo;int\u00e8grent parfaitement dans les arrangements classiques et modernes, introduisant une \u00e9l\u00e9gance raffin\u00e9e \u00e0 l&rsquo;espace.   <\/p>\n","protected":false},"featured_media":8445,"template":"","meta":[],"product_brand":[],"product_cat":[943],"product_tag":[],"class_list":{"0":"post-8444","1":"product","2":"type-product","3":"status-publish","4":"has-post-thumbnail","6":"product_cat-coussins","8":"first","9":"instock","10":"taxable","11":"shipping-taxable","12":"purchasable","13":"product-type-variable","14":"has-default-attributes","15":"wvs-archive-product-wrapper"},"yoast_head":"<!-- This site is optimized with the Yoast SEO Premium plugin v26.8 (Yoast SEO v26.8) - https:\/\/yoast.com\/product\/yoast-seo-premium-wordpress\/ -->\n<title>Oreiller Filo - AlloraLiving.com<\/title>\n<meta name=\"robots\" content=\"index, follow, max-snippet:-1, max-image-preview:large, max-video-preview:-1\" \/>\n<link rel=\"canonical\" href=\"https:\/\/alloraliving.com\/fr\/oreiller-filo\/\" \/>\n<meta property=\"og:locale\" content=\"fr_FR\" \/>\n<meta property=\"og:type\" content=\"article\" \/>\n<meta property=\"og:title\" content=\"Oreiller Filo\" \/>\n<meta property=\"og:description\" content=\"Le coussin rectangulaire FILO est un accessoire \u00e9l\u00e9gant qui souligne le caract\u00e8re de l&#039;int\u00e9rieur. R\u00e9alis\u00e9 dans un tissu structur\u00e9 \u00e0 motif \u00e0 chevrons fins, avec une finition en velours et un passepoil \u00e9l\u00e9gant, il impressionne par son souci du d\u00e9tail. Les deux c\u00f4t\u00e9s de l&#039;oreiller sont fabriqu\u00e9s dans le m\u00eame tissu, ce qui ajoute harmonie et polyvalence. Diff\u00e9rentes versions de couleurs s&#039;int\u00e8grent parfaitement dans les arrangements classiques et modernes, introduisant une \u00e9l\u00e9gance raffin\u00e9e \u00e0 l&#039;espace.\" \/>\n<meta property=\"og:url\" content=\"https:\/\/alloraliving.com\/fr\/oreiller-filo\/\" \/>\n<meta property=\"og:site_name\" content=\"AlloraLiving.com\" \/>\n<meta property=\"article:modified_time\" content=\"2025-02-11T07:51:19+00:00\" \/>\n<meta property=\"og:image\" content=\"https:\/\/alloraliving.com\/wp-content\/uploads\/1-poduszka-filo-chevron-navy-brown.jpg\" \/>\n\t<meta property=\"og:image:width\" content=\"1600\" \/>\n\t<meta property=\"og:image:height\" content=\"1200\" \/>\n\t<meta property=\"og:image:type\" content=\"image\/jpeg\" \/>\n<meta name=\"twitter:card\" content=\"summary_large_image\" \/>\n<meta name=\"twitter:label1\" content=\"Disponibilit\u00e9\" \/>\n\t<meta name=\"twitter:data1\" content=\"En stock\" \/>\n<script type=\"application\/ld+json\" class=\"yoast-schema-graph\">{\"@context\":\"https:\/\/schema.org\",\"@graph\":[{\"@type\":[\"WebPage\",\"ItemPage\"],\"@id\":\"https:\/\/alloraliving.com\/fr\/oreiller-filo\/\",\"url\":\"https:\/\/alloraliving.com\/fr\/oreiller-filo\/\",\"name\":\"Oreiller Filo - AlloraLiving.com\",\"isPartOf\":{\"@id\":\"https:\/\/alloraliving.com\/fr\/#website\"},\"primaryImageOfPage\":{\"@id\":\"https:\/\/alloraliving.com\/fr\/oreiller-filo\/#primaryimage\"},\"image\":{\"@id\":\"https:\/\/alloraliving.com\/fr\/oreiller-filo\/#primaryimage\"},\"thumbnailUrl\":\"https:\/\/alloraliving.com\/wp-content\/uploads\/1-poduszka-filo-chevron-navy-brown.jpg\",\"datePublished\":\"2025-01-07T10:07:30+00:00\",\"dateModified\":\"2025-02-11T07:51:19+00:00\",\"breadcrumb\":{\"@id\":\"https:\/\/alloraliving.com\/fr\/oreiller-filo\/#breadcrumb\"},\"inLanguage\":\"fr-FR\",\"potentialAction\":[{\"@type\":\"ReadAction\",\"target\":[\"https:\/\/alloraliving.com\/fr\/oreiller-filo\/\"]}]},{\"@type\":\"ImageObject\",\"inLanguage\":\"fr-FR\",\"@id\":\"https:\/\/alloraliving.com\/fr\/oreiller-filo\/#primaryimage\",\"url\":\"https:\/\/alloraliving.com\/wp-content\/uploads\/1-poduszka-filo-chevron-navy-brown.jpg\",\"contentUrl\":\"https:\/\/alloraliving.com\/wp-content\/uploads\/1-poduszka-filo-chevron-navy-brown.jpg\",\"width\":1600,\"height\":1200},{\"@type\":\"BreadcrumbList\",\"@id\":\"https:\/\/alloraliving.com\/fr\/oreiller-filo\/#breadcrumb\",\"itemListElement\":[{\"@type\":\"ListItem\",\"position\":1,\"name\":\"Strona g\u0142\u00f3wna\",\"item\":\"https:\/\/alloraliving.com\/fr\/\"},{\"@type\":\"ListItem\",\"position\":2,\"name\":\"Boutique\",\"item\":\"https:\/\/alloraliving.com\/fr\/?page_id=6496\"},{\"@type\":\"ListItem\",\"position\":3,\"name\":\"Oreiller Filo\"}]},{\"@type\":\"WebSite\",\"@id\":\"https:\/\/alloraliving.com\/fr\/#website\",\"url\":\"https:\/\/alloraliving.com\/fr\/\",\"name\":\"AlloraLiving.com\",\"description\":\"\",\"potentialAction\":[{\"@type\":\"SearchAction\",\"target\":{\"@type\":\"EntryPoint\",\"urlTemplate\":\"https:\/\/alloraliving.com\/fr\/?s={search_term_string}\"},\"query-input\":{\"@type\":\"PropertyValueSpecification\",\"valueRequired\":true,\"valueName\":\"search_term_string\"}}],\"inLanguage\":\"fr-FR\"}]}<\/script>\n<meta property=\"og:availability\" content=\"instock\" \/>\n<meta property=\"product:availability\" content=\"instock\" \/>\n<meta property=\"product:condition\" content=\"new\" \/>\n<!-- \/ Yoast SEO Premium plugin. -->","yoast_head_json":{"title":"Oreiller Filo - AlloraLiving.com","robots":{"index":"index","follow":"follow","max-snippet":"max-snippet:-1","max-image-preview":"max-image-preview:large","max-video-preview":"max-video-preview:-1"},"canonical":"https:\/\/alloraliving.com\/fr\/oreiller-filo\/","og_locale":"fr_FR","og_type":"article","og_title":"Oreiller Filo","og_description":"Le coussin rectangulaire FILO est un accessoire \u00e9l\u00e9gant qui souligne le caract\u00e8re de l'int\u00e9rieur. R\u00e9alis\u00e9 dans un tissu structur\u00e9 \u00e0 motif \u00e0 chevrons fins, avec une finition en velours et un passepoil \u00e9l\u00e9gant, il impressionne par son souci du d\u00e9tail. Les deux c\u00f4t\u00e9s de l'oreiller sont fabriqu\u00e9s dans le m\u00eame tissu, ce qui ajoute harmonie et polyvalence. Diff\u00e9rentes versions de couleurs s'int\u00e8grent parfaitement dans les arrangements classiques et modernes, introduisant une \u00e9l\u00e9gance raffin\u00e9e \u00e0 l'espace.","og_url":"https:\/\/alloraliving.com\/fr\/oreiller-filo\/","og_site_name":"AlloraLiving.com","article_modified_time":"2025-02-11T07:51:19+00:00","og_image":[{"width":1600,"height":1200,"url":"https:\/\/alloraliving.com\/wp-content\/uploads\/1-poduszka-filo-chevron-navy-brown.jpg","type":"image\/jpeg"}],"twitter_card":"summary_large_image","twitter_misc":{"Disponibilit\u00e9":"En stock"},"schema":{"@context":"https:\/\/schema.org","@graph":[{"@type":["WebPage","ItemPage"],"@id":"https:\/\/alloraliving.com\/fr\/oreiller-filo\/","url":"https:\/\/alloraliving.com\/fr\/oreiller-filo\/","name":"Oreiller Filo - AlloraLiving.com","isPartOf":{"@id":"https:\/\/alloraliving.com\/fr\/#website"},"primaryImageOfPage":{"@id":"https:\/\/alloraliving.com\/fr\/oreiller-filo\/#primaryimage"},"image":{"@id":"https:\/\/alloraliving.com\/fr\/oreiller-filo\/#primaryimage"},"thumbnailUrl":"https:\/\/alloraliving.com\/wp-content\/uploads\/1-poduszka-filo-chevron-navy-brown.jpg","datePublished":"2025-01-07T10:07:30+00:00","dateModified":"2025-02-11T07:51:19+00:00","breadcrumb":{"@id":"https:\/\/alloraliving.com\/fr\/oreiller-filo\/#breadcrumb"},"inLanguage":"fr-FR","potentialAction":[{"@type":"ReadAction","target":["https:\/\/alloraliving.com\/fr\/oreiller-filo\/"]}]},{"@type":"ImageObject","inLanguage":"fr-FR","@id":"https:\/\/alloraliving.com\/fr\/oreiller-filo\/#primaryimage","url":"https:\/\/alloraliving.com\/wp-content\/uploads\/1-poduszka-filo-chevron-navy-brown.jpg","contentUrl":"https:\/\/alloraliving.com\/wp-content\/uploads\/1-poduszka-filo-chevron-navy-brown.jpg","width":1600,"height":1200},{"@type":"BreadcrumbList","@id":"https:\/\/alloraliving.com\/fr\/oreiller-filo\/#breadcrumb","itemListElement":[{"@type":"ListItem","position":1,"name":"Strona g\u0142\u00f3wna","item":"https:\/\/alloraliving.com\/fr\/"},{"@type":"ListItem","position":2,"name":"Boutique","item":"https:\/\/alloraliving.com\/fr\/?page_id=6496"},{"@type":"ListItem","position":3,"name":"Oreiller Filo"}]},{"@type":"WebSite","@id":"https:\/\/alloraliving.com\/fr\/#website","url":"https:\/\/alloraliving.com\/fr\/","name":"AlloraLiving.com","description":"","potentialAction":[{"@type":"SearchAction","target":{"@type":"EntryPoint","urlTemplate":"https:\/\/alloraliving.com\/fr\/?s={search_term_string}"},"query-input":{"@type":"PropertyValueSpecification","valueRequired":true,"valueName":"search_term_string"}}],"inLanguage":"fr-FR"}]},"og_availability":"instock","product_availability":"instock","product_condition":"new"},"_links":{"self":[{"href":"https:\/\/alloraliving.com\/fr\/wp-json\/wp\/v2\/product\/8444","targetHints":{"allow":["GET"]}}],"collection":[{"href":"https:\/\/alloraliving.com\/fr\/wp-json\/wp\/v2\/product"}],"about":[{"href":"https:\/\/alloraliving.com\/fr\/wp-json\/wp\/v2\/types\/product"}],"wp:featuredmedia":[{"embeddable":true,"href":"https:\/\/alloraliving.com\/fr\/wp-json\/wp\/v2\/media\/8445"}],"wp:attachment":[{"href":"https:\/\/alloraliving.com\/fr\/wp-json\/wp\/v2\/media?parent=8444"}],"wp:term":[{"taxonomy":"product_brand","embeddable":true,"href":"https:\/\/alloraliving.com\/fr\/wp-json\/wp\/v2\/product_brand?post=8444"},{"taxonomy":"product_cat","embeddable":true,"href":"https:\/\/alloraliving.com\/fr\/wp-json\/wp\/v2\/product_cat?post=8444"},{"taxonomy":"product_tag","embeddable":true,"href":"https:\/\/alloraliving.com\/fr\/wp-json\/wp\/v2\/product_tag?post=8444"}],"curies":[{"name":"wp","href":"https:\/\/api.w.org\/{rel}","templated":true}]}}