{"id":8460,"date":"2025-01-03T11:13:25","date_gmt":"2025-01-03T10:13:25","guid":{"rendered":"https:\/\/alloraliving.com\/oreiller-double\/"},"modified":"2025-02-11T08:51:21","modified_gmt":"2025-02-11T07:51:21","slug":"oreiller-double","status":"publish","type":"product","link":"https:\/\/alloraliving.com\/fr\/oreiller-double\/","title":{"rendered":"Oreiller double"},"content":{"rendered":"","protected":false},"excerpt":{"rendered":"<p>L&rsquo;oreiller double face DOPPIO compl\u00e9tera parfaitement n&rsquo;importe quelle composition. Le velours doux d&rsquo;un c\u00f4t\u00e9 et le velours c\u00f4tel\u00e9 \u00e9pais et moelleux de l&rsquo;autre permettent un changement subtil dans le caract\u00e8re de l&rsquo;int\u00e9rieur. La palette de couleurs soigneusement s\u00e9lectionn\u00e9e s&rsquo;int\u00e8gre harmonieusement dans une vari\u00e9t\u00e9 de styles, du moderne au classique, ajoutant un caract\u00e8re unique \u00e0 l&rsquo;espace.  <\/p>\n","protected":false},"featured_media":8461,"template":"","meta":[],"product_brand":[],"product_cat":[943],"product_tag":[],"class_list":{"0":"post-8460","1":"product","2":"type-product","3":"status-publish","4":"has-post-thumbnail","6":"product_cat-coussins","8":"first","9":"instock","10":"taxable","11":"shipping-taxable","12":"purchasable","13":"product-type-variable","14":"has-default-attributes","15":"wvs-archive-product-wrapper"},"yoast_head":"<!-- This site is optimized with the Yoast SEO Premium plugin v26.8 (Yoast SEO v26.8) - https:\/\/yoast.com\/product\/yoast-seo-premium-wordpress\/ -->\n<title>Oreiller double - AlloraLiving.com<\/title>\n<meta name=\"robots\" content=\"index, follow, max-snippet:-1, max-image-preview:large, max-video-preview:-1\" \/>\n<link rel=\"canonical\" href=\"https:\/\/alloraliving.com\/fr\/oreiller-double\/\" \/>\n<meta property=\"og:locale\" content=\"fr_FR\" \/>\n<meta property=\"og:type\" content=\"article\" \/>\n<meta property=\"og:title\" content=\"Oreiller double\" \/>\n<meta property=\"og:description\" content=\"L&#039;oreiller double face DOPPIO compl\u00e9tera parfaitement n&#039;importe quelle composition. Le velours doux d&#039;un c\u00f4t\u00e9 et le velours c\u00f4tel\u00e9 \u00e9pais et moelleux de l&#039;autre permettent un changement subtil dans le caract\u00e8re de l&#039;int\u00e9rieur. La palette de couleurs soigneusement s\u00e9lectionn\u00e9e s&#039;int\u00e8gre harmonieusement dans une vari\u00e9t\u00e9 de styles, du moderne au classique, ajoutant un caract\u00e8re unique \u00e0 l&#039;espace.\" \/>\n<meta property=\"og:url\" content=\"https:\/\/alloraliving.com\/fr\/oreiller-double\/\" \/>\n<meta property=\"og:site_name\" content=\"AlloraLiving.com\" \/>\n<meta property=\"article:modified_time\" content=\"2025-02-11T07:51:21+00:00\" \/>\n<meta property=\"og:image\" content=\"https:\/\/alloraliving.com\/wp-content\/uploads\/1-poduszka-doppio-sand-cream.jpg\" \/>\n\t<meta property=\"og:image:width\" content=\"1600\" \/>\n\t<meta property=\"og:image:height\" content=\"1200\" \/>\n\t<meta property=\"og:image:type\" content=\"image\/jpeg\" \/>\n<meta name=\"twitter:card\" content=\"summary_large_image\" \/>\n<meta name=\"twitter:label1\" content=\"Disponibilit\u00e9\" \/>\n\t<meta name=\"twitter:data1\" content=\"En stock\" \/>\n<script type=\"application\/ld+json\" class=\"yoast-schema-graph\">{\"@context\":\"https:\/\/schema.org\",\"@graph\":[{\"@type\":[\"WebPage\",\"ItemPage\"],\"@id\":\"https:\/\/alloraliving.com\/fr\/oreiller-double\/\",\"url\":\"https:\/\/alloraliving.com\/fr\/oreiller-double\/\",\"name\":\"Oreiller double - AlloraLiving.com\",\"isPartOf\":{\"@id\":\"https:\/\/alloraliving.com\/fr\/#website\"},\"primaryImageOfPage\":{\"@id\":\"https:\/\/alloraliving.com\/fr\/oreiller-double\/#primaryimage\"},\"image\":{\"@id\":\"https:\/\/alloraliving.com\/fr\/oreiller-double\/#primaryimage\"},\"thumbnailUrl\":\"https:\/\/alloraliving.com\/wp-content\/uploads\/1-poduszka-doppio-sand-cream.jpg\",\"datePublished\":\"2025-01-03T10:13:25+00:00\",\"dateModified\":\"2025-02-11T07:51:21+00:00\",\"breadcrumb\":{\"@id\":\"https:\/\/alloraliving.com\/fr\/oreiller-double\/#breadcrumb\"},\"inLanguage\":\"fr-FR\",\"potentialAction\":[{\"@type\":\"ReadAction\",\"target\":[\"https:\/\/alloraliving.com\/fr\/oreiller-double\/\"]}]},{\"@type\":\"ImageObject\",\"inLanguage\":\"fr-FR\",\"@id\":\"https:\/\/alloraliving.com\/fr\/oreiller-double\/#primaryimage\",\"url\":\"https:\/\/alloraliving.com\/wp-content\/uploads\/1-poduszka-doppio-sand-cream.jpg\",\"contentUrl\":\"https:\/\/alloraliving.com\/wp-content\/uploads\/1-poduszka-doppio-sand-cream.jpg\",\"width\":1600,\"height\":1200},{\"@type\":\"BreadcrumbList\",\"@id\":\"https:\/\/alloraliving.com\/fr\/oreiller-double\/#breadcrumb\",\"itemListElement\":[{\"@type\":\"ListItem\",\"position\":1,\"name\":\"Strona g\u0142\u00f3wna\",\"item\":\"https:\/\/alloraliving.com\/fr\/\"},{\"@type\":\"ListItem\",\"position\":2,\"name\":\"Boutique\",\"item\":\"https:\/\/alloraliving.com\/fr\/?page_id=6496\"},{\"@type\":\"ListItem\",\"position\":3,\"name\":\"Oreiller double\"}]},{\"@type\":\"WebSite\",\"@id\":\"https:\/\/alloraliving.com\/fr\/#website\",\"url\":\"https:\/\/alloraliving.com\/fr\/\",\"name\":\"AlloraLiving.com\",\"description\":\"\",\"potentialAction\":[{\"@type\":\"SearchAction\",\"target\":{\"@type\":\"EntryPoint\",\"urlTemplate\":\"https:\/\/alloraliving.com\/fr\/?s={search_term_string}\"},\"query-input\":{\"@type\":\"PropertyValueSpecification\",\"valueRequired\":true,\"valueName\":\"search_term_string\"}}],\"inLanguage\":\"fr-FR\"}]}<\/script>\n<meta property=\"og:availability\" content=\"instock\" \/>\n<meta property=\"product:availability\" content=\"instock\" \/>\n<meta property=\"product:condition\" content=\"new\" \/>\n<!-- \/ Yoast SEO Premium plugin. -->","yoast_head_json":{"title":"Oreiller double - AlloraLiving.com","robots":{"index":"index","follow":"follow","max-snippet":"max-snippet:-1","max-image-preview":"max-image-preview:large","max-video-preview":"max-video-preview:-1"},"canonical":"https:\/\/alloraliving.com\/fr\/oreiller-double\/","og_locale":"fr_FR","og_type":"article","og_title":"Oreiller double","og_description":"L'oreiller double face DOPPIO compl\u00e9tera parfaitement n'importe quelle composition. Le velours doux d'un c\u00f4t\u00e9 et le velours c\u00f4tel\u00e9 \u00e9pais et moelleux de l'autre permettent un changement subtil dans le caract\u00e8re de l'int\u00e9rieur. La palette de couleurs soigneusement s\u00e9lectionn\u00e9e s'int\u00e8gre harmonieusement dans une vari\u00e9t\u00e9 de styles, du moderne au classique, ajoutant un caract\u00e8re unique \u00e0 l'espace.","og_url":"https:\/\/alloraliving.com\/fr\/oreiller-double\/","og_site_name":"AlloraLiving.com","article_modified_time":"2025-02-11T07:51:21+00:00","og_image":[{"width":1600,"height":1200,"url":"https:\/\/alloraliving.com\/wp-content\/uploads\/1-poduszka-doppio-sand-cream.jpg","type":"image\/jpeg"}],"twitter_card":"summary_large_image","twitter_misc":{"Disponibilit\u00e9":"En stock"},"schema":{"@context":"https:\/\/schema.org","@graph":[{"@type":["WebPage","ItemPage"],"@id":"https:\/\/alloraliving.com\/fr\/oreiller-double\/","url":"https:\/\/alloraliving.com\/fr\/oreiller-double\/","name":"Oreiller double - AlloraLiving.com","isPartOf":{"@id":"https:\/\/alloraliving.com\/fr\/#website"},"primaryImageOfPage":{"@id":"https:\/\/alloraliving.com\/fr\/oreiller-double\/#primaryimage"},"image":{"@id":"https:\/\/alloraliving.com\/fr\/oreiller-double\/#primaryimage"},"thumbnailUrl":"https:\/\/alloraliving.com\/wp-content\/uploads\/1-poduszka-doppio-sand-cream.jpg","datePublished":"2025-01-03T10:13:25+00:00","dateModified":"2025-02-11T07:51:21+00:00","breadcrumb":{"@id":"https:\/\/alloraliving.com\/fr\/oreiller-double\/#breadcrumb"},"inLanguage":"fr-FR","potentialAction":[{"@type":"ReadAction","target":["https:\/\/alloraliving.com\/fr\/oreiller-double\/"]}]},{"@type":"ImageObject","inLanguage":"fr-FR","@id":"https:\/\/alloraliving.com\/fr\/oreiller-double\/#primaryimage","url":"https:\/\/alloraliving.com\/wp-content\/uploads\/1-poduszka-doppio-sand-cream.jpg","contentUrl":"https:\/\/alloraliving.com\/wp-content\/uploads\/1-poduszka-doppio-sand-cream.jpg","width":1600,"height":1200},{"@type":"BreadcrumbList","@id":"https:\/\/alloraliving.com\/fr\/oreiller-double\/#breadcrumb","itemListElement":[{"@type":"ListItem","position":1,"name":"Strona g\u0142\u00f3wna","item":"https:\/\/alloraliving.com\/fr\/"},{"@type":"ListItem","position":2,"name":"Boutique","item":"https:\/\/alloraliving.com\/fr\/?page_id=6496"},{"@type":"ListItem","position":3,"name":"Oreiller double"}]},{"@type":"WebSite","@id":"https:\/\/alloraliving.com\/fr\/#website","url":"https:\/\/alloraliving.com\/fr\/","name":"AlloraLiving.com","description":"","potentialAction":[{"@type":"SearchAction","target":{"@type":"EntryPoint","urlTemplate":"https:\/\/alloraliving.com\/fr\/?s={search_term_string}"},"query-input":{"@type":"PropertyValueSpecification","valueRequired":true,"valueName":"search_term_string"}}],"inLanguage":"fr-FR"}]},"og_availability":"instock","product_availability":"instock","product_condition":"new"},"_links":{"self":[{"href":"https:\/\/alloraliving.com\/fr\/wp-json\/wp\/v2\/product\/8460","targetHints":{"allow":["GET"]}}],"collection":[{"href":"https:\/\/alloraliving.com\/fr\/wp-json\/wp\/v2\/product"}],"about":[{"href":"https:\/\/alloraliving.com\/fr\/wp-json\/wp\/v2\/types\/product"}],"wp:featuredmedia":[{"embeddable":true,"href":"https:\/\/alloraliving.com\/fr\/wp-json\/wp\/v2\/media\/8461"}],"wp:attachment":[{"href":"https:\/\/alloraliving.com\/fr\/wp-json\/wp\/v2\/media?parent=8460"}],"wp:term":[{"taxonomy":"product_brand","embeddable":true,"href":"https:\/\/alloraliving.com\/fr\/wp-json\/wp\/v2\/product_brand?post=8460"},{"taxonomy":"product_cat","embeddable":true,"href":"https:\/\/alloraliving.com\/fr\/wp-json\/wp\/v2\/product_cat?post=8460"},{"taxonomy":"product_tag","embeddable":true,"href":"https:\/\/alloraliving.com\/fr\/wp-json\/wp\/v2\/product_tag?post=8460"}],"curies":[{"name":"wp","href":"https:\/\/api.w.org\/{rel}","templated":true}]}}