{"id":8476,"date":"2025-01-03T10:44:23","date_gmt":"2025-01-03T09:44:23","guid":{"rendered":"https:\/\/alloraliving.com\/oreiller-linea\/"},"modified":"2025-02-11T08:51:22","modified_gmt":"2025-02-11T07:51:22","slug":"oreiller-linea","status":"publish","type":"product","link":"https:\/\/alloraliving.com\/fr\/oreiller-linea\/","title":{"rendered":"Oreiller Linea"},"content":{"rendered":"","protected":false},"excerpt":{"rendered":"<p>Le coussin d\u00e9coratif LINEA est un accessoire unique qui vous permet d&rsquo;am\u00e9nager facilement votre espace de d\u00e9tente pr\u00e9f\u00e9r\u00e9. Fabriqu\u00e9 \u00e0 partir du m\u00eame mat\u00e9riau des deux c\u00f4t\u00e9s et dot\u00e9 d&rsquo;une \u00e9l\u00e9gante bordure en velours, l&rsquo;oreiller allie style et confort. Disponible en plusieurs versions de couleurs expressives, il s&rsquo;adaptera parfaitement \u00e0 n&rsquo;importe quel design d&rsquo;int\u00e9rieur.  <\/p>\n","protected":false},"featured_media":8477,"template":"","meta":[],"product_brand":[],"product_cat":[943],"product_tag":[],"class_list":{"0":"post-8476","1":"product","2":"type-product","3":"status-publish","4":"has-post-thumbnail","6":"product_cat-coussins","8":"first","9":"instock","10":"taxable","11":"shipping-taxable","12":"purchasable","13":"product-type-variable","14":"has-default-attributes","15":"wvs-archive-product-wrapper"},"yoast_head":"<!-- This site is optimized with the Yoast SEO Premium plugin v26.8 (Yoast SEO v26.8) - https:\/\/yoast.com\/product\/yoast-seo-premium-wordpress\/ -->\n<title>Oreiller Linea - AlloraLiving.com<\/title>\n<meta name=\"robots\" content=\"index, follow, max-snippet:-1, max-image-preview:large, max-video-preview:-1\" \/>\n<link rel=\"canonical\" href=\"https:\/\/alloraliving.com\/fr\/oreiller-linea\/\" \/>\n<meta property=\"og:locale\" content=\"fr_FR\" \/>\n<meta property=\"og:type\" content=\"article\" \/>\n<meta property=\"og:title\" content=\"Oreiller Linea\" \/>\n<meta property=\"og:description\" content=\"Le coussin d\u00e9coratif LINEA est un accessoire unique qui vous permet d&#039;am\u00e9nager facilement votre espace de d\u00e9tente pr\u00e9f\u00e9r\u00e9. Fabriqu\u00e9 \u00e0 partir du m\u00eame mat\u00e9riau des deux c\u00f4t\u00e9s et dot\u00e9 d&#039;une \u00e9l\u00e9gante bordure en velours, l&#039;oreiller allie style et confort. Disponible en plusieurs versions de couleurs expressives, il s&#039;adaptera parfaitement \u00e0 n&#039;importe quel design d&#039;int\u00e9rieur.\" \/>\n<meta property=\"og:url\" content=\"https:\/\/alloraliving.com\/fr\/oreiller-linea\/\" \/>\n<meta property=\"og:site_name\" content=\"AlloraLiving.com\" \/>\n<meta property=\"article:modified_time\" content=\"2025-02-11T07:51:22+00:00\" \/>\n<meta property=\"og:image\" content=\"https:\/\/alloraliving.com\/wp-content\/uploads\/1-poduszka-happy-orange-dots.jpg\" \/>\n\t<meta property=\"og:image:width\" content=\"1600\" \/>\n\t<meta property=\"og:image:height\" content=\"1200\" \/>\n\t<meta property=\"og:image:type\" content=\"image\/jpeg\" \/>\n<meta name=\"twitter:card\" content=\"summary_large_image\" \/>\n<meta name=\"twitter:label1\" content=\"Disponibilit\u00e9\" \/>\n\t<meta name=\"twitter:data1\" content=\"En stock\" \/>\n<script type=\"application\/ld+json\" class=\"yoast-schema-graph\">{\"@context\":\"https:\/\/schema.org\",\"@graph\":[{\"@type\":[\"WebPage\",\"ItemPage\"],\"@id\":\"https:\/\/alloraliving.com\/fr\/oreiller-linea\/\",\"url\":\"https:\/\/alloraliving.com\/fr\/oreiller-linea\/\",\"name\":\"Oreiller Linea - AlloraLiving.com\",\"isPartOf\":{\"@id\":\"https:\/\/alloraliving.com\/fr\/#website\"},\"primaryImageOfPage\":{\"@id\":\"https:\/\/alloraliving.com\/fr\/oreiller-linea\/#primaryimage\"},\"image\":{\"@id\":\"https:\/\/alloraliving.com\/fr\/oreiller-linea\/#primaryimage\"},\"thumbnailUrl\":\"https:\/\/alloraliving.com\/wp-content\/uploads\/1-poduszka-happy-orange-dots.jpg\",\"datePublished\":\"2025-01-03T09:44:23+00:00\",\"dateModified\":\"2025-02-11T07:51:22+00:00\",\"breadcrumb\":{\"@id\":\"https:\/\/alloraliving.com\/fr\/oreiller-linea\/#breadcrumb\"},\"inLanguage\":\"fr-FR\",\"potentialAction\":[{\"@type\":\"ReadAction\",\"target\":[\"https:\/\/alloraliving.com\/fr\/oreiller-linea\/\"]}]},{\"@type\":\"ImageObject\",\"inLanguage\":\"fr-FR\",\"@id\":\"https:\/\/alloraliving.com\/fr\/oreiller-linea\/#primaryimage\",\"url\":\"https:\/\/alloraliving.com\/wp-content\/uploads\/1-poduszka-happy-orange-dots.jpg\",\"contentUrl\":\"https:\/\/alloraliving.com\/wp-content\/uploads\/1-poduszka-happy-orange-dots.jpg\",\"width\":1600,\"height\":1200},{\"@type\":\"BreadcrumbList\",\"@id\":\"https:\/\/alloraliving.com\/fr\/oreiller-linea\/#breadcrumb\",\"itemListElement\":[{\"@type\":\"ListItem\",\"position\":1,\"name\":\"Strona g\u0142\u00f3wna\",\"item\":\"https:\/\/alloraliving.com\/fr\/\"},{\"@type\":\"ListItem\",\"position\":2,\"name\":\"Boutique\",\"item\":\"https:\/\/alloraliving.com\/fr\/?page_id=6496\"},{\"@type\":\"ListItem\",\"position\":3,\"name\":\"Oreiller Linea\"}]},{\"@type\":\"WebSite\",\"@id\":\"https:\/\/alloraliving.com\/fr\/#website\",\"url\":\"https:\/\/alloraliving.com\/fr\/\",\"name\":\"AlloraLiving.com\",\"description\":\"\",\"potentialAction\":[{\"@type\":\"SearchAction\",\"target\":{\"@type\":\"EntryPoint\",\"urlTemplate\":\"https:\/\/alloraliving.com\/fr\/?s={search_term_string}\"},\"query-input\":{\"@type\":\"PropertyValueSpecification\",\"valueRequired\":true,\"valueName\":\"search_term_string\"}}],\"inLanguage\":\"fr-FR\"}]}<\/script>\n<meta property=\"og:availability\" content=\"instock\" \/>\n<meta property=\"product:availability\" content=\"instock\" \/>\n<meta property=\"product:condition\" content=\"new\" \/>\n<!-- \/ Yoast SEO Premium plugin. -->","yoast_head_json":{"title":"Oreiller Linea - AlloraLiving.com","robots":{"index":"index","follow":"follow","max-snippet":"max-snippet:-1","max-image-preview":"max-image-preview:large","max-video-preview":"max-video-preview:-1"},"canonical":"https:\/\/alloraliving.com\/fr\/oreiller-linea\/","og_locale":"fr_FR","og_type":"article","og_title":"Oreiller Linea","og_description":"Le coussin d\u00e9coratif LINEA est un accessoire unique qui vous permet d'am\u00e9nager facilement votre espace de d\u00e9tente pr\u00e9f\u00e9r\u00e9. Fabriqu\u00e9 \u00e0 partir du m\u00eame mat\u00e9riau des deux c\u00f4t\u00e9s et dot\u00e9 d'une \u00e9l\u00e9gante bordure en velours, l'oreiller allie style et confort. Disponible en plusieurs versions de couleurs expressives, il s'adaptera parfaitement \u00e0 n'importe quel design d'int\u00e9rieur.","og_url":"https:\/\/alloraliving.com\/fr\/oreiller-linea\/","og_site_name":"AlloraLiving.com","article_modified_time":"2025-02-11T07:51:22+00:00","og_image":[{"width":1600,"height":1200,"url":"https:\/\/alloraliving.com\/wp-content\/uploads\/1-poduszka-happy-orange-dots.jpg","type":"image\/jpeg"}],"twitter_card":"summary_large_image","twitter_misc":{"Disponibilit\u00e9":"En stock"},"schema":{"@context":"https:\/\/schema.org","@graph":[{"@type":["WebPage","ItemPage"],"@id":"https:\/\/alloraliving.com\/fr\/oreiller-linea\/","url":"https:\/\/alloraliving.com\/fr\/oreiller-linea\/","name":"Oreiller Linea - AlloraLiving.com","isPartOf":{"@id":"https:\/\/alloraliving.com\/fr\/#website"},"primaryImageOfPage":{"@id":"https:\/\/alloraliving.com\/fr\/oreiller-linea\/#primaryimage"},"image":{"@id":"https:\/\/alloraliving.com\/fr\/oreiller-linea\/#primaryimage"},"thumbnailUrl":"https:\/\/alloraliving.com\/wp-content\/uploads\/1-poduszka-happy-orange-dots.jpg","datePublished":"2025-01-03T09:44:23+00:00","dateModified":"2025-02-11T07:51:22+00:00","breadcrumb":{"@id":"https:\/\/alloraliving.com\/fr\/oreiller-linea\/#breadcrumb"},"inLanguage":"fr-FR","potentialAction":[{"@type":"ReadAction","target":["https:\/\/alloraliving.com\/fr\/oreiller-linea\/"]}]},{"@type":"ImageObject","inLanguage":"fr-FR","@id":"https:\/\/alloraliving.com\/fr\/oreiller-linea\/#primaryimage","url":"https:\/\/alloraliving.com\/wp-content\/uploads\/1-poduszka-happy-orange-dots.jpg","contentUrl":"https:\/\/alloraliving.com\/wp-content\/uploads\/1-poduszka-happy-orange-dots.jpg","width":1600,"height":1200},{"@type":"BreadcrumbList","@id":"https:\/\/alloraliving.com\/fr\/oreiller-linea\/#breadcrumb","itemListElement":[{"@type":"ListItem","position":1,"name":"Strona g\u0142\u00f3wna","item":"https:\/\/alloraliving.com\/fr\/"},{"@type":"ListItem","position":2,"name":"Boutique","item":"https:\/\/alloraliving.com\/fr\/?page_id=6496"},{"@type":"ListItem","position":3,"name":"Oreiller Linea"}]},{"@type":"WebSite","@id":"https:\/\/alloraliving.com\/fr\/#website","url":"https:\/\/alloraliving.com\/fr\/","name":"AlloraLiving.com","description":"","potentialAction":[{"@type":"SearchAction","target":{"@type":"EntryPoint","urlTemplate":"https:\/\/alloraliving.com\/fr\/?s={search_term_string}"},"query-input":{"@type":"PropertyValueSpecification","valueRequired":true,"valueName":"search_term_string"}}],"inLanguage":"fr-FR"}]},"og_availability":"instock","product_availability":"instock","product_condition":"new"},"_links":{"self":[{"href":"https:\/\/alloraliving.com\/fr\/wp-json\/wp\/v2\/product\/8476","targetHints":{"allow":["GET"]}}],"collection":[{"href":"https:\/\/alloraliving.com\/fr\/wp-json\/wp\/v2\/product"}],"about":[{"href":"https:\/\/alloraliving.com\/fr\/wp-json\/wp\/v2\/types\/product"}],"wp:featuredmedia":[{"embeddable":true,"href":"https:\/\/alloraliving.com\/fr\/wp-json\/wp\/v2\/media\/8477"}],"wp:attachment":[{"href":"https:\/\/alloraliving.com\/fr\/wp-json\/wp\/v2\/media?parent=8476"}],"wp:term":[{"taxonomy":"product_brand","embeddable":true,"href":"https:\/\/alloraliving.com\/fr\/wp-json\/wp\/v2\/product_brand?post=8476"},{"taxonomy":"product_cat","embeddable":true,"href":"https:\/\/alloraliving.com\/fr\/wp-json\/wp\/v2\/product_cat?post=8476"},{"taxonomy":"product_tag","embeddable":true,"href":"https:\/\/alloraliving.com\/fr\/wp-json\/wp\/v2\/product_tag?post=8476"}],"curies":[{"name":"wp","href":"https:\/\/api.w.org\/{rel}","templated":true}]}}