{"id":8488,"date":"2024-07-05T13:04:37","date_gmt":"2024-07-05T11:04:37","guid":{"rendered":"https:\/\/alloraliving.com\/table-extensible-casa\/"},"modified":"2025-02-11T08:52:57","modified_gmt":"2025-02-11T07:52:57","slug":"table-extensible-casa","status":"publish","type":"product","link":"https:\/\/alloraliving.com\/fr\/table-extensible-casa\/","title":{"rendered":"Table extensible Casa"},"content":{"rendered":"","protected":false},"excerpt":{"rendered":"<p>La table extensible CASA est la solution parfaite pour toutes les occasions \u2013 des repas quotidiens aux r\u00e9unions plus grandes et sp\u00e9ciales avec la famille et les amis. Gr\u00e2ce \u00e0 ses pieds \u00e9l\u00e9gants et rainur\u00e9s et \u00e0 son plateau classique dans une teinte de ch\u00eane naturel, il introduit une esth\u00e9tique intemporelle \u00e0 l&rsquo;int\u00e9rieur. Son syst\u00e8me de pliage permet d&rsquo;augmenter rapidement la surface de 200 cm \u00e0 300 cm, ce qui le rend id\u00e9al pour les invit\u00e9s inattendus et les grandes occasions.  <\/p>\n<p>En introduisant cet \u00e9l\u00e9ment dans nos collections, nous esp\u00e9rons que nos meubles deviendront non seulement un \u00e9l\u00e9ment de d\u00e9cor, mais aussi un pr\u00e9texte pour passer des moments inoubliables avec vos proches.<\/p>\n","protected":false},"featured_media":8489,"template":"","meta":[],"product_brand":[],"product_cat":[932,948],"product_tag":[],"class_list":{"0":"post-8488","1":"product","2":"type-product","3":"status-publish","4":"has-post-thumbnail","6":"product_cat-collection-casa","7":"product_cat-tableaux","8":"product_shipping_class-livraison-gratuite","10":"first","11":"instock","12":"taxable","13":"shipping-taxable","14":"purchasable","15":"product-type-variable","16":"has-default-attributes","17":"wvs-archive-product-wrapper"},"yoast_head":"<!-- This site is optimized with the Yoast SEO Premium plugin v26.8 (Yoast SEO v26.8) - https:\/\/yoast.com\/product\/yoast-seo-premium-wordpress\/ -->\n<title>Table extensible Casa - AlloraLiving.com<\/title>\n<meta name=\"robots\" content=\"index, follow, max-snippet:-1, max-image-preview:large, max-video-preview:-1\" \/>\n<link rel=\"canonical\" href=\"https:\/\/alloraliving.com\/fr\/table-extensible-casa\/\" \/>\n<meta property=\"og:locale\" content=\"fr_FR\" \/>\n<meta property=\"og:type\" content=\"article\" \/>\n<meta property=\"og:title\" content=\"Table extensible Casa\" \/>\n<meta property=\"og:description\" content=\"La table extensible CASA est la solution parfaite pour toutes les occasions \u2013 des repas quotidiens aux r\u00e9unions plus grandes et sp\u00e9ciales avec la famille et les amis. Gr\u00e2ce \u00e0 ses pieds \u00e9l\u00e9gants et rainur\u00e9s et \u00e0 son plateau classique dans une teinte de ch\u00eane naturel, il introduit une esth\u00e9tique intemporelle \u00e0 l&#039;int\u00e9rieur. Son syst\u00e8me de pliage permet d&#039;augmenter rapidement la surface de 200 cm \u00e0 300 cm, ce qui le rend id\u00e9al pour les invit\u00e9s inattendus et les grandes occasions.  En introduisant cet \u00e9l\u00e9ment dans nos collections, nous esp\u00e9rons que nos meubles deviendront non seulement un \u00e9l\u00e9ment de d\u00e9cor, mais aussi un pr\u00e9texte pour passer des moments inoubliables avec vos proches.\" \/>\n<meta property=\"og:url\" content=\"https:\/\/alloraliving.com\/fr\/table-extensible-casa\/\" \/>\n<meta property=\"og:site_name\" content=\"AlloraLiving.com\" \/>\n<meta property=\"article:modified_time\" content=\"2025-02-11T07:52:57+00:00\" \/>\n<meta property=\"og:image\" content=\"https:\/\/alloraliving.com\/wp-content\/uploads\/1-stol-rozkladany-casa-dab-naturalny.jpg\" \/>\n\t<meta property=\"og:image:width\" content=\"1600\" \/>\n\t<meta property=\"og:image:height\" content=\"1200\" \/>\n\t<meta property=\"og:image:type\" content=\"image\/jpeg\" \/>\n<meta name=\"twitter:card\" content=\"summary_large_image\" \/>\n<meta name=\"twitter:label1\" content=\"Disponibilit\u00e9\" \/>\n\t<meta name=\"twitter:data1\" content=\"En stock\" \/>\n<script type=\"application\/ld+json\" class=\"yoast-schema-graph\">{\"@context\":\"https:\/\/schema.org\",\"@graph\":[{\"@type\":[\"WebPage\",\"ItemPage\"],\"@id\":\"https:\/\/alloraliving.com\/fr\/table-extensible-casa\/\",\"url\":\"https:\/\/alloraliving.com\/fr\/table-extensible-casa\/\",\"name\":\"Table extensible Casa - AlloraLiving.com\",\"isPartOf\":{\"@id\":\"https:\/\/alloraliving.com\/fr\/#website\"},\"primaryImageOfPage\":{\"@id\":\"https:\/\/alloraliving.com\/fr\/table-extensible-casa\/#primaryimage\"},\"image\":{\"@id\":\"https:\/\/alloraliving.com\/fr\/table-extensible-casa\/#primaryimage\"},\"thumbnailUrl\":\"https:\/\/alloraliving.com\/wp-content\/uploads\/1-stol-rozkladany-casa-dab-naturalny.jpg\",\"datePublished\":\"2024-07-05T11:04:37+00:00\",\"dateModified\":\"2025-02-11T07:52:57+00:00\",\"breadcrumb\":{\"@id\":\"https:\/\/alloraliving.com\/fr\/table-extensible-casa\/#breadcrumb\"},\"inLanguage\":\"fr-FR\",\"potentialAction\":[{\"@type\":\"ReadAction\",\"target\":[\"https:\/\/alloraliving.com\/fr\/table-extensible-casa\/\"]}]},{\"@type\":\"ImageObject\",\"inLanguage\":\"fr-FR\",\"@id\":\"https:\/\/alloraliving.com\/fr\/table-extensible-casa\/#primaryimage\",\"url\":\"https:\/\/alloraliving.com\/wp-content\/uploads\/1-stol-rozkladany-casa-dab-naturalny.jpg\",\"contentUrl\":\"https:\/\/alloraliving.com\/wp-content\/uploads\/1-stol-rozkladany-casa-dab-naturalny.jpg\",\"width\":1600,\"height\":1200},{\"@type\":\"BreadcrumbList\",\"@id\":\"https:\/\/alloraliving.com\/fr\/table-extensible-casa\/#breadcrumb\",\"itemListElement\":[{\"@type\":\"ListItem\",\"position\":1,\"name\":\"Strona g\u0142\u00f3wna\",\"item\":\"https:\/\/alloraliving.com\/fr\/\"},{\"@type\":\"ListItem\",\"position\":2,\"name\":\"Boutique\",\"item\":\"https:\/\/alloraliving.com\/fr\/?page_id=6496\"},{\"@type\":\"ListItem\",\"position\":3,\"name\":\"Table extensible Casa\"}]},{\"@type\":\"WebSite\",\"@id\":\"https:\/\/alloraliving.com\/fr\/#website\",\"url\":\"https:\/\/alloraliving.com\/fr\/\",\"name\":\"AlloraLiving.com\",\"description\":\"\",\"potentialAction\":[{\"@type\":\"SearchAction\",\"target\":{\"@type\":\"EntryPoint\",\"urlTemplate\":\"https:\/\/alloraliving.com\/fr\/?s={search_term_string}\"},\"query-input\":{\"@type\":\"PropertyValueSpecification\",\"valueRequired\":true,\"valueName\":\"search_term_string\"}}],\"inLanguage\":\"fr-FR\"}]}<\/script>\n<meta property=\"og:availability\" content=\"instock\" \/>\n<meta property=\"product:availability\" content=\"instock\" \/>\n<meta property=\"product:condition\" content=\"new\" \/>\n<!-- \/ Yoast SEO Premium plugin. -->","yoast_head_json":{"title":"Table extensible Casa - AlloraLiving.com","robots":{"index":"index","follow":"follow","max-snippet":"max-snippet:-1","max-image-preview":"max-image-preview:large","max-video-preview":"max-video-preview:-1"},"canonical":"https:\/\/alloraliving.com\/fr\/table-extensible-casa\/","og_locale":"fr_FR","og_type":"article","og_title":"Table extensible Casa","og_description":"La table extensible CASA est la solution parfaite pour toutes les occasions \u2013 des repas quotidiens aux r\u00e9unions plus grandes et sp\u00e9ciales avec la famille et les amis. Gr\u00e2ce \u00e0 ses pieds \u00e9l\u00e9gants et rainur\u00e9s et \u00e0 son plateau classique dans une teinte de ch\u00eane naturel, il introduit une esth\u00e9tique intemporelle \u00e0 l'int\u00e9rieur. Son syst\u00e8me de pliage permet d'augmenter rapidement la surface de 200 cm \u00e0 300 cm, ce qui le rend id\u00e9al pour les invit\u00e9s inattendus et les grandes occasions.  En introduisant cet \u00e9l\u00e9ment dans nos collections, nous esp\u00e9rons que nos meubles deviendront non seulement un \u00e9l\u00e9ment de d\u00e9cor, mais aussi un pr\u00e9texte pour passer des moments inoubliables avec vos proches.","og_url":"https:\/\/alloraliving.com\/fr\/table-extensible-casa\/","og_site_name":"AlloraLiving.com","article_modified_time":"2025-02-11T07:52:57+00:00","og_image":[{"width":1600,"height":1200,"url":"https:\/\/alloraliving.com\/wp-content\/uploads\/1-stol-rozkladany-casa-dab-naturalny.jpg","type":"image\/jpeg"}],"twitter_card":"summary_large_image","twitter_misc":{"Disponibilit\u00e9":"En stock"},"schema":{"@context":"https:\/\/schema.org","@graph":[{"@type":["WebPage","ItemPage"],"@id":"https:\/\/alloraliving.com\/fr\/table-extensible-casa\/","url":"https:\/\/alloraliving.com\/fr\/table-extensible-casa\/","name":"Table extensible Casa - AlloraLiving.com","isPartOf":{"@id":"https:\/\/alloraliving.com\/fr\/#website"},"primaryImageOfPage":{"@id":"https:\/\/alloraliving.com\/fr\/table-extensible-casa\/#primaryimage"},"image":{"@id":"https:\/\/alloraliving.com\/fr\/table-extensible-casa\/#primaryimage"},"thumbnailUrl":"https:\/\/alloraliving.com\/wp-content\/uploads\/1-stol-rozkladany-casa-dab-naturalny.jpg","datePublished":"2024-07-05T11:04:37+00:00","dateModified":"2025-02-11T07:52:57+00:00","breadcrumb":{"@id":"https:\/\/alloraliving.com\/fr\/table-extensible-casa\/#breadcrumb"},"inLanguage":"fr-FR","potentialAction":[{"@type":"ReadAction","target":["https:\/\/alloraliving.com\/fr\/table-extensible-casa\/"]}]},{"@type":"ImageObject","inLanguage":"fr-FR","@id":"https:\/\/alloraliving.com\/fr\/table-extensible-casa\/#primaryimage","url":"https:\/\/alloraliving.com\/wp-content\/uploads\/1-stol-rozkladany-casa-dab-naturalny.jpg","contentUrl":"https:\/\/alloraliving.com\/wp-content\/uploads\/1-stol-rozkladany-casa-dab-naturalny.jpg","width":1600,"height":1200},{"@type":"BreadcrumbList","@id":"https:\/\/alloraliving.com\/fr\/table-extensible-casa\/#breadcrumb","itemListElement":[{"@type":"ListItem","position":1,"name":"Strona g\u0142\u00f3wna","item":"https:\/\/alloraliving.com\/fr\/"},{"@type":"ListItem","position":2,"name":"Boutique","item":"https:\/\/alloraliving.com\/fr\/?page_id=6496"},{"@type":"ListItem","position":3,"name":"Table extensible Casa"}]},{"@type":"WebSite","@id":"https:\/\/alloraliving.com\/fr\/#website","url":"https:\/\/alloraliving.com\/fr\/","name":"AlloraLiving.com","description":"","potentialAction":[{"@type":"SearchAction","target":{"@type":"EntryPoint","urlTemplate":"https:\/\/alloraliving.com\/fr\/?s={search_term_string}"},"query-input":{"@type":"PropertyValueSpecification","valueRequired":true,"valueName":"search_term_string"}}],"inLanguage":"fr-FR"}]},"og_availability":"instock","product_availability":"instock","product_condition":"new"},"_links":{"self":[{"href":"https:\/\/alloraliving.com\/fr\/wp-json\/wp\/v2\/product\/8488","targetHints":{"allow":["GET"]}}],"collection":[{"href":"https:\/\/alloraliving.com\/fr\/wp-json\/wp\/v2\/product"}],"about":[{"href":"https:\/\/alloraliving.com\/fr\/wp-json\/wp\/v2\/types\/product"}],"wp:featuredmedia":[{"embeddable":true,"href":"https:\/\/alloraliving.com\/fr\/wp-json\/wp\/v2\/media\/8489"}],"wp:attachment":[{"href":"https:\/\/alloraliving.com\/fr\/wp-json\/wp\/v2\/media?parent=8488"}],"wp:term":[{"taxonomy":"product_brand","embeddable":true,"href":"https:\/\/alloraliving.com\/fr\/wp-json\/wp\/v2\/product_brand?post=8488"},{"taxonomy":"product_cat","embeddable":true,"href":"https:\/\/alloraliving.com\/fr\/wp-json\/wp\/v2\/product_cat?post=8488"},{"taxonomy":"product_tag","embeddable":true,"href":"https:\/\/alloraliving.com\/fr\/wp-json\/wp\/v2\/product_tag?post=8488"}],"curies":[{"name":"wp","href":"https:\/\/api.w.org\/{rel}","templated":true}]}}