{"id":8664,"date":"2025-06-16T11:01:43","date_gmt":"2025-06-16T09:01:43","guid":{"rendered":"https:\/\/alloraliving.com\/lit-continental-silenzio\/"},"modified":"2025-06-16T11:47:48","modified_gmt":"2025-06-16T09:47:48","slug":"lit-continental-silenzio","status":"publish","type":"product","link":"https:\/\/alloraliving.com\/fr\/lit-continental-silenzio\/","title":{"rendered":"Lit continental SILENZIO"},"content":{"rendered":"","protected":false},"excerpt":{"rendered":"<p>Ce lit haut de gamme, dot\u00e9 d&rsquo;une t\u00eate de lit capitonn\u00e9e, apporte une \u00e9l\u00e9gance et un confort intemporels dignes d&rsquo;un appartement d&rsquo;h\u00f4tel de luxe. Le mod\u00e8le SILENZIO, disponible en largeurs de 140, 160 et 180 cm, est recouvert de velours, soulignant son caract\u00e8re raffin\u00e9. La t\u00eate de lit, orn\u00e9e de surpiq\u00fbres verticales \u00e0 rayures, affine visuellement la forme du meuble et lui conf\u00e8re une expression architecturale moderne. Des rangements int\u00e9gr\u00e9s pour le linge de lit offrent une fonctionnalit\u00e9 suppl\u00e9mentaire sans perturber l&rsquo;harmonie du lit.<\/p>\n<p>Le nom SILENZIO, inspir\u00e9 du mot italien signifiant \u00ab \u00a0silence\u00a0 \u00bb, symbolise la paix et la r\u00e9g\u00e9n\u00e9ration qu&rsquo;offre ce lit. Ses proportions \u00e9l\u00e9gantes et ses d\u00e9tails soign\u00e9s en font un choix id\u00e9al pour les int\u00e9rieurs minimalistes comme plus classiques. SILENZIO est une proposition pour ceux qui appr\u00e9cient le luxe subtil et le confort exceptionnel\u00a0; un espace o\u00f9 le repos devient un v\u00e9ritable rituel.<\/p>\n","protected":false},"featured_media":8559,"template":"","meta":[],"product_brand":[],"product_cat":[986],"product_tag":[],"class_list":{"0":"post-8664","1":"product","2":"type-product","3":"status-publish","4":"has-post-thumbnail","6":"product_cat-lits-continentaux","7":"product_shipping_class-livraison-gratuite","9":"first","10":"instock","11":"taxable","12":"shipping-taxable","13":"purchasable","14":"product-type-variable","15":"has-default-attributes","16":"wvs-archive-product-wrapper"},"yoast_head":"<!-- This site is optimized with the Yoast SEO Premium plugin v26.8 (Yoast SEO v26.8) - https:\/\/yoast.com\/product\/yoast-seo-premium-wordpress\/ -->\n<title>Lit continental SILENZIO - AlloraLiving.com<\/title>\n<meta name=\"robots\" content=\"index, follow, max-snippet:-1, max-image-preview:large, max-video-preview:-1\" \/>\n<link rel=\"canonical\" href=\"https:\/\/alloraliving.com\/fr\/lit-continental-silenzio\/\" \/>\n<meta property=\"og:locale\" content=\"fr_FR\" \/>\n<meta property=\"og:type\" content=\"article\" \/>\n<meta property=\"og:title\" content=\"Lit continental SILENZIO\" \/>\n<meta property=\"og:description\" content=\"Ce lit haut de gamme, dot\u00e9 d&#039;une t\u00eate de lit capitonn\u00e9e, apporte une \u00e9l\u00e9gance et un confort intemporels dignes d&#039;un appartement d&#039;h\u00f4tel de luxe. Le mod\u00e8le SILENZIO, disponible en largeurs de 140, 160 et 180 cm, est recouvert de velours, soulignant son caract\u00e8re raffin\u00e9. La t\u00eate de lit, orn\u00e9e de surpiq\u00fbres verticales \u00e0 rayures, affine visuellement la forme du meuble et lui conf\u00e8re une expression architecturale moderne. Des rangements int\u00e9gr\u00e9s pour le linge de lit offrent une fonctionnalit\u00e9 suppl\u00e9mentaire sans perturber l&#039;harmonie du lit.  Le nom SILENZIO, inspir\u00e9 du mot italien signifiant \u00ab \u00a0silence\u00a0 \u00bb, symbolise la paix et la r\u00e9g\u00e9n\u00e9ration qu&#039;offre ce lit. Ses proportions \u00e9l\u00e9gantes et ses d\u00e9tails soign\u00e9s en font un choix id\u00e9al pour les int\u00e9rieurs minimalistes comme plus classiques. SILENZIO est une proposition pour ceux qui appr\u00e9cient le luxe subtil et le confort exceptionnel\u00a0; un espace o\u00f9 le repos devient un v\u00e9ritable rituel.\" \/>\n<meta property=\"og:url\" content=\"https:\/\/alloraliving.com\/fr\/lit-continental-silenzio\/\" \/>\n<meta property=\"og:site_name\" content=\"AlloraLiving.com\" \/>\n<meta property=\"article:modified_time\" content=\"2025-06-16T09:47:48+00:00\" \/>\n<meta property=\"og:image\" content=\"https:\/\/alloraliving.com\/wp-content\/uploads\/1-lozko-kontynentalne-silenzio-140x200-sand-cream.jpg\" \/>\n\t<meta property=\"og:image:width\" content=\"1600\" \/>\n\t<meta property=\"og:image:height\" content=\"1200\" \/>\n\t<meta property=\"og:image:type\" content=\"image\/jpeg\" \/>\n<meta name=\"twitter:card\" content=\"summary_large_image\" \/>\n<meta name=\"twitter:label1\" content=\"Disponibilit\u00e9\" \/>\n\t<meta name=\"twitter:data1\" content=\"En stock\" \/>\n<script type=\"application\/ld+json\" class=\"yoast-schema-graph\">{\"@context\":\"https:\/\/schema.org\",\"@graph\":[{\"@type\":[\"WebPage\",\"ItemPage\"],\"@id\":\"https:\/\/alloraliving.com\/fr\/lit-continental-silenzio\/\",\"url\":\"https:\/\/alloraliving.com\/fr\/lit-continental-silenzio\/\",\"name\":\"Lit continental SILENZIO - AlloraLiving.com\",\"isPartOf\":{\"@id\":\"https:\/\/alloraliving.com\/fr\/#website\"},\"primaryImageOfPage\":{\"@id\":\"https:\/\/alloraliving.com\/fr\/lit-continental-silenzio\/#primaryimage\"},\"image\":{\"@id\":\"https:\/\/alloraliving.com\/fr\/lit-continental-silenzio\/#primaryimage\"},\"thumbnailUrl\":\"https:\/\/alloraliving.com\/wp-content\/uploads\/1-lozko-kontynentalne-silenzio-140x200-sand-cream.jpg\",\"datePublished\":\"2025-06-16T09:01:43+00:00\",\"dateModified\":\"2025-06-16T09:47:48+00:00\",\"breadcrumb\":{\"@id\":\"https:\/\/alloraliving.com\/fr\/lit-continental-silenzio\/#breadcrumb\"},\"inLanguage\":\"fr-FR\",\"potentialAction\":[{\"@type\":\"ReadAction\",\"target\":[\"https:\/\/alloraliving.com\/fr\/lit-continental-silenzio\/\"]}]},{\"@type\":\"ImageObject\",\"inLanguage\":\"fr-FR\",\"@id\":\"https:\/\/alloraliving.com\/fr\/lit-continental-silenzio\/#primaryimage\",\"url\":\"https:\/\/alloraliving.com\/wp-content\/uploads\/1-lozko-kontynentalne-silenzio-140x200-sand-cream.jpg\",\"contentUrl\":\"https:\/\/alloraliving.com\/wp-content\/uploads\/1-lozko-kontynentalne-silenzio-140x200-sand-cream.jpg\",\"width\":1600,\"height\":1200,\"caption\":\"\u0141\u00f3\u017cko\"},{\"@type\":\"BreadcrumbList\",\"@id\":\"https:\/\/alloraliving.com\/fr\/lit-continental-silenzio\/#breadcrumb\",\"itemListElement\":[{\"@type\":\"ListItem\",\"position\":1,\"name\":\"Strona g\u0142\u00f3wna\",\"item\":\"https:\/\/alloraliving.com\/fr\/\"},{\"@type\":\"ListItem\",\"position\":2,\"name\":\"Boutique\",\"item\":\"https:\/\/alloraliving.com\/fr\/?page_id=6496\"},{\"@type\":\"ListItem\",\"position\":3,\"name\":\"Lit continental SILENZIO\"}]},{\"@type\":\"WebSite\",\"@id\":\"https:\/\/alloraliving.com\/fr\/#website\",\"url\":\"https:\/\/alloraliving.com\/fr\/\",\"name\":\"AlloraLiving.com\",\"description\":\"\",\"potentialAction\":[{\"@type\":\"SearchAction\",\"target\":{\"@type\":\"EntryPoint\",\"urlTemplate\":\"https:\/\/alloraliving.com\/fr\/?s={search_term_string}\"},\"query-input\":{\"@type\":\"PropertyValueSpecification\",\"valueRequired\":true,\"valueName\":\"search_term_string\"}}],\"inLanguage\":\"fr-FR\"}]}<\/script>\n<meta property=\"og:availability\" content=\"instock\" \/>\n<meta property=\"product:availability\" content=\"instock\" \/>\n<meta property=\"product:condition\" content=\"new\" \/>\n<!-- \/ Yoast SEO Premium plugin. -->","yoast_head_json":{"title":"Lit continental SILENZIO - AlloraLiving.com","robots":{"index":"index","follow":"follow","max-snippet":"max-snippet:-1","max-image-preview":"max-image-preview:large","max-video-preview":"max-video-preview:-1"},"canonical":"https:\/\/alloraliving.com\/fr\/lit-continental-silenzio\/","og_locale":"fr_FR","og_type":"article","og_title":"Lit continental SILENZIO","og_description":"Ce lit haut de gamme, dot\u00e9 d'une t\u00eate de lit capitonn\u00e9e, apporte une \u00e9l\u00e9gance et un confort intemporels dignes d'un appartement d'h\u00f4tel de luxe. Le mod\u00e8le SILENZIO, disponible en largeurs de 140, 160 et 180 cm, est recouvert de velours, soulignant son caract\u00e8re raffin\u00e9. La t\u00eate de lit, orn\u00e9e de surpiq\u00fbres verticales \u00e0 rayures, affine visuellement la forme du meuble et lui conf\u00e8re une expression architecturale moderne. Des rangements int\u00e9gr\u00e9s pour le linge de lit offrent une fonctionnalit\u00e9 suppl\u00e9mentaire sans perturber l'harmonie du lit.  Le nom SILENZIO, inspir\u00e9 du mot italien signifiant \u00ab \u00a0silence\u00a0 \u00bb, symbolise la paix et la r\u00e9g\u00e9n\u00e9ration qu'offre ce lit. Ses proportions \u00e9l\u00e9gantes et ses d\u00e9tails soign\u00e9s en font un choix id\u00e9al pour les int\u00e9rieurs minimalistes comme plus classiques. SILENZIO est une proposition pour ceux qui appr\u00e9cient le luxe subtil et le confort exceptionnel\u00a0; un espace o\u00f9 le repos devient un v\u00e9ritable rituel.","og_url":"https:\/\/alloraliving.com\/fr\/lit-continental-silenzio\/","og_site_name":"AlloraLiving.com","article_modified_time":"2025-06-16T09:47:48+00:00","og_image":[{"width":1600,"height":1200,"url":"https:\/\/alloraliving.com\/wp-content\/uploads\/1-lozko-kontynentalne-silenzio-140x200-sand-cream.jpg","type":"image\/jpeg"}],"twitter_card":"summary_large_image","twitter_misc":{"Disponibilit\u00e9":"En stock"},"schema":{"@context":"https:\/\/schema.org","@graph":[{"@type":["WebPage","ItemPage"],"@id":"https:\/\/alloraliving.com\/fr\/lit-continental-silenzio\/","url":"https:\/\/alloraliving.com\/fr\/lit-continental-silenzio\/","name":"Lit continental SILENZIO - AlloraLiving.com","isPartOf":{"@id":"https:\/\/alloraliving.com\/fr\/#website"},"primaryImageOfPage":{"@id":"https:\/\/alloraliving.com\/fr\/lit-continental-silenzio\/#primaryimage"},"image":{"@id":"https:\/\/alloraliving.com\/fr\/lit-continental-silenzio\/#primaryimage"},"thumbnailUrl":"https:\/\/alloraliving.com\/wp-content\/uploads\/1-lozko-kontynentalne-silenzio-140x200-sand-cream.jpg","datePublished":"2025-06-16T09:01:43+00:00","dateModified":"2025-06-16T09:47:48+00:00","breadcrumb":{"@id":"https:\/\/alloraliving.com\/fr\/lit-continental-silenzio\/#breadcrumb"},"inLanguage":"fr-FR","potentialAction":[{"@type":"ReadAction","target":["https:\/\/alloraliving.com\/fr\/lit-continental-silenzio\/"]}]},{"@type":"ImageObject","inLanguage":"fr-FR","@id":"https:\/\/alloraliving.com\/fr\/lit-continental-silenzio\/#primaryimage","url":"https:\/\/alloraliving.com\/wp-content\/uploads\/1-lozko-kontynentalne-silenzio-140x200-sand-cream.jpg","contentUrl":"https:\/\/alloraliving.com\/wp-content\/uploads\/1-lozko-kontynentalne-silenzio-140x200-sand-cream.jpg","width":1600,"height":1200,"caption":"\u0141\u00f3\u017cko"},{"@type":"BreadcrumbList","@id":"https:\/\/alloraliving.com\/fr\/lit-continental-silenzio\/#breadcrumb","itemListElement":[{"@type":"ListItem","position":1,"name":"Strona g\u0142\u00f3wna","item":"https:\/\/alloraliving.com\/fr\/"},{"@type":"ListItem","position":2,"name":"Boutique","item":"https:\/\/alloraliving.com\/fr\/?page_id=6496"},{"@type":"ListItem","position":3,"name":"Lit continental SILENZIO"}]},{"@type":"WebSite","@id":"https:\/\/alloraliving.com\/fr\/#website","url":"https:\/\/alloraliving.com\/fr\/","name":"AlloraLiving.com","description":"","potentialAction":[{"@type":"SearchAction","target":{"@type":"EntryPoint","urlTemplate":"https:\/\/alloraliving.com\/fr\/?s={search_term_string}"},"query-input":{"@type":"PropertyValueSpecification","valueRequired":true,"valueName":"search_term_string"}}],"inLanguage":"fr-FR"}]},"og_availability":"instock","product_availability":"instock","product_condition":"new"},"_links":{"self":[{"href":"https:\/\/alloraliving.com\/fr\/wp-json\/wp\/v2\/product\/8664","targetHints":{"allow":["GET"]}}],"collection":[{"href":"https:\/\/alloraliving.com\/fr\/wp-json\/wp\/v2\/product"}],"about":[{"href":"https:\/\/alloraliving.com\/fr\/wp-json\/wp\/v2\/types\/product"}],"wp:featuredmedia":[{"embeddable":true,"href":"https:\/\/alloraliving.com\/fr\/wp-json\/wp\/v2\/media\/8559"}],"wp:attachment":[{"href":"https:\/\/alloraliving.com\/fr\/wp-json\/wp\/v2\/media?parent=8664"}],"wp:term":[{"taxonomy":"product_brand","embeddable":true,"href":"https:\/\/alloraliving.com\/fr\/wp-json\/wp\/v2\/product_brand?post=8664"},{"taxonomy":"product_cat","embeddable":true,"href":"https:\/\/alloraliving.com\/fr\/wp-json\/wp\/v2\/product_cat?post=8664"},{"taxonomy":"product_tag","embeddable":true,"href":"https:\/\/alloraliving.com\/fr\/wp-json\/wp\/v2\/product_tag?post=8664"}],"curies":[{"name":"wp","href":"https:\/\/api.w.org\/{rel}","templated":true}]}}