{"id":8898,"date":"2025-06-16T15:15:55","date_gmt":"2025-06-16T13:15:55","guid":{"rendered":"https:\/\/alloraliving.com\/?post_type=product&#038;p=8898"},"modified":"2025-06-23T12:06:38","modified_gmt":"2025-06-23T10:06:38","slug":"lit-continental-sonata","status":"publish","type":"product","link":"https:\/\/alloraliving.com\/fr\/lit-continental-sonata\/","title":{"rendered":"Lit continental SONATA"},"content":{"rendered":"","protected":false},"excerpt":{"rendered":"<p>Ce lit continental haut avec t\u00eate de lit rembourr\u00e9e allie style raffin\u00e9 et confort in\u00e9gal\u00e9. Le mod\u00e8le SONATA, disponible en largeurs 140, 160 et 180 cm, est recouvert d&rsquo;un rev\u00eatement en velours doux qui souligne son caract\u00e8re subtil et \u00e9l\u00e9gant. La t\u00eate de lit avec deux bandes l\u00e9g\u00e8rement ray\u00e9es conf\u00e8re \u00e0 la structure une l\u00e9g\u00e8ret\u00e9 et une disposition rythm\u00e9e, apportant harmonie et esth\u00e9tique intemporelle \u00e0 l&rsquo;int\u00e9rieur. Les compartiments de rangement int\u00e9gr\u00e9s rendent le lit non seulement impressionnant, mais aussi extr\u00eamement fonctionnel.<\/p>\n<p>Le nom SONATA, inspir\u00e9 de la musique, symbolise l&rsquo;harmonie et la fluidit\u00e9 des formes qui d\u00e9finissent ce mod\u00e8le. Ses proportions et ses d\u00e9tails soigneusement travaill\u00e9s lui permettent de s&rsquo;int\u00e9grer parfaitement dans des int\u00e9rieurs classiques ou modernes. SONATA est un lit con\u00e7u pour ceux qui souhaitent s&rsquo;entourer de beaut\u00e9 et de confort au plus haut niveau, \u00e0 l&rsquo;image d&rsquo;une m\u00e9lodie bien compos\u00e9e qui apaise et enchante \u00e0 la fois.<\/p>\n","protected":false},"featured_media":8937,"template":"","meta":[],"product_brand":[],"product_cat":[986],"product_tag":[],"class_list":{"0":"post-8898","1":"product","2":"type-product","3":"status-publish","4":"has-post-thumbnail","6":"product_cat-lits-continentaux","7":"product_shipping_class-livraison-gratuite","9":"first","10":"instock","11":"taxable","12":"shipping-taxable","13":"purchasable","14":"product-type-variable","15":"has-default-attributes","16":"wvs-archive-product-wrapper"},"yoast_head":"<!-- This site is optimized with the Yoast SEO Premium plugin v26.8 (Yoast SEO v26.8) - https:\/\/yoast.com\/product\/yoast-seo-premium-wordpress\/ -->\n<title>Lit continental SONATA - AlloraLiving.com<\/title>\n<meta name=\"robots\" content=\"index, follow, max-snippet:-1, max-image-preview:large, max-video-preview:-1\" \/>\n<link rel=\"canonical\" href=\"https:\/\/alloraliving.com\/fr\/lit-continental-sonata\/\" \/>\n<meta property=\"og:locale\" content=\"fr_FR\" \/>\n<meta property=\"og:type\" content=\"article\" \/>\n<meta property=\"og:title\" content=\"Lit continental SONATA\" \/>\n<meta property=\"og:description\" content=\"Ce lit continental haut avec t\u00eate de lit rembourr\u00e9e allie style raffin\u00e9 et confort in\u00e9gal\u00e9. Le mod\u00e8le SONATA, disponible en largeurs 140, 160 et 180 cm, est recouvert d&#039;un rev\u00eatement en velours doux qui souligne son caract\u00e8re subtil et \u00e9l\u00e9gant. La t\u00eate de lit avec deux bandes l\u00e9g\u00e8rement ray\u00e9es conf\u00e8re \u00e0 la structure une l\u00e9g\u00e8ret\u00e9 et une disposition rythm\u00e9e, apportant harmonie et esth\u00e9tique intemporelle \u00e0 l&#039;int\u00e9rieur. Les compartiments de rangement int\u00e9gr\u00e9s rendent le lit non seulement impressionnant, mais aussi extr\u00eamement fonctionnel.  Le nom SONATA, inspir\u00e9 de la musique, symbolise l&#039;harmonie et la fluidit\u00e9 des formes qui d\u00e9finissent ce mod\u00e8le. Ses proportions et ses d\u00e9tails soigneusement travaill\u00e9s lui permettent de s&#039;int\u00e9grer parfaitement dans des int\u00e9rieurs classiques ou modernes. SONATA est un lit con\u00e7u pour ceux qui souhaitent s&#039;entourer de beaut\u00e9 et de confort au plus haut niveau, \u00e0 l&#039;image d&#039;une m\u00e9lodie bien compos\u00e9e qui apaise et enchante \u00e0 la fois.\" \/>\n<meta property=\"og:url\" content=\"https:\/\/alloraliving.com\/fr\/lit-continental-sonata\/\" \/>\n<meta property=\"og:site_name\" content=\"AlloraLiving.com\" \/>\n<meta property=\"article:modified_time\" content=\"2025-06-23T10:06:38+00:00\" \/>\n<meta property=\"og:image\" content=\"https:\/\/alloraliving.com\/wp-content\/uploads\/1-lozko-kontynentalne-sonata-140x200-sand-cream.jpg\" \/>\n\t<meta property=\"og:image:width\" content=\"1600\" \/>\n\t<meta property=\"og:image:height\" content=\"1200\" \/>\n\t<meta property=\"og:image:type\" content=\"image\/jpeg\" \/>\n<meta name=\"twitter:card\" content=\"summary_large_image\" \/>\n<meta name=\"twitter:label1\" content=\"Disponibilit\u00e9\" \/>\n\t<meta name=\"twitter:data1\" content=\"En stock\" \/>\n<script type=\"application\/ld+json\" class=\"yoast-schema-graph\">{\"@context\":\"https:\/\/schema.org\",\"@graph\":[{\"@type\":[\"WebPage\",\"ItemPage\"],\"@id\":\"https:\/\/alloraliving.com\/fr\/lit-continental-sonata\/\",\"url\":\"https:\/\/alloraliving.com\/fr\/lit-continental-sonata\/\",\"name\":\"Lit continental SONATA - AlloraLiving.com\",\"isPartOf\":{\"@id\":\"https:\/\/alloraliving.com\/fr\/#website\"},\"primaryImageOfPage\":{\"@id\":\"https:\/\/alloraliving.com\/fr\/lit-continental-sonata\/#primaryimage\"},\"image\":{\"@id\":\"https:\/\/alloraliving.com\/fr\/lit-continental-sonata\/#primaryimage\"},\"thumbnailUrl\":\"https:\/\/alloraliving.com\/wp-content\/uploads\/1-lozko-kontynentalne-sonata-140x200-sand-cream.jpg\",\"datePublished\":\"2025-06-16T13:15:55+00:00\",\"dateModified\":\"2025-06-23T10:06:38+00:00\",\"breadcrumb\":{\"@id\":\"https:\/\/alloraliving.com\/fr\/lit-continental-sonata\/#breadcrumb\"},\"inLanguage\":\"fr-FR\",\"potentialAction\":[{\"@type\":\"ReadAction\",\"target\":[\"https:\/\/alloraliving.com\/fr\/lit-continental-sonata\/\"]}]},{\"@type\":\"ImageObject\",\"inLanguage\":\"fr-FR\",\"@id\":\"https:\/\/alloraliving.com\/fr\/lit-continental-sonata\/#primaryimage\",\"url\":\"https:\/\/alloraliving.com\/wp-content\/uploads\/1-lozko-kontynentalne-sonata-140x200-sand-cream.jpg\",\"contentUrl\":\"https:\/\/alloraliving.com\/wp-content\/uploads\/1-lozko-kontynentalne-sonata-140x200-sand-cream.jpg\",\"width\":1600,\"height\":1200,\"caption\":\"\u0141\u00f3\u017cko kontynentalne sonata\"},{\"@type\":\"BreadcrumbList\",\"@id\":\"https:\/\/alloraliving.com\/fr\/lit-continental-sonata\/#breadcrumb\",\"itemListElement\":[{\"@type\":\"ListItem\",\"position\":1,\"name\":\"Strona g\u0142\u00f3wna\",\"item\":\"https:\/\/alloraliving.com\/fr\/\"},{\"@type\":\"ListItem\",\"position\":2,\"name\":\"Boutique\",\"item\":\"https:\/\/alloraliving.com\/fr\/?page_id=6496\"},{\"@type\":\"ListItem\",\"position\":3,\"name\":\"Lit continental SONATA\"}]},{\"@type\":\"WebSite\",\"@id\":\"https:\/\/alloraliving.com\/fr\/#website\",\"url\":\"https:\/\/alloraliving.com\/fr\/\",\"name\":\"AlloraLiving.com\",\"description\":\"\",\"potentialAction\":[{\"@type\":\"SearchAction\",\"target\":{\"@type\":\"EntryPoint\",\"urlTemplate\":\"https:\/\/alloraliving.com\/fr\/?s={search_term_string}\"},\"query-input\":{\"@type\":\"PropertyValueSpecification\",\"valueRequired\":true,\"valueName\":\"search_term_string\"}}],\"inLanguage\":\"fr-FR\"}]}<\/script>\n<meta property=\"og:availability\" content=\"instock\" \/>\n<meta property=\"product:availability\" content=\"instock\" \/>\n<meta property=\"product:condition\" content=\"new\" \/>\n<!-- \/ Yoast SEO Premium plugin. -->","yoast_head_json":{"title":"Lit continental SONATA - AlloraLiving.com","robots":{"index":"index","follow":"follow","max-snippet":"max-snippet:-1","max-image-preview":"max-image-preview:large","max-video-preview":"max-video-preview:-1"},"canonical":"https:\/\/alloraliving.com\/fr\/lit-continental-sonata\/","og_locale":"fr_FR","og_type":"article","og_title":"Lit continental SONATA","og_description":"Ce lit continental haut avec t\u00eate de lit rembourr\u00e9e allie style raffin\u00e9 et confort in\u00e9gal\u00e9. Le mod\u00e8le SONATA, disponible en largeurs 140, 160 et 180 cm, est recouvert d'un rev\u00eatement en velours doux qui souligne son caract\u00e8re subtil et \u00e9l\u00e9gant. La t\u00eate de lit avec deux bandes l\u00e9g\u00e8rement ray\u00e9es conf\u00e8re \u00e0 la structure une l\u00e9g\u00e8ret\u00e9 et une disposition rythm\u00e9e, apportant harmonie et esth\u00e9tique intemporelle \u00e0 l'int\u00e9rieur. Les compartiments de rangement int\u00e9gr\u00e9s rendent le lit non seulement impressionnant, mais aussi extr\u00eamement fonctionnel.  Le nom SONATA, inspir\u00e9 de la musique, symbolise l'harmonie et la fluidit\u00e9 des formes qui d\u00e9finissent ce mod\u00e8le. Ses proportions et ses d\u00e9tails soigneusement travaill\u00e9s lui permettent de s'int\u00e9grer parfaitement dans des int\u00e9rieurs classiques ou modernes. SONATA est un lit con\u00e7u pour ceux qui souhaitent s'entourer de beaut\u00e9 et de confort au plus haut niveau, \u00e0 l'image d'une m\u00e9lodie bien compos\u00e9e qui apaise et enchante \u00e0 la fois.","og_url":"https:\/\/alloraliving.com\/fr\/lit-continental-sonata\/","og_site_name":"AlloraLiving.com","article_modified_time":"2025-06-23T10:06:38+00:00","og_image":[{"width":1600,"height":1200,"url":"https:\/\/alloraliving.com\/wp-content\/uploads\/1-lozko-kontynentalne-sonata-140x200-sand-cream.jpg","type":"image\/jpeg"}],"twitter_card":"summary_large_image","twitter_misc":{"Disponibilit\u00e9":"En stock"},"schema":{"@context":"https:\/\/schema.org","@graph":[{"@type":["WebPage","ItemPage"],"@id":"https:\/\/alloraliving.com\/fr\/lit-continental-sonata\/","url":"https:\/\/alloraliving.com\/fr\/lit-continental-sonata\/","name":"Lit continental SONATA - AlloraLiving.com","isPartOf":{"@id":"https:\/\/alloraliving.com\/fr\/#website"},"primaryImageOfPage":{"@id":"https:\/\/alloraliving.com\/fr\/lit-continental-sonata\/#primaryimage"},"image":{"@id":"https:\/\/alloraliving.com\/fr\/lit-continental-sonata\/#primaryimage"},"thumbnailUrl":"https:\/\/alloraliving.com\/wp-content\/uploads\/1-lozko-kontynentalne-sonata-140x200-sand-cream.jpg","datePublished":"2025-06-16T13:15:55+00:00","dateModified":"2025-06-23T10:06:38+00:00","breadcrumb":{"@id":"https:\/\/alloraliving.com\/fr\/lit-continental-sonata\/#breadcrumb"},"inLanguage":"fr-FR","potentialAction":[{"@type":"ReadAction","target":["https:\/\/alloraliving.com\/fr\/lit-continental-sonata\/"]}]},{"@type":"ImageObject","inLanguage":"fr-FR","@id":"https:\/\/alloraliving.com\/fr\/lit-continental-sonata\/#primaryimage","url":"https:\/\/alloraliving.com\/wp-content\/uploads\/1-lozko-kontynentalne-sonata-140x200-sand-cream.jpg","contentUrl":"https:\/\/alloraliving.com\/wp-content\/uploads\/1-lozko-kontynentalne-sonata-140x200-sand-cream.jpg","width":1600,"height":1200,"caption":"\u0141\u00f3\u017cko kontynentalne sonata"},{"@type":"BreadcrumbList","@id":"https:\/\/alloraliving.com\/fr\/lit-continental-sonata\/#breadcrumb","itemListElement":[{"@type":"ListItem","position":1,"name":"Strona g\u0142\u00f3wna","item":"https:\/\/alloraliving.com\/fr\/"},{"@type":"ListItem","position":2,"name":"Boutique","item":"https:\/\/alloraliving.com\/fr\/?page_id=6496"},{"@type":"ListItem","position":3,"name":"Lit continental SONATA"}]},{"@type":"WebSite","@id":"https:\/\/alloraliving.com\/fr\/#website","url":"https:\/\/alloraliving.com\/fr\/","name":"AlloraLiving.com","description":"","potentialAction":[{"@type":"SearchAction","target":{"@type":"EntryPoint","urlTemplate":"https:\/\/alloraliving.com\/fr\/?s={search_term_string}"},"query-input":{"@type":"PropertyValueSpecification","valueRequired":true,"valueName":"search_term_string"}}],"inLanguage":"fr-FR"}]},"og_availability":"instock","product_availability":"instock","product_condition":"new"},"_links":{"self":[{"href":"https:\/\/alloraliving.com\/fr\/wp-json\/wp\/v2\/product\/8898","targetHints":{"allow":["GET"]}}],"collection":[{"href":"https:\/\/alloraliving.com\/fr\/wp-json\/wp\/v2\/product"}],"about":[{"href":"https:\/\/alloraliving.com\/fr\/wp-json\/wp\/v2\/types\/product"}],"wp:featuredmedia":[{"embeddable":true,"href":"https:\/\/alloraliving.com\/fr\/wp-json\/wp\/v2\/media\/8937"}],"wp:attachment":[{"href":"https:\/\/alloraliving.com\/fr\/wp-json\/wp\/v2\/media?parent=8898"}],"wp:term":[{"taxonomy":"product_brand","embeddable":true,"href":"https:\/\/alloraliving.com\/fr\/wp-json\/wp\/v2\/product_brand?post=8898"},{"taxonomy":"product_cat","embeddable":true,"href":"https:\/\/alloraliving.com\/fr\/wp-json\/wp\/v2\/product_cat?post=8898"},{"taxonomy":"product_tag","embeddable":true,"href":"https:\/\/alloraliving.com\/fr\/wp-json\/wp\/v2\/product_tag?post=8898"}],"curies":[{"name":"wp","href":"https:\/\/api.w.org\/{rel}","templated":true}]}}