{"id":9607,"date":"2025-06-18T11:28:49","date_gmt":"2025-06-18T09:28:49","guid":{"rendered":"https:\/\/alloraliving.com\/?post_type=product&#038;p=9607"},"modified":"2025-06-23T12:09:51","modified_gmt":"2025-06-23T10:09:51","slug":"lit-continental-sereno","status":"publish","type":"product","link":"https:\/\/alloraliving.com\/fr\/lit-continental-sereno\/","title":{"rendered":"Lit continental SERENO"},"content":{"rendered":"","protected":false},"excerpt":{"rendered":"<p>Le lit continental haut avec t\u00eate de lit rembourr\u00e9e offre un confort digne d&rsquo;un h\u00f4tel dans le confort de votre foyer. Le mod\u00e8le SERENO est disponible en trois largeurs (140, 160 et 180 cm) et dans des couleurs soigneusement s\u00e9lectionn\u00e9es pour le rev\u00eatement en velours, ce qui vous permet de l&rsquo;adapter facilement \u00e0 vos besoins. La t\u00eate de lit confortable matelass\u00e9e en damier souligne le caract\u00e8re raffin\u00e9 du meuble, tandis que les compartiments de rangement pour la literie offrent un espace de rangement suppl\u00e9mentaire tout en conservant l&rsquo;\u00e9l\u00e9gance de l&rsquo;ensemble.<\/p>\n<p>Le nom SERENO, d\u00e9riv\u00e9 du concept italien de paix et d&rsquo;harmonie, refl\u00e8te l&rsquo;id\u00e9e de confort et de style intemporel, qui se rencontrent dans un \u00e9quilibre parfait. C&rsquo;est une proposition pour ceux qui appr\u00e9cient non seulement les solutions fonctionnelles et l&rsquo;aspect luxueux, mais aussi la subtile touche d&rsquo;inspiration m\u00e9diterran\u00e9enne dans leur propre chambre \u00e0 coucher.<\/p>\n","protected":false},"featured_media":9655,"template":"","meta":[],"product_brand":[],"product_cat":[986],"product_tag":[],"class_list":{"0":"post-9607","1":"product","2":"type-product","3":"status-publish","4":"has-post-thumbnail","6":"product_cat-lits-continentaux","7":"product_shipping_class-livraison-gratuite","9":"first","10":"instock","11":"taxable","12":"shipping-taxable","13":"purchasable","14":"product-type-variable","15":"has-default-attributes","16":"wvs-archive-product-wrapper"},"yoast_head":"<!-- This site is optimized with the Yoast SEO Premium plugin v26.8 (Yoast SEO v26.8) - https:\/\/yoast.com\/product\/yoast-seo-premium-wordpress\/ -->\n<title>Lit continental SERENO - AlloraLiving.com<\/title>\n<meta name=\"robots\" content=\"index, follow, max-snippet:-1, max-image-preview:large, max-video-preview:-1\" \/>\n<link rel=\"canonical\" href=\"https:\/\/alloraliving.com\/fr\/lit-continental-sereno\/\" \/>\n<meta property=\"og:locale\" content=\"fr_FR\" \/>\n<meta property=\"og:type\" content=\"article\" \/>\n<meta property=\"og:title\" content=\"Lit continental SERENO\" \/>\n<meta property=\"og:description\" content=\"Le lit continental haut avec t\u00eate de lit rembourr\u00e9e offre un confort digne d&#039;un h\u00f4tel dans le confort de votre foyer. Le mod\u00e8le SERENO est disponible en trois largeurs (140, 160 et 180 cm) et dans des couleurs soigneusement s\u00e9lectionn\u00e9es pour le rev\u00eatement en velours, ce qui vous permet de l&#039;adapter facilement \u00e0 vos besoins. La t\u00eate de lit confortable matelass\u00e9e en damier souligne le caract\u00e8re raffin\u00e9 du meuble, tandis que les compartiments de rangement pour la literie offrent un espace de rangement suppl\u00e9mentaire tout en conservant l&#039;\u00e9l\u00e9gance de l&#039;ensemble.  Le nom SERENO, d\u00e9riv\u00e9 du concept italien de paix et d&#039;harmonie, refl\u00e8te l&#039;id\u00e9e de confort et de style intemporel, qui se rencontrent dans un \u00e9quilibre parfait. C&#039;est une proposition pour ceux qui appr\u00e9cient non seulement les solutions fonctionnelles et l&#039;aspect luxueux, mais aussi la subtile touche d&#039;inspiration m\u00e9diterran\u00e9enne dans leur propre chambre \u00e0 coucher.\" \/>\n<meta property=\"og:url\" content=\"https:\/\/alloraliving.com\/fr\/lit-continental-sereno\/\" \/>\n<meta property=\"og:site_name\" content=\"AlloraLiving.com\" \/>\n<meta property=\"article:modified_time\" content=\"2025-06-23T10:09:51+00:00\" \/>\n<meta property=\"og:image\" content=\"https:\/\/alloraliving.com\/wp-content\/uploads\/1-lozko-kontynentalne-sereno-140x200-sand-cream.jpg\" \/>\n\t<meta property=\"og:image:width\" content=\"1600\" \/>\n\t<meta property=\"og:image:height\" content=\"1200\" \/>\n\t<meta property=\"og:image:type\" content=\"image\/jpeg\" \/>\n<meta name=\"twitter:card\" content=\"summary_large_image\" \/>\n<meta name=\"twitter:label1\" content=\"Disponibilit\u00e9\" \/>\n\t<meta name=\"twitter:data1\" content=\"En stock\" \/>\n<script type=\"application\/ld+json\" class=\"yoast-schema-graph\">{\"@context\":\"https:\/\/schema.org\",\"@graph\":[{\"@type\":[\"WebPage\",\"ItemPage\"],\"@id\":\"https:\/\/alloraliving.com\/fr\/lit-continental-sereno\/\",\"url\":\"https:\/\/alloraliving.com\/fr\/lit-continental-sereno\/\",\"name\":\"Lit continental SERENO - AlloraLiving.com\",\"isPartOf\":{\"@id\":\"https:\/\/alloraliving.com\/fr\/#website\"},\"primaryImageOfPage\":{\"@id\":\"https:\/\/alloraliving.com\/fr\/lit-continental-sereno\/#primaryimage\"},\"image\":{\"@id\":\"https:\/\/alloraliving.com\/fr\/lit-continental-sereno\/#primaryimage\"},\"thumbnailUrl\":\"https:\/\/alloraliving.com\/wp-content\/uploads\/1-lozko-kontynentalne-sereno-140x200-sand-cream.jpg\",\"datePublished\":\"2025-06-18T09:28:49+00:00\",\"dateModified\":\"2025-06-23T10:09:51+00:00\",\"breadcrumb\":{\"@id\":\"https:\/\/alloraliving.com\/fr\/lit-continental-sereno\/#breadcrumb\"},\"inLanguage\":\"fr-FR\",\"potentialAction\":[{\"@type\":\"ReadAction\",\"target\":[\"https:\/\/alloraliving.com\/fr\/lit-continental-sereno\/\"]}]},{\"@type\":\"ImageObject\",\"inLanguage\":\"fr-FR\",\"@id\":\"https:\/\/alloraliving.com\/fr\/lit-continental-sereno\/#primaryimage\",\"url\":\"https:\/\/alloraliving.com\/wp-content\/uploads\/1-lozko-kontynentalne-sereno-140x200-sand-cream.jpg\",\"contentUrl\":\"https:\/\/alloraliving.com\/wp-content\/uploads\/1-lozko-kontynentalne-sereno-140x200-sand-cream.jpg\",\"width\":1600,\"height\":1200,\"caption\":\"\u0141\u00f3\u017cko kontynentalne sereno\"},{\"@type\":\"BreadcrumbList\",\"@id\":\"https:\/\/alloraliving.com\/fr\/lit-continental-sereno\/#breadcrumb\",\"itemListElement\":[{\"@type\":\"ListItem\",\"position\":1,\"name\":\"Strona g\u0142\u00f3wna\",\"item\":\"https:\/\/alloraliving.com\/fr\/\"},{\"@type\":\"ListItem\",\"position\":2,\"name\":\"Boutique\",\"item\":\"https:\/\/alloraliving.com\/fr\/?page_id=6496\"},{\"@type\":\"ListItem\",\"position\":3,\"name\":\"Lit continental SERENO\"}]},{\"@type\":\"WebSite\",\"@id\":\"https:\/\/alloraliving.com\/fr\/#website\",\"url\":\"https:\/\/alloraliving.com\/fr\/\",\"name\":\"AlloraLiving.com\",\"description\":\"\",\"potentialAction\":[{\"@type\":\"SearchAction\",\"target\":{\"@type\":\"EntryPoint\",\"urlTemplate\":\"https:\/\/alloraliving.com\/fr\/?s={search_term_string}\"},\"query-input\":{\"@type\":\"PropertyValueSpecification\",\"valueRequired\":true,\"valueName\":\"search_term_string\"}}],\"inLanguage\":\"fr-FR\"}]}<\/script>\n<meta property=\"og:availability\" content=\"instock\" \/>\n<meta property=\"product:availability\" content=\"instock\" \/>\n<meta property=\"product:condition\" content=\"new\" \/>\n<!-- \/ Yoast SEO Premium plugin. -->","yoast_head_json":{"title":"Lit continental SERENO - AlloraLiving.com","robots":{"index":"index","follow":"follow","max-snippet":"max-snippet:-1","max-image-preview":"max-image-preview:large","max-video-preview":"max-video-preview:-1"},"canonical":"https:\/\/alloraliving.com\/fr\/lit-continental-sereno\/","og_locale":"fr_FR","og_type":"article","og_title":"Lit continental SERENO","og_description":"Le lit continental haut avec t\u00eate de lit rembourr\u00e9e offre un confort digne d'un h\u00f4tel dans le confort de votre foyer. Le mod\u00e8le SERENO est disponible en trois largeurs (140, 160 et 180 cm) et dans des couleurs soigneusement s\u00e9lectionn\u00e9es pour le rev\u00eatement en velours, ce qui vous permet de l'adapter facilement \u00e0 vos besoins. La t\u00eate de lit confortable matelass\u00e9e en damier souligne le caract\u00e8re raffin\u00e9 du meuble, tandis que les compartiments de rangement pour la literie offrent un espace de rangement suppl\u00e9mentaire tout en conservant l'\u00e9l\u00e9gance de l'ensemble.  Le nom SERENO, d\u00e9riv\u00e9 du concept italien de paix et d'harmonie, refl\u00e8te l'id\u00e9e de confort et de style intemporel, qui se rencontrent dans un \u00e9quilibre parfait. C'est une proposition pour ceux qui appr\u00e9cient non seulement les solutions fonctionnelles et l'aspect luxueux, mais aussi la subtile touche d'inspiration m\u00e9diterran\u00e9enne dans leur propre chambre \u00e0 coucher.","og_url":"https:\/\/alloraliving.com\/fr\/lit-continental-sereno\/","og_site_name":"AlloraLiving.com","article_modified_time":"2025-06-23T10:09:51+00:00","og_image":[{"width":1600,"height":1200,"url":"https:\/\/alloraliving.com\/wp-content\/uploads\/1-lozko-kontynentalne-sereno-140x200-sand-cream.jpg","type":"image\/jpeg"}],"twitter_card":"summary_large_image","twitter_misc":{"Disponibilit\u00e9":"En stock"},"schema":{"@context":"https:\/\/schema.org","@graph":[{"@type":["WebPage","ItemPage"],"@id":"https:\/\/alloraliving.com\/fr\/lit-continental-sereno\/","url":"https:\/\/alloraliving.com\/fr\/lit-continental-sereno\/","name":"Lit continental SERENO - AlloraLiving.com","isPartOf":{"@id":"https:\/\/alloraliving.com\/fr\/#website"},"primaryImageOfPage":{"@id":"https:\/\/alloraliving.com\/fr\/lit-continental-sereno\/#primaryimage"},"image":{"@id":"https:\/\/alloraliving.com\/fr\/lit-continental-sereno\/#primaryimage"},"thumbnailUrl":"https:\/\/alloraliving.com\/wp-content\/uploads\/1-lozko-kontynentalne-sereno-140x200-sand-cream.jpg","datePublished":"2025-06-18T09:28:49+00:00","dateModified":"2025-06-23T10:09:51+00:00","breadcrumb":{"@id":"https:\/\/alloraliving.com\/fr\/lit-continental-sereno\/#breadcrumb"},"inLanguage":"fr-FR","potentialAction":[{"@type":"ReadAction","target":["https:\/\/alloraliving.com\/fr\/lit-continental-sereno\/"]}]},{"@type":"ImageObject","inLanguage":"fr-FR","@id":"https:\/\/alloraliving.com\/fr\/lit-continental-sereno\/#primaryimage","url":"https:\/\/alloraliving.com\/wp-content\/uploads\/1-lozko-kontynentalne-sereno-140x200-sand-cream.jpg","contentUrl":"https:\/\/alloraliving.com\/wp-content\/uploads\/1-lozko-kontynentalne-sereno-140x200-sand-cream.jpg","width":1600,"height":1200,"caption":"\u0141\u00f3\u017cko kontynentalne sereno"},{"@type":"BreadcrumbList","@id":"https:\/\/alloraliving.com\/fr\/lit-continental-sereno\/#breadcrumb","itemListElement":[{"@type":"ListItem","position":1,"name":"Strona g\u0142\u00f3wna","item":"https:\/\/alloraliving.com\/fr\/"},{"@type":"ListItem","position":2,"name":"Boutique","item":"https:\/\/alloraliving.com\/fr\/?page_id=6496"},{"@type":"ListItem","position":3,"name":"Lit continental SERENO"}]},{"@type":"WebSite","@id":"https:\/\/alloraliving.com\/fr\/#website","url":"https:\/\/alloraliving.com\/fr\/","name":"AlloraLiving.com","description":"","potentialAction":[{"@type":"SearchAction","target":{"@type":"EntryPoint","urlTemplate":"https:\/\/alloraliving.com\/fr\/?s={search_term_string}"},"query-input":{"@type":"PropertyValueSpecification","valueRequired":true,"valueName":"search_term_string"}}],"inLanguage":"fr-FR"}]},"og_availability":"instock","product_availability":"instock","product_condition":"new"},"_links":{"self":[{"href":"https:\/\/alloraliving.com\/fr\/wp-json\/wp\/v2\/product\/9607","targetHints":{"allow":["GET"]}}],"collection":[{"href":"https:\/\/alloraliving.com\/fr\/wp-json\/wp\/v2\/product"}],"about":[{"href":"https:\/\/alloraliving.com\/fr\/wp-json\/wp\/v2\/types\/product"}],"wp:featuredmedia":[{"embeddable":true,"href":"https:\/\/alloraliving.com\/fr\/wp-json\/wp\/v2\/media\/9655"}],"wp:attachment":[{"href":"https:\/\/alloraliving.com\/fr\/wp-json\/wp\/v2\/media?parent=9607"}],"wp:term":[{"taxonomy":"product_brand","embeddable":true,"href":"https:\/\/alloraliving.com\/fr\/wp-json\/wp\/v2\/product_brand?post=9607"},{"taxonomy":"product_cat","embeddable":true,"href":"https:\/\/alloraliving.com\/fr\/wp-json\/wp\/v2\/product_cat?post=9607"},{"taxonomy":"product_tag","embeddable":true,"href":"https:\/\/alloraliving.com\/fr\/wp-json\/wp\/v2\/product_tag?post=9607"}],"curies":[{"name":"wp","href":"https:\/\/api.w.org\/{rel}","templated":true}]}}