{"id":9910,"date":"2025-06-18T12:18:23","date_gmt":"2025-06-18T10:18:23","guid":{"rendered":"https:\/\/alloraliving.com\/?post_type=product&#038;p=9910"},"modified":"2025-06-23T12:10:59","modified_gmt":"2025-06-23T10:10:59","slug":"lit-continental-soffio","status":"publish","type":"product","link":"https:\/\/alloraliving.com\/fr\/lit-continental-soffio\/","title":{"rendered":"Lit continental SOFFIO"},"content":{"rendered":"","protected":false},"excerpt":{"rendered":"<p>Ce lit continental haut avec t\u00eate de lit rembourr\u00e9e offre un confort de sommeil luxueux, inspir\u00e9 des int\u00e9rieurs d&rsquo;h\u00f4tel. Le mod\u00e8le SOFFIO, disponible en largeurs 140, 160 et 180 cm, est recouvert d&rsquo;un tissu velours soigneusement s\u00e9lectionn\u00e9, ce qui lui conf\u00e8re une \u00e9l\u00e9gance subtile. La t\u00eate de lit minimaliste avec une seule couture verticale souligne le caract\u00e8re moderne du design, apportant harmonie et l\u00e9g\u00e8ret\u00e9 \u00e0 l&rsquo;int\u00e9rieur. Les compartiments de rangement int\u00e9gr\u00e9s pour la literie sont une fonctionnalit\u00e9 suppl\u00e9mentaire qui permet de maintenir l&rsquo;ordre sans renoncer au style.<\/p>\n<p>Le nom SOFFIO, d\u00e9riv\u00e9 de l&rsquo;italien, signifie \u00ab souffle \u00bb &#8211; l\u00e9g\u00e8ret\u00e9, d\u00e9licatesse, pr\u00e9sence subtile. Ce lit refl\u00e8te parfaitement cette id\u00e9e, alliant simplicit\u00e9 des formes et confort exceptionnel. Con\u00e7u pour les amateurs de design moderne et de proportions parfaites, il s&rsquo;int\u00e8gre harmonieusement dans un espace o\u00f9 le minimalisme rencontre le luxe.<\/p>\n","protected":false},"featured_media":9961,"template":"","meta":[],"product_brand":[],"product_cat":[986],"product_tag":[],"class_list":{"0":"post-9910","1":"product","2":"type-product","3":"status-publish","4":"has-post-thumbnail","6":"product_cat-lits-continentaux","7":"product_shipping_class-livraison-gratuite","9":"first","10":"instock","11":"taxable","12":"shipping-taxable","13":"purchasable","14":"product-type-variable","15":"has-default-attributes","16":"wvs-archive-product-wrapper"},"yoast_head":"<!-- This site is optimized with the Yoast SEO Premium plugin v26.8 (Yoast SEO v26.8) - https:\/\/yoast.com\/product\/yoast-seo-premium-wordpress\/ -->\n<title>Lit continental SOFFIO - AlloraLiving.com<\/title>\n<meta name=\"robots\" content=\"index, follow, max-snippet:-1, max-image-preview:large, max-video-preview:-1\" \/>\n<link rel=\"canonical\" href=\"https:\/\/alloraliving.com\/fr\/lit-continental-soffio\/\" \/>\n<meta property=\"og:locale\" content=\"fr_FR\" \/>\n<meta property=\"og:type\" content=\"article\" \/>\n<meta property=\"og:title\" content=\"Lit continental SOFFIO\" \/>\n<meta property=\"og:description\" content=\"Ce lit continental haut avec t\u00eate de lit rembourr\u00e9e offre un confort de sommeil luxueux, inspir\u00e9 des int\u00e9rieurs d&#039;h\u00f4tel. Le mod\u00e8le SOFFIO, disponible en largeurs 140, 160 et 180 cm, est recouvert d&#039;un tissu velours soigneusement s\u00e9lectionn\u00e9, ce qui lui conf\u00e8re une \u00e9l\u00e9gance subtile. La t\u00eate de lit minimaliste avec une seule couture verticale souligne le caract\u00e8re moderne du design, apportant harmonie et l\u00e9g\u00e8ret\u00e9 \u00e0 l&#039;int\u00e9rieur. Les compartiments de rangement int\u00e9gr\u00e9s pour la literie sont une fonctionnalit\u00e9 suppl\u00e9mentaire qui permet de maintenir l&#039;ordre sans renoncer au style.  Le nom SOFFIO, d\u00e9riv\u00e9 de l&#039;italien, signifie \u00ab souffle \u00bb - l\u00e9g\u00e8ret\u00e9, d\u00e9licatesse, pr\u00e9sence subtile. Ce lit refl\u00e8te parfaitement cette id\u00e9e, alliant simplicit\u00e9 des formes et confort exceptionnel. Con\u00e7u pour les amateurs de design moderne et de proportions parfaites, il s&#039;int\u00e8gre harmonieusement dans un espace o\u00f9 le minimalisme rencontre le luxe.\" \/>\n<meta property=\"og:url\" content=\"https:\/\/alloraliving.com\/fr\/lit-continental-soffio\/\" \/>\n<meta property=\"og:site_name\" content=\"AlloraLiving.com\" \/>\n<meta property=\"article:modified_time\" content=\"2025-06-23T10:10:59+00:00\" \/>\n<meta property=\"og:image\" content=\"https:\/\/alloraliving.com\/wp-content\/uploads\/1-lozko-kontynentalne-soffio-140x200-sand-cream.jpg\" \/>\n\t<meta property=\"og:image:width\" content=\"1600\" \/>\n\t<meta property=\"og:image:height\" content=\"1200\" \/>\n\t<meta property=\"og:image:type\" content=\"image\/jpeg\" \/>\n<meta name=\"twitter:card\" content=\"summary_large_image\" \/>\n<meta name=\"twitter:label1\" content=\"Disponibilit\u00e9\" \/>\n\t<meta name=\"twitter:data1\" content=\"En stock\" \/>\n<script type=\"application\/ld+json\" class=\"yoast-schema-graph\">{\"@context\":\"https:\/\/schema.org\",\"@graph\":[{\"@type\":[\"WebPage\",\"ItemPage\"],\"@id\":\"https:\/\/alloraliving.com\/fr\/lit-continental-soffio\/\",\"url\":\"https:\/\/alloraliving.com\/fr\/lit-continental-soffio\/\",\"name\":\"Lit continental SOFFIO - AlloraLiving.com\",\"isPartOf\":{\"@id\":\"https:\/\/alloraliving.com\/fr\/#website\"},\"primaryImageOfPage\":{\"@id\":\"https:\/\/alloraliving.com\/fr\/lit-continental-soffio\/#primaryimage\"},\"image\":{\"@id\":\"https:\/\/alloraliving.com\/fr\/lit-continental-soffio\/#primaryimage\"},\"thumbnailUrl\":\"https:\/\/alloraliving.com\/wp-content\/uploads\/1-lozko-kontynentalne-soffio-140x200-sand-cream.jpg\",\"datePublished\":\"2025-06-18T10:18:23+00:00\",\"dateModified\":\"2025-06-23T10:10:59+00:00\",\"breadcrumb\":{\"@id\":\"https:\/\/alloraliving.com\/fr\/lit-continental-soffio\/#breadcrumb\"},\"inLanguage\":\"fr-FR\",\"potentialAction\":[{\"@type\":\"ReadAction\",\"target\":[\"https:\/\/alloraliving.com\/fr\/lit-continental-soffio\/\"]}]},{\"@type\":\"ImageObject\",\"inLanguage\":\"fr-FR\",\"@id\":\"https:\/\/alloraliving.com\/fr\/lit-continental-soffio\/#primaryimage\",\"url\":\"https:\/\/alloraliving.com\/wp-content\/uploads\/1-lozko-kontynentalne-soffio-140x200-sand-cream.jpg\",\"contentUrl\":\"https:\/\/alloraliving.com\/wp-content\/uploads\/1-lozko-kontynentalne-soffio-140x200-sand-cream.jpg\",\"width\":1600,\"height\":1200,\"caption\":\"\u0141\u00f3\u017cko kontynentalne soffio\"},{\"@type\":\"BreadcrumbList\",\"@id\":\"https:\/\/alloraliving.com\/fr\/lit-continental-soffio\/#breadcrumb\",\"itemListElement\":[{\"@type\":\"ListItem\",\"position\":1,\"name\":\"Strona g\u0142\u00f3wna\",\"item\":\"https:\/\/alloraliving.com\/fr\/\"},{\"@type\":\"ListItem\",\"position\":2,\"name\":\"Boutique\",\"item\":\"https:\/\/alloraliving.com\/fr\/?page_id=6496\"},{\"@type\":\"ListItem\",\"position\":3,\"name\":\"Lit continental SOFFIO\"}]},{\"@type\":\"WebSite\",\"@id\":\"https:\/\/alloraliving.com\/fr\/#website\",\"url\":\"https:\/\/alloraliving.com\/fr\/\",\"name\":\"AlloraLiving.com\",\"description\":\"\",\"potentialAction\":[{\"@type\":\"SearchAction\",\"target\":{\"@type\":\"EntryPoint\",\"urlTemplate\":\"https:\/\/alloraliving.com\/fr\/?s={search_term_string}\"},\"query-input\":{\"@type\":\"PropertyValueSpecification\",\"valueRequired\":true,\"valueName\":\"search_term_string\"}}],\"inLanguage\":\"fr-FR\"}]}<\/script>\n<meta property=\"og:availability\" content=\"instock\" \/>\n<meta property=\"product:availability\" content=\"instock\" \/>\n<meta property=\"product:condition\" content=\"new\" \/>\n<!-- \/ Yoast SEO Premium plugin. -->","yoast_head_json":{"title":"Lit continental SOFFIO - AlloraLiving.com","robots":{"index":"index","follow":"follow","max-snippet":"max-snippet:-1","max-image-preview":"max-image-preview:large","max-video-preview":"max-video-preview:-1"},"canonical":"https:\/\/alloraliving.com\/fr\/lit-continental-soffio\/","og_locale":"fr_FR","og_type":"article","og_title":"Lit continental SOFFIO","og_description":"Ce lit continental haut avec t\u00eate de lit rembourr\u00e9e offre un confort de sommeil luxueux, inspir\u00e9 des int\u00e9rieurs d'h\u00f4tel. Le mod\u00e8le SOFFIO, disponible en largeurs 140, 160 et 180 cm, est recouvert d'un tissu velours soigneusement s\u00e9lectionn\u00e9, ce qui lui conf\u00e8re une \u00e9l\u00e9gance subtile. La t\u00eate de lit minimaliste avec une seule couture verticale souligne le caract\u00e8re moderne du design, apportant harmonie et l\u00e9g\u00e8ret\u00e9 \u00e0 l'int\u00e9rieur. Les compartiments de rangement int\u00e9gr\u00e9s pour la literie sont une fonctionnalit\u00e9 suppl\u00e9mentaire qui permet de maintenir l'ordre sans renoncer au style.  Le nom SOFFIO, d\u00e9riv\u00e9 de l'italien, signifie \u00ab souffle \u00bb - l\u00e9g\u00e8ret\u00e9, d\u00e9licatesse, pr\u00e9sence subtile. Ce lit refl\u00e8te parfaitement cette id\u00e9e, alliant simplicit\u00e9 des formes et confort exceptionnel. Con\u00e7u pour les amateurs de design moderne et de proportions parfaites, il s'int\u00e8gre harmonieusement dans un espace o\u00f9 le minimalisme rencontre le luxe.","og_url":"https:\/\/alloraliving.com\/fr\/lit-continental-soffio\/","og_site_name":"AlloraLiving.com","article_modified_time":"2025-06-23T10:10:59+00:00","og_image":[{"width":1600,"height":1200,"url":"https:\/\/alloraliving.com\/wp-content\/uploads\/1-lozko-kontynentalne-soffio-140x200-sand-cream.jpg","type":"image\/jpeg"}],"twitter_card":"summary_large_image","twitter_misc":{"Disponibilit\u00e9":"En stock"},"schema":{"@context":"https:\/\/schema.org","@graph":[{"@type":["WebPage","ItemPage"],"@id":"https:\/\/alloraliving.com\/fr\/lit-continental-soffio\/","url":"https:\/\/alloraliving.com\/fr\/lit-continental-soffio\/","name":"Lit continental SOFFIO - AlloraLiving.com","isPartOf":{"@id":"https:\/\/alloraliving.com\/fr\/#website"},"primaryImageOfPage":{"@id":"https:\/\/alloraliving.com\/fr\/lit-continental-soffio\/#primaryimage"},"image":{"@id":"https:\/\/alloraliving.com\/fr\/lit-continental-soffio\/#primaryimage"},"thumbnailUrl":"https:\/\/alloraliving.com\/wp-content\/uploads\/1-lozko-kontynentalne-soffio-140x200-sand-cream.jpg","datePublished":"2025-06-18T10:18:23+00:00","dateModified":"2025-06-23T10:10:59+00:00","breadcrumb":{"@id":"https:\/\/alloraliving.com\/fr\/lit-continental-soffio\/#breadcrumb"},"inLanguage":"fr-FR","potentialAction":[{"@type":"ReadAction","target":["https:\/\/alloraliving.com\/fr\/lit-continental-soffio\/"]}]},{"@type":"ImageObject","inLanguage":"fr-FR","@id":"https:\/\/alloraliving.com\/fr\/lit-continental-soffio\/#primaryimage","url":"https:\/\/alloraliving.com\/wp-content\/uploads\/1-lozko-kontynentalne-soffio-140x200-sand-cream.jpg","contentUrl":"https:\/\/alloraliving.com\/wp-content\/uploads\/1-lozko-kontynentalne-soffio-140x200-sand-cream.jpg","width":1600,"height":1200,"caption":"\u0141\u00f3\u017cko kontynentalne soffio"},{"@type":"BreadcrumbList","@id":"https:\/\/alloraliving.com\/fr\/lit-continental-soffio\/#breadcrumb","itemListElement":[{"@type":"ListItem","position":1,"name":"Strona g\u0142\u00f3wna","item":"https:\/\/alloraliving.com\/fr\/"},{"@type":"ListItem","position":2,"name":"Boutique","item":"https:\/\/alloraliving.com\/fr\/?page_id=6496"},{"@type":"ListItem","position":3,"name":"Lit continental SOFFIO"}]},{"@type":"WebSite","@id":"https:\/\/alloraliving.com\/fr\/#website","url":"https:\/\/alloraliving.com\/fr\/","name":"AlloraLiving.com","description":"","potentialAction":[{"@type":"SearchAction","target":{"@type":"EntryPoint","urlTemplate":"https:\/\/alloraliving.com\/fr\/?s={search_term_string}"},"query-input":{"@type":"PropertyValueSpecification","valueRequired":true,"valueName":"search_term_string"}}],"inLanguage":"fr-FR"}]},"og_availability":"instock","product_availability":"instock","product_condition":"new"},"_links":{"self":[{"href":"https:\/\/alloraliving.com\/fr\/wp-json\/wp\/v2\/product\/9910","targetHints":{"allow":["GET"]}}],"collection":[{"href":"https:\/\/alloraliving.com\/fr\/wp-json\/wp\/v2\/product"}],"about":[{"href":"https:\/\/alloraliving.com\/fr\/wp-json\/wp\/v2\/types\/product"}],"wp:featuredmedia":[{"embeddable":true,"href":"https:\/\/alloraliving.com\/fr\/wp-json\/wp\/v2\/media\/9961"}],"wp:attachment":[{"href":"https:\/\/alloraliving.com\/fr\/wp-json\/wp\/v2\/media?parent=9910"}],"wp:term":[{"taxonomy":"product_brand","embeddable":true,"href":"https:\/\/alloraliving.com\/fr\/wp-json\/wp\/v2\/product_brand?post=9910"},{"taxonomy":"product_cat","embeddable":true,"href":"https:\/\/alloraliving.com\/fr\/wp-json\/wp\/v2\/product_cat?post=9910"},{"taxonomy":"product_tag","embeddable":true,"href":"https:\/\/alloraliving.com\/fr\/wp-json\/wp\/v2\/product_tag?post=9910"}],"curies":[{"name":"wp","href":"https:\/\/api.w.org\/{rel}","templated":true}]}}